{"id":53279,"date":"2026-04-20T17:07:09","date_gmt":"2026-04-20T15:07:09","guid":{"rendered":"https:\/\/fernox.com\/cz\/product\/power-cleaner-f8-10l\/"},"modified":"2026-04-20T17:07:10","modified_gmt":"2026-04-20T15:07:10","slug":"power-cleaner-f8-10l","status":"publish","type":"product","link":"https:\/\/fernox.com\/cz\/product\/power-cleaner-f8-10l\/","title":{"rendered":"Power Cleaner F8 10L"},"content":{"rendered":"<p>Fernox Power Cleaner F8 10 l je vysoce \u00fa\u010dinn\u00fd, rychle p\u016fsob\u00edc\u00ed \u010distic\u00ed prost\u0159edek ur\u010den\u00fd pro pou\u017eit\u00ed ve velk\u00fdch a siln\u011b zne\u010di\u0161t\u011bn\u00fdch komer\u010dn\u00edch a lehce komer\u010dn\u00edch topn\u00fdch syst\u00e9mech. Jeho citr\u00e1tov\u00e9 slo\u017een\u00ed s neutr\u00e1ln\u00edm pH \u00fa\u010dinn\u011b odstra\u0148uje kal, ne\u010distoty a vodn\u00ed k\u00e1men bez nutnosti neutralizace. Produkt pom\u00e1h\u00e1 prodlou\u017eit \u017eivotnost syst\u00e9mu a obnovit \u00fa\u010dinnost vyt\u00e1p\u011bn\u00ed v souladu s normou BS 7593:2019 a osv\u011bd\u010den\u00fdmi postupy v oboru.<\/p>\n<p>Jedna 10l n\u00e1doba Power Cleaner F8 o\u0161et\u0159\u00ed a\u017e p\u0159ibli\u017en\u011b 2000 litr\u016f vody v syst\u00e9mu. Power Cleaner F8 je kompatibiln\u00ed se v\u0161emi kovy a materi\u00e1ly b\u011b\u017en\u011b pou\u017e\u00edvan\u00fdmi v topn\u00fdch syst\u00e9mech, v\u010detn\u011b hlin\u00edku.<\/p>\n<ul>\n<li>\u010cistic\u00ed prost\u0159edek na b\u00e1zi citr\u00e1tu pro pou\u017eit\u00ed v siln\u011b zne\u010di\u0161t\u011bn\u00fdch syst\u00e9mech v souladu s normou BS 7593:2019\n<\/li>\n<li>Jednoduch\u00e1 aplikace, p\u0159id\u00e1vejte p\u0159es d\u00e1vkovac\u00ed n\u00e1dobu syst\u00e9mu\n<\/li>\n<li>Rychle p\u016fsob\u00ed; urychluje v\u0161echny \u010distic\u00ed procesy, v\u010detn\u011b siln\u00e9ho proplachov\u00e1n\u00ed, ru\u010dn\u00edho a magnetick\u00e9ho proplachov\u00e1n\u00ed\n<\/li>\n<li>Odstra\u0148uje kal, vodn\u00ed k\u00e1men a zbytky koroze\n<\/li>\n<li>Nekysel\u00fd (pH neutr\u00e1ln\u00ed), netoxick\u00fd a nep\u011bn\u00edc\u00ed\n<\/li>\n<li>Kompatibiln\u00ed se v\u0161emi kovy a materi\u00e1ly b\u011b\u017en\u011b pou\u017e\u00edvan\u00fdmi v topn\u00fdch syst\u00e9mech, v\u010detn\u011b hlin\u00edku<br \/>\n<\/li>\n<\/ul>\n","protected":false},"excerpt":{"rendered":"<p>Fernox Power Cleaner F8 10 l je vysoce \u00fa\u010dinn\u00fd, rychle p\u016fsob\u00edc\u00ed \u010distic\u00ed prost\u0159edek ur\u010den\u00fd pro pou\u017eit\u00ed ve velk\u00fdch a siln\u011b zne\u010di\u0161t\u011bn\u00fdch komer\u010dn\u00edch a lehce komer\u010dn\u00edch topn\u00fdch syst\u00e9mech. Jeho citr\u00e1tov\u00e9 slo\u017een\u00ed s neutr\u00e1ln\u00edm pH \u00fa\u010dinn\u011b odstra\u0148uje kal, ne\u010distoty a vodn\u00ed k\u00e1men bez nutnosti neutralizace. Produkt pom\u00e1h\u00e1 prodlou\u017eit \u017eivotnost syst\u00e9mu a obnovit \u00fa\u010dinnost vyt\u00e1p\u011bn\u00ed v souladu s [&hellip;]<\/p>\n","protected":false},"featured_media":54340,"template":"","meta":{"_acf_changed":false},"product_brand":[],"product_cat":[18,163],"product_tag":[],"class_list":{"0":"post-53279","1":"product","2":"type-product","3":"status-publish","4":"has-post-thumbnail","6":"product_cat-cleaners","7":"product_cat-commercial-rangechemistry","9":"first","10":"instock","11":"purchasable","12":"product-type-simple"},"acf":[],"_links":{"self":[{"href":"https:\/\/fernox.com\/cz\/wp-json\/wp\/v2\/product\/53279","targetHints":{"allow":["GET"]}}],"collection":[{"href":"https:\/\/fernox.com\/cz\/wp-json\/wp\/v2\/product"}],"about":[{"href":"https:\/\/fernox.com\/cz\/wp-json\/wp\/v2\/types\/product"}],"wp:featuredmedia":[{"embeddable":true,"href":"https:\/\/fernox.com\/cz\/wp-json\/wp\/v2\/media\/54340"}],"wp:attachment":[{"href":"https:\/\/fernox.com\/cz\/wp-json\/wp\/v2\/media?parent=53279"}],"wp:term":[{"taxonomy":"product_brand","embeddable":true,"href":"https:\/\/fernox.com\/cz\/wp-json\/wp\/v2\/product_brand?post=53279"},{"taxonomy":"product_cat","embeddable":true,"href":"https:\/\/fernox.com\/cz\/wp-json\/wp\/v2\/product_cat?post=53279"},{"taxonomy":"product_tag","embeddable":true,"href":"https:\/\/fernox.com\/cz\/wp-json\/wp\/v2\/product_tag?post=53279"}],"curies":[{"name":"wp","href":"https:\/\/api.w.org\/{rel}","templated":true}]}}