{"id":53277,"date":"2026-04-20T17:07:04","date_gmt":"2026-04-20T15:07:04","guid":{"rendered":"https:\/\/fernox.com\/cz\/product\/express-inhibitor-test\/"},"modified":"2026-04-20T17:07:07","modified_gmt":"2026-04-20T15:07:07","slug":"express-inhibitor-test","status":"publish","type":"product","link":"https:\/\/fernox.com\/cz\/product\/express-inhibitor-test\/","title":{"rendered":"Express Inhibitor Test"},"content":{"rendered":"<p>Rychl\u00fd test inhibitor\u016f Express Inhibitor Test zaji\u0161\u0165uje rychlou anal\u00fdzu koncentrac\u00ed v\u0161ech Fernox Protektor\u016f a dal\u0161\u00edch inhibitor\u016f na b\u00e1zi molybdenanu ve vod\u011b syst\u00e9mu \u00fast\u0159edn\u00edho topen\u00ed na m\u00edst\u011b. Snadn\u00e9 a intuitivn\u00ed pou\u017eit\u00ed, jedn\u00e1 se o rychlou a jednoduchou testovac\u00ed metodu pro zji\u0161t\u011bn\u00ed p\u0159\u00edtomnosti inhibitoru v syst\u00e9mu. Testov\u00e1n\u00ed koncentrace inhibitoru umo\u017e\u0148uje soulad s m\u00edstn\u00edmi p\u0159edpisy a osv\u011bd\u010den\u00fdmi postupy a m\u016f\u017ee b\u00fdt vy\u017eadov\u00e1no k dodr\u017een\u00ed z\u00e1ruk kotle.<\/p>\n<p>Spln\u011bn\u00ed nebo nespln\u011bn\u00ed je potvrzeno na z\u00e1klad\u011b barvy testovac\u00edch prou\u017ek\u016f ve srovn\u00e1n\u00ed s barevnou stupnic\u00ed na lahvi\u010dce. V p\u0159\u00edpad\u011b ne\u00fasp\u011b\u0161n\u00e9ho v\u00fdsledku prove\u010fte n\u00e1pravn\u00e1 opat\u0159en\u00ed jednoduch\u00fdm p\u0159id\u00e1n\u00edm dal\u0161\u00edho inhibitoru a opakujte test, abyste potvrdili \u00fasp\u011b\u0161n\u00fd v\u00fdsledek.<\/p>\n<ul>\n<li>Rychl\u00e9 a jednoduch\u00e9 testov\u00e1n\u00ed koncentrace inhibitor\u016f<br \/>\nna m\u00edst\u011b\n<\/li>\n<li>Jeden testovac\u00ed prou\u017eek na syst\u00e9m. Ka\u017ed\u00e1 lahvi\u010dka obsahuje 50 testovac\u00edch prou\u017ek\u016f.\n<\/li>\n<li>Vhodn\u00e9 pro testov\u00e1n\u00ed v\u0161ech inhibitor\u016f na b\u00e1zi molybdenanu\n<\/li>\n<li>Snadn\u00e9 dodr\u017eov\u00e1n\u00ed m\u00edstn\u00edch p\u0159edpis\u016f a osv\u011bd\u010den\u00fdch postup\u016f.<br \/>\nPro plnou ochranu syst\u00e9mu lze okam\u017eit\u011b prov\u00e9st n\u00e1pravn\u00e1 opat\u0159en\u00ed\n<\/li>\n<li>Umo\u017e\u0148uje shodu se z\u00e1rukami na kotle\n<p><\/li>\n<\/ul>\n","protected":false},"excerpt":{"rendered":"<p>Rychl\u00fd test inhibitor\u016f Express Inhibitor Test zaji\u0161\u0165uje rychlou anal\u00fdzu koncentrac\u00ed v\u0161ech Fernox Protektor\u016f a dal\u0161\u00edch inhibitor\u016f na b\u00e1zi molybdenanu ve vod\u011b syst\u00e9mu \u00fast\u0159edn\u00edho topen\u00ed na m\u00edst\u011b. Snadn\u00e9 a intuitivn\u00ed pou\u017eit\u00ed, jedn\u00e1 se o rychlou a jednoduchou testovac\u00ed metodu pro zji\u0161t\u011bn\u00ed p\u0159\u00edtomnosti inhibitoru v syst\u00e9mu. Testov\u00e1n\u00ed koncentrace inhibitoru umo\u017e\u0148uje soulad s m\u00edstn\u00edmi p\u0159edpisy a osv\u011bd\u010den\u00fdmi postupy [&hellip;]<\/p>\n","protected":false},"featured_media":54339,"template":"","meta":{"_acf_changed":false},"product_brand":[],"product_cat":[22],"product_tag":[],"class_list":{"0":"post-53277","1":"product","2":"type-product","3":"status-publish","4":"has-post-thumbnail","6":"product_cat-test-kits","8":"first","9":"instock","10":"purchasable","11":"product-type-simple"},"acf":[],"_links":{"self":[{"href":"https:\/\/fernox.com\/cz\/wp-json\/wp\/v2\/product\/53277","targetHints":{"allow":["GET"]}}],"collection":[{"href":"https:\/\/fernox.com\/cz\/wp-json\/wp\/v2\/product"}],"about":[{"href":"https:\/\/fernox.com\/cz\/wp-json\/wp\/v2\/types\/product"}],"wp:featuredmedia":[{"embeddable":true,"href":"https:\/\/fernox.com\/cz\/wp-json\/wp\/v2\/media\/54339"}],"wp:attachment":[{"href":"https:\/\/fernox.com\/cz\/wp-json\/wp\/v2\/media?parent=53277"}],"wp:term":[{"taxonomy":"product_brand","embeddable":true,"href":"https:\/\/fernox.com\/cz\/wp-json\/wp\/v2\/product_brand?post=53277"},{"taxonomy":"product_cat","embeddable":true,"href":"https:\/\/fernox.com\/cz\/wp-json\/wp\/v2\/product_cat?post=53277"},{"taxonomy":"product_tag","embeddable":true,"href":"https:\/\/fernox.com\/cz\/wp-json\/wp\/v2\/product_tag?post=53277"}],"curies":[{"name":"wp","href":"https:\/\/api.w.org\/{rel}","templated":true}]}}