{"id":53275,"date":"2026-04-20T17:07:04","date_gmt":"2026-04-20T15:07:04","guid":{"rendered":"https:\/\/fernox.com\/cz\/product\/refractometer\/"},"modified":"2026-04-20T17:07:06","modified_gmt":"2026-04-20T15:07:06","slug":"refractometer","status":"publish","type":"product","link":"https:\/\/fernox.com\/cz\/product\/refractometer\/","title":{"rendered":"Refractometer"},"content":{"rendered":"<p>Tento snadno pou\u017eiteln\u00fd p\u0159\u00edstroj testuj\u00edc\u00ed mno\u017estv\u00ed nemrznouc\u00ed kapaliny pracuje na b\u00e1zi m\u011b\u0159en\u00ed lomu sv\u011btla pomoc\u00ed nastaviteln\u00e9ho okul\u00e1ru. Lom sv\u011btla ovliv\u0148uje nemrznouc\u00ed kapalina na b\u00e1zi glykolu. Podle lomu sv\u011btla lze stanovit koncentraci nemrznouc\u00edch prost\u0159edk\u016f.<\/p>\n<ul>\n<li>Snadn\u00e9 m\u011b\u0159en\u00ed nemrznouc\u00edch kapalin a teplonosn\u00fdch kapalin na m\u00edst\u011b\n<\/li>\n<li>Nastaviteln\u00fd okul\u00e1r\n<\/li>\n<li>Snadn\u00e9 pou\u017eit\u00ed\n<\/li>\n<li>Kvalitn\u00ed, bez\u00fadr\u017ebov\u00fd p\u0159\u00edstroj\n<p><\/li>\n<\/ul>\n","protected":false},"excerpt":{"rendered":"<p>Tento snadno pou\u017eiteln\u00fd p\u0159\u00edstroj testuj\u00edc\u00ed mno\u017estv\u00ed nemrznouc\u00ed kapaliny pracuje na b\u00e1zi m\u011b\u0159en\u00ed lomu sv\u011btla pomoc\u00ed nastaviteln\u00e9ho okul\u00e1ru. Lom sv\u011btla ovliv\u0148uje nemrznouc\u00ed kapalina na b\u00e1zi glykolu. Podle lomu sv\u011btla lze stanovit koncentraci nemrznouc\u00edch prost\u0159edk\u016f. Snadn\u00e9 m\u011b\u0159en\u00ed nemrznouc\u00edch kapalin a teplonosn\u00fdch kapalin na m\u00edst\u011b Nastaviteln\u00fd okul\u00e1r Snadn\u00e9 pou\u017eit\u00ed Kvalitn\u00ed, bez\u00fadr\u017ebov\u00fd p\u0159\u00edstroj<\/p>\n","protected":false},"featured_media":54338,"template":"","meta":{"_acf_changed":false},"product_brand":[],"product_cat":[22],"product_tag":[],"class_list":{"0":"post-53275","1":"product","2":"type-product","3":"status-publish","4":"has-post-thumbnail","6":"product_cat-test-kits","8":"first","9":"instock","10":"purchasable","11":"product-type-simple"},"acf":[],"_links":{"self":[{"href":"https:\/\/fernox.com\/cz\/wp-json\/wp\/v2\/product\/53275","targetHints":{"allow":["GET"]}}],"collection":[{"href":"https:\/\/fernox.com\/cz\/wp-json\/wp\/v2\/product"}],"about":[{"href":"https:\/\/fernox.com\/cz\/wp-json\/wp\/v2\/types\/product"}],"wp:featuredmedia":[{"embeddable":true,"href":"https:\/\/fernox.com\/cz\/wp-json\/wp\/v2\/media\/54338"}],"wp:attachment":[{"href":"https:\/\/fernox.com\/cz\/wp-json\/wp\/v2\/media?parent=53275"}],"wp:term":[{"taxonomy":"product_brand","embeddable":true,"href":"https:\/\/fernox.com\/cz\/wp-json\/wp\/v2\/product_brand?post=53275"},{"taxonomy":"product_cat","embeddable":true,"href":"https:\/\/fernox.com\/cz\/wp-json\/wp\/v2\/product_cat?post=53275"},{"taxonomy":"product_tag","embeddable":true,"href":"https:\/\/fernox.com\/cz\/wp-json\/wp\/v2\/product_tag?post=53275"}],"curies":[{"name":"wp","href":"https:\/\/api.w.org\/{rel}","templated":true}]}}