{"id":53272,"date":"2026-04-20T17:07:04","date_gmt":"2026-04-20T15:07:04","guid":{"rendered":"https:\/\/fernox.com\/cz\/product\/protector-filter-fluid-f9-265ml\/"},"modified":"2026-04-20T17:07:05","modified_gmt":"2026-04-20T15:07:05","slug":"protector-filter-fluid-f9-265ml","status":"publish","type":"product","link":"https:\/\/fernox.com\/cz\/product\/protector-filter-fluid-f9-265ml\/","title":{"rendered":"Protector+ Filter Fluid F9 265ml"},"content":{"rendered":"<p>Toto balen\u00ed inhibitor\u016f obsahuje aktivn\u00ed disperza\u010dn\u00ed \u010dinidlo, o kter\u00e9m je prok\u00e1z\u00e1no, \u017ee napom\u00e1h\u00e1 bezpe\u010dn\u00e9mu shroma\u017e\u010fov\u00e1n\u00ed ne\u010distot a koroze na filtru. Je ur\u010deno pro pou\u017eit\u00ed s in-line syst\u00e9mov\u00fdmi filtry Fernox TF1 nebo s jin\u00fdmi podobn\u00fdmi filtry. Tento inhibitor zvy\u0161uje v\u00fdkon syst\u00e9mov\u00e9ho filtru a nab\u00edz\u00ed plnou ochranu proti korozi a usazov\u00e1n\u00ed vodn\u00edho kamene. Toto inovativn\u00ed, osv\u011bd\u010den\u00e9 slo\u017een\u00ed prodlu\u017euje \u017eivotnost syst\u00e9mu a udr\u017euje optim\u00e1ln\u00ed \u00fa\u010dinnost p\u0159i zachov\u00e1n\u00ed ekologick\u00e9ho slo\u017een\u00ed. Koncentrace by se m\u011bly kontrolovat v r\u00e1mci ro\u010dn\u00edho \u00fadr\u017ebov\u00e9ho servisu syst\u00e9mu.<\/p>\n<ul>\n<li>Unik\u00e1tn\u00ed balen\u00ed inhibitoru s disperza\u010dn\u00edm \u010dinidlem navr\u017een\u00fdm pro odchyt a p\u0159enos ne\u010distot cirkuluj\u00edc\u00edch v syst\u00e9mu do syst\u00e9mov\u00e9ho filtru pro bezpe\u010dn\u00fd sb\u011br a likvidaci.\n<\/li>\n<li>Pou\u017e\u00edv\u00e1 se ve sm\u00ed\u0161en\u00fdch kovov\u00fdch topn\u00fdch syst\u00e9mech, v\u010detn\u011b hlin\u00edku.\n<\/li>\n<li>Ur\u010deno pro trval\u00e9 ponech\u00e1n\u00ed v syst\u00e9mu. O\u0161et\u0159\u00ed a\u017e 100 litr\u016f vody v syst\u00e9mu (12 radi\u00e1tor\u016f) a ekvivalent 190 m2 podlahov\u00fdch syst\u00e9m\u016f.\n<\/li>\n<li>Zabra\u0148uje tvorb\u011b vodn\u00edho kamene a koroze a prodlu\u017euje \u017eivotnost a \u00fa\u010dinnost syst\u00e9mu\n<\/li>\n<li>Lze pohodln\u011b d\u00e1vkovat pomoc\u00ed libovoln\u00e9ho filtru Fernox TF1\n<\/li>\n<li>Vysoce \u00fa\u010dinn\u00fd p\u0159\u00edpravek \u0161etrn\u00fd k \u017eivotn\u00edmu prost\u0159ed\u00ed. Schv\u00e1leno od NSF CIAS a Belgaqua<br \/>\n<\/li>\n<\/ul>\n","protected":false},"excerpt":{"rendered":"<p>Toto balen\u00ed inhibitor\u016f obsahuje aktivn\u00ed disperza\u010dn\u00ed \u010dinidlo, o kter\u00e9m je prok\u00e1z\u00e1no, \u017ee napom\u00e1h\u00e1 bezpe\u010dn\u00e9mu shroma\u017e\u010fov\u00e1n\u00ed ne\u010distot a koroze na filtru. Je ur\u010deno pro pou\u017eit\u00ed s in-line syst\u00e9mov\u00fdmi filtry Fernox TF1 nebo s jin\u00fdmi podobn\u00fdmi filtry. Tento inhibitor zvy\u0161uje v\u00fdkon syst\u00e9mov\u00e9ho filtru a nab\u00edz\u00ed plnou ochranu proti korozi a usazov\u00e1n\u00ed vodn\u00edho kamene. Toto inovativn\u00ed, osv\u011bd\u010den\u00e9 slo\u017een\u00ed [&hellip;]<\/p>\n","protected":false},"featured_media":54337,"template":"","meta":{"_acf_changed":false},"product_brand":[],"product_cat":[24],"product_tag":[],"class_list":{"0":"post-53272","1":"product","2":"type-product","3":"status-publish","4":"has-post-thumbnail","6":"product_cat-inhibitors-protectors","8":"first","9":"instock","10":"purchasable","11":"product-type-simple"},"acf":[],"_links":{"self":[{"href":"https:\/\/fernox.com\/cz\/wp-json\/wp\/v2\/product\/53272","targetHints":{"allow":["GET"]}}],"collection":[{"href":"https:\/\/fernox.com\/cz\/wp-json\/wp\/v2\/product"}],"about":[{"href":"https:\/\/fernox.com\/cz\/wp-json\/wp\/v2\/types\/product"}],"wp:featuredmedia":[{"embeddable":true,"href":"https:\/\/fernox.com\/cz\/wp-json\/wp\/v2\/media\/54337"}],"wp:attachment":[{"href":"https:\/\/fernox.com\/cz\/wp-json\/wp\/v2\/media?parent=53272"}],"wp:term":[{"taxonomy":"product_brand","embeddable":true,"href":"https:\/\/fernox.com\/cz\/wp-json\/wp\/v2\/product_brand?post=53272"},{"taxonomy":"product_cat","embeddable":true,"href":"https:\/\/fernox.com\/cz\/wp-json\/wp\/v2\/product_cat?post=53272"},{"taxonomy":"product_tag","embeddable":true,"href":"https:\/\/fernox.com\/cz\/wp-json\/wp\/v2\/product_tag?post=53272"}],"curies":[{"name":"wp","href":"https:\/\/api.w.org\/{rel}","templated":true}]}}