{"id":53269,"date":"2026-04-30T05:03:30","date_gmt":"2026-04-30T03:03:30","guid":{"rendered":"https:\/\/fernox.com\/cz\/product\/cleaner-f3-265ml\/"},"modified":"2026-04-30T05:03:36","modified_gmt":"2026-04-30T03:03:36","slug":"cleaner-f3-265ml","status":"publish","type":"product","link":"https:\/\/fernox.com\/cz\/product\/cleaner-f3-265ml\/","title":{"rendered":"Cleaner F3 265ml"},"content":{"rendered":"<p>Fernox Cleaner F3 265 ml je univerz\u00e1ln\u00ed, rychle p\u016fsob\u00edc\u00ed a \u00fa\u010dinn\u00fd pH neutr\u00e1ln\u00ed \u010disti\u010d pro syst\u00e9my \u00fast\u0159edn\u00edho vyt\u00e1p\u011bn\u00ed. Je ur\u010den k odstra\u0148ov\u00e1n\u00ed ne\u010distot, kalu a vodn\u00edho kamene ze st\u00e1vaj\u00edc\u00edch syst\u00e9m\u016f. Obnovuje \u00fa\u010dinnost vyt\u00e1p\u011bn\u00ed a eliminuje hluk kotle. Vhodn\u00fd pro \u010di\u0161t\u011bn\u00ed nov\u00fdch instalac\u00ed p\u0159ed jejich uveden\u00edm do provozu odstran\u011bn\u00edm zbytk\u016f tavidla a jin\u00fdch ne\u010distot, s c\u00edlem prodlou\u017eit \u017eivotnost syst\u00e9mu. <\/p>\n<p>Tento 265ml produkt, kter\u00fd je sou\u010d\u00e1st\u00ed osv\u011bd\u010den\u00e9 \u0159ady Fernox Cleaner, nab\u00edz\u00ed m\u00e9n\u011b obalu a odpadu bez kompromis\u016f v oblasti vysok\u00e9ho v\u00fdkonu, kvality a snadn\u00e9ho pou\u017eit\u00ed. S touto lahv\u00ed praktick\u00e9 velikosti m\u016f\u017eete vy\u010distit pr\u016fm\u011brn\u00fd 100litrov\u00fd syst\u00e9m nebo 12 radi\u00e1tor\u016f, m\u016f\u017eete jej d\u00e1vkovat skrze filtr TF1.<\/p>\n<p> Cleaner F3 lze pou\u017e\u00edt pro v\u0161echny zp\u016fsoby \u010di\u0161t\u011bn\u00ed a pro ru\u010dn\u00ed nebo magnetick\u00e9 proplachy; pro siln\u011b zanesen\u00e9 syst\u00e9my lze Cleaner F3 pou\u017e\u00edt ve spojen\u00ed s proplachovac\u00ed jednotkou.<\/p>\n<p>\u010ci\u0161t\u011bn\u00ed \u00fast\u0159edn\u00edho topen\u00ed pomoc\u00ed Fernox F3 Cleaner a jeho ochrana prost\u0159edkem Fernox F1 Protector m\u016f\u017ee obnovit a udr\u017eovat \u00fa\u010dinnost syst\u00e9mu p\u0159i sou\u010dasn\u00e9m dosahov\u00e1n\u00ed a\u017e 15% \u00faspory plynu p\u0159i vyt\u00e1p\u011bn\u00ed va\u0161eho prostoru.<\/p>\n<ul>\n<li>Odstra\u0148uje kaly, vodn\u00ed k\u00e1men a ne\u010distoty z instalace\n<\/li>\n<li>Vhodn\u00e9 pro pou\u017eit\u00ed v nov\u00fdch i st\u00e1vaj\u00edc\u00edch syst\u00e9mech za \u00fa\u010delem optimalizace jejich \u00fa\u010dinnosti\n<\/li>\n<li>Kompatibiln\u00ed se v\u0161emi kovy a materi\u00e1ly b\u011b\u017en\u011b pou\u017e\u00edvan\u00fdmi v topn\u00fdch syst\u00e9mech v\u010detn\u011b hlin\u00edku\n<\/li>\n<li>Jedna recyklovateln\u00e1 n\u00e1dobka o\u0161et\u0159\u00ed a\u017e 100 litr\u016f vody v syst\u00e9mu (12 radi\u00e1tor\u016f) a ekvivalent 190m2 podlahov\u00fdch syst\u00e9m\u016f. Men\u0161\u00ed objem produktu \u2013 m\u00e9n\u011b odpadu z obal\u016f a ni\u017e\u0161\u00ed dopad na \u017eivotn\u00ed prost\u0159ed\u00ed.\n<\/li>\n<li>Lze pohodln\u011b d\u00e1vkovat pomoc\u00ed libovoln\u00e9ho filtru Fernox TF1\n<\/li>\n<li>pH neutr\u00e1ln\u00ed, bezpe\u010dn\u00e9 slo\u017een\u00ed<br \/>\n<\/li>\n<\/ul>\n","protected":false},"excerpt":{"rendered":"<p>Fernox Cleaner F3 265 ml je univerz\u00e1ln\u00ed, rychle p\u016fsob\u00edc\u00ed a \u00fa\u010dinn\u00fd pH neutr\u00e1ln\u00ed \u010disti\u010d pro syst\u00e9my \u00fast\u0159edn\u00edho vyt\u00e1p\u011bn\u00ed. Je ur\u010den k odstra\u0148ov\u00e1n\u00ed ne\u010distot, kalu a vodn\u00edho kamene ze st\u00e1vaj\u00edc\u00edch syst\u00e9m\u016f. Obnovuje \u00fa\u010dinnost vyt\u00e1p\u011bn\u00ed a eliminuje hluk kotle. Vhodn\u00fd pro \u010di\u0161t\u011bn\u00ed nov\u00fdch instalac\u00ed p\u0159ed jejich uveden\u00edm do provozu odstran\u011bn\u00edm zbytk\u016f tavidla a jin\u00fdch ne\u010distot, s c\u00edlem [&hellip;]<\/p>\n","protected":false},"featured_media":54702,"template":"","meta":{"_acf_changed":false},"product_brand":[],"product_cat":[18],"product_tag":[],"class_list":{"0":"post-53269","1":"product","2":"type-product","3":"status-publish","4":"has-post-thumbnail","6":"product_cat-cleaners","8":"first","9":"instock","10":"purchasable","11":"product-type-simple"},"acf":[],"_links":{"self":[{"href":"https:\/\/fernox.com\/cz\/wp-json\/wp\/v2\/product\/53269","targetHints":{"allow":["GET"]}}],"collection":[{"href":"https:\/\/fernox.com\/cz\/wp-json\/wp\/v2\/product"}],"about":[{"href":"https:\/\/fernox.com\/cz\/wp-json\/wp\/v2\/types\/product"}],"wp:featuredmedia":[{"embeddable":true,"href":"https:\/\/fernox.com\/cz\/wp-json\/wp\/v2\/media\/54702"}],"wp:attachment":[{"href":"https:\/\/fernox.com\/cz\/wp-json\/wp\/v2\/media?parent=53269"}],"wp:term":[{"taxonomy":"product_brand","embeddable":true,"href":"https:\/\/fernox.com\/cz\/wp-json\/wp\/v2\/product_brand?post=53269"},{"taxonomy":"product_cat","embeddable":true,"href":"https:\/\/fernox.com\/cz\/wp-json\/wp\/v2\/product_cat?post=53269"},{"taxonomy":"product_tag","embeddable":true,"href":"https:\/\/fernox.com\/cz\/wp-json\/wp\/v2\/product_tag?post=53269"}],"curies":[{"name":"wp","href":"https:\/\/api.w.org\/{rel}","templated":true}]}}