{"id":53266,"date":"2026-04-20T17:06:54","date_gmt":"2026-04-20T15:06:54","guid":{"rendered":"https:\/\/fernox.com\/cz\/product\/protector-f1-265ml\/"},"modified":"2026-04-20T17:07:00","modified_gmt":"2026-04-20T15:07:00","slug":"protector-f1-265ml","status":"publish","type":"product","link":"https:\/\/fernox.com\/cz\/product\/protector-f1-265ml\/","title":{"rendered":"Protector F1 265ml"},"content":{"rendered":"<p>Fernox Protector F1 265 ml poskytuje dlouhodobou ochranu proti vnit\u0159n\u00ed korozi a tvorb\u011b vodn\u00edho kamene v syst\u00e9mech \u00fast\u0159edn\u00edho vyt\u00e1p\u011bn\u00ed. Tento produkt je vhodn\u00fd pro v\u0161echny typy kotl\u016f, radi\u00e1tor\u016f a potrubn\u00edch syst\u00e9m\u016f a je kompatibiln\u00ed se v\u0161emi kovy a materi\u00e1ly b\u011b\u017en\u011b pou\u017e\u00edvan\u00fdmi v syst\u00e9mech \u00fast\u0159edn\u00edho vyt\u00e1p\u011bn\u00ed, v\u010detn\u011b hlin\u00edku.<\/p>\n<p>Tento 265ml produkt, kter\u00fd je sou\u010d\u00e1st\u00ed osv\u011bd\u010den\u00e9 a d\u016fv\u011bryhodn\u00e9 \u0159ady Protector F1 spole\u010dnosti Fernox, nab\u00edz\u00ed sn\u00ed\u017een\u00e9 mno\u017estv\u00ed obalu a odpadu bez kompromis\u016f v oblasti vysok\u00e9ho v\u00fdkonu, kvality a snadn\u00e9ho pou\u017eit\u00ed. S touto lahv\u00ed praktick\u00e9 velikosti m\u016f\u017eete vy\u010distit pr\u016fm\u011brn\u00fd 100litrov\u00fd syst\u00e9m nebo 12 radi\u00e1tor\u016f, m\u016f\u017eete jej d\u00e1vkovat skrze filtr TF1.<\/p>\n<p>\u00darove\u0148 p\u0159\u00edpravku Protector F1 by m\u011bla b\u00fdt kontrolov\u00e1na ka\u017edoro\u010dn\u011b v r\u00e1mci \u00fadr\u017eby. Koncentraci p\u0159\u00edpravku, kter\u00e1 zaji\u0161\u0165uje plnou ochranu, lze snadno zm\u011b\u0159it na m\u00edst\u011b pomoc\u00ed testovac\u00edch prou\u017ek\u016f Fernox Express Inhibitor Test.<\/p>\n<p>Po p\u011bti letech by m\u011bly b\u00fdt syst\u00e9my bu\u010f znovu d\u00e1vkov\u00e1ny inhibitorem, nebo by m\u011bla b\u00fdt kvalita\/\u010distota vody v syst\u00e9mu zkontrolov\u00e1na laboratorn\u00edm testem, jako je test kvality vody Fernox Water Quality Test.<\/p>\n<p>Pokud chr\u00e1n\u00edte syst\u00e9m \u00fast\u0159edn\u00edho topen\u00ed pomoc\u00ed v\u00fdrobku Fernox Protector F1 po vy\u010di\u0161t\u011bn\u00ed prost\u0159edkem Fernox Cleaner F3, m\u016f\u017eete obnovit a n\u00e1sledn\u011b udr\u017eovat efektivnost syst\u00e9mu s dosa\u017een\u00edm a\u017e 15% \u00faspory plynu p\u0159i ka\u017ed\u00e9m vyt\u00e1p\u011bn\u00ed va\u0161eho prostoru.<\/p>\n<ul>\n<li>Zastavuje korozi a usazov\u00e1n\u00ed vodn\u00edho kamene a prodlu\u017euje \u017eivotnost a \u00fa\u010dinnost syst\u00e9mu\n<\/li>\n<li>Pou\u017eit\u00ed ve sm\u00ed\u0161en\u00fdch kovov\u00fdch topn\u00fdch syst\u00e9mech, v\u010detn\u011b hlin\u00edku\n<\/li>\n<li>\u0160pi\u010dkov\u00fd syst\u00e9m vyrovn\u00e1v\u00e1n\u00ed pH pro optim\u00e1ln\u00ed syst\u00e9movou regulaci pH\n<\/li>\n<li>Br\u00e1n\u00ed tvorb\u011b studen\u00fdm m\u00edst\u016fm, uv\u00edznut\u00ed \u010derpadel a hluku z boiler\u016f\n<\/li>\n<li>O\u0161et\u0159\u00ed a\u017e 100 litr\u016f vody v syst\u00e9mu (12 radi\u00e1tor\u016f) a ekvivalent 190 m2 podlahov\u00fdch syst\u00e9m\u016f. Men\u0161\u00ed objem produktu \u2013 m\u00e9n\u011b odpadu z obal\u016f a ni\u017e\u0161\u00ed dopad na \u017eivotn\u00ed prost\u0159ed\u00ed.\n<\/li>\n<li>Lze pohodln\u011b d\u00e1vkovat pomoc\u00ed libovoln\u00e9ho filtru Fernox TF1<br \/>\n<\/li>\n<\/ul>\n","protected":false},"excerpt":{"rendered":"<p>Fernox Protector F1 265 ml poskytuje dlouhodobou ochranu proti vnit\u0159n\u00ed korozi a tvorb\u011b vodn\u00edho kamene v syst\u00e9mech \u00fast\u0159edn\u00edho vyt\u00e1p\u011bn\u00ed. Tento produkt je vhodn\u00fd pro v\u0161echny typy kotl\u016f, radi\u00e1tor\u016f a potrubn\u00edch syst\u00e9m\u016f a je kompatibiln\u00ed se v\u0161emi kovy a materi\u00e1ly b\u011b\u017en\u011b pou\u017e\u00edvan\u00fdmi v syst\u00e9mech \u00fast\u0159edn\u00edho vyt\u00e1p\u011bn\u00ed, v\u010detn\u011b hlin\u00edku. Tento 265ml produkt, kter\u00fd je sou\u010d\u00e1st\u00ed osv\u011bd\u010den\u00e9 a [&hellip;]<\/p>\n","protected":false},"featured_media":54335,"template":"","meta":{"_acf_changed":false},"product_brand":[],"product_cat":[24],"product_tag":[],"class_list":{"0":"post-53266","1":"product","2":"type-product","3":"status-publish","4":"has-post-thumbnail","6":"product_cat-inhibitors-protectors","8":"first","9":"instock","10":"purchasable","11":"product-type-simple"},"acf":[],"_links":{"self":[{"href":"https:\/\/fernox.com\/cz\/wp-json\/wp\/v2\/product\/53266","targetHints":{"allow":["GET"]}}],"collection":[{"href":"https:\/\/fernox.com\/cz\/wp-json\/wp\/v2\/product"}],"about":[{"href":"https:\/\/fernox.com\/cz\/wp-json\/wp\/v2\/types\/product"}],"wp:featuredmedia":[{"embeddable":true,"href":"https:\/\/fernox.com\/cz\/wp-json\/wp\/v2\/media\/54335"}],"wp:attachment":[{"href":"https:\/\/fernox.com\/cz\/wp-json\/wp\/v2\/media?parent=53266"}],"wp:term":[{"taxonomy":"product_brand","embeddable":true,"href":"https:\/\/fernox.com\/cz\/wp-json\/wp\/v2\/product_brand?post=53266"},{"taxonomy":"product_cat","embeddable":true,"href":"https:\/\/fernox.com\/cz\/wp-json\/wp\/v2\/product_cat?post=53266"},{"taxonomy":"product_tag","embeddable":true,"href":"https:\/\/fernox.com\/cz\/wp-json\/wp\/v2\/product_tag?post=53266"}],"curies":[{"name":"wp","href":"https:\/\/api.w.org\/{rel}","templated":true}]}}