{"id":53251,"date":"2026-04-07T12:33:07","date_gmt":"2026-04-07T10:33:07","guid":{"rendered":"https:\/\/fernox.com\/cz\/product\/tf1-sigma-mini\/"},"modified":"2026-04-07T12:39:30","modified_gmt":"2026-04-07T10:39:30","slug":"tf1-sigma-mini","status":"publish","type":"product","link":"https:\/\/fernox.com\/cz\/product\/tf1-sigma-mini\/","title":{"rendered":"TF1 Sigma Mini"},"content":{"rendered":"<p>TF1 Sigma Mini je kompaktn\u00ed, vysoce v\u00fdkonn\u00fd syst\u00e9mov\u00fd filtr, kter\u00fd vyu\u017e\u00edv\u00e1 siln\u00fd neodymov\u00fd magnet k ochran\u011b va\u0161eho syst\u00e9mu p\u0159ed \u0161kodliv\u00fdmi \u00fa\u010dinky koroze. TF1 Sigma Mini m\u00e1 nejmen\u0161\u00ed rozm\u011bry ze v\u0161ech filtr\u016f na trhu, co\u017e znamen\u00e1, \u017ee jej lze snadno instalovat p\u0159\u00edmo pod kotel nebo do omezen\u00fdch prostor\u016f na vodorovn\u00e9m nebo svisl\u00e9m potrub\u00ed.<\/p>\n<ul>\n<li>Jeden z nejkompaktn\u011bj\u0161\u00edch filtr\u016f na trhu, speci\u00e1ln\u011b navr\u017een\u00fd pro st\u00edsn\u011bn\u00e9 prostory s volnou vzd\u00e1lenost\u00ed pouh\u00fdch 105 mm<\/li>\n<li>Konstruk\u010dn\u00ed proveden\u00ed zachov\u00e1v\u00e1 vysokou \u00fa\u010dinnost sb\u011bru, zaji\u0161\u0165uje minim\u00e1ln\u00ed ztr\u00e1tu tlakov\u00e9 hlavy, a\u00a0z\u00e1rove\u0148 br\u00e1n\u00ed ucp\u00e1n\u00ed filtru.<\/li>\n<li>Bezprobl\u00e9mov\u00fd, rychl\u00fd a snadn\u00fd servis d\u00edky vypou\u0161t\u011bc\u00edmu m\u00edstu filtru, bez nutnosti demont\u00e1\u017ee komponent<\/li>\n<li>Snadn\u00e1 a rychl\u00e1 instalace&nbsp;<\/li>\n<\/ul>\n","protected":false},"excerpt":{"rendered":"<p>TF1 Sigma Mini je kompaktn\u00ed, vysoce v\u00fdkonn\u00fd syst\u00e9mov\u00fd filtr, kter\u00fd vyu\u017e\u00edv\u00e1 siln\u00fd neodymov\u00fd magnet k ochran\u011b va\u0161eho syst\u00e9mu p\u0159ed \u0161kodliv\u00fdmi \u00fa\u010dinky koroze. TF1 Sigma Mini m\u00e1 nejmen\u0161\u00ed rozm\u011bry ze v\u0161ech filtr\u016f na trhu, co\u017e znamen\u00e1, \u017ee jej lze snadno instalovat p\u0159\u00edmo pod kotel nebo do omezen\u00fdch prostor\u016f na vodorovn\u00e9m nebo svisl\u00e9m potrub\u00ed. Jeden z nejkompaktn\u011bj\u0161\u00edch [&hellip;]<\/p>\n","protected":false},"featured_media":53962,"template":"","meta":{"_acf_changed":false},"product_brand":[],"product_cat":[21],"product_tag":[],"class_list":{"0":"post-53251","1":"product","2":"type-product","3":"status-publish","4":"has-post-thumbnail","6":"product_cat-filters","7":"pa_metricka-velikost-pripojeni-3-4","8":"pa_typ-pasovani-bsp","10":"first","11":"instock","12":"featured","13":"purchasable","14":"product-type-variable"},"acf":[],"_links":{"self":[{"href":"https:\/\/fernox.com\/cz\/wp-json\/wp\/v2\/product\/53251","targetHints":{"allow":["GET"]}}],"collection":[{"href":"https:\/\/fernox.com\/cz\/wp-json\/wp\/v2\/product"}],"about":[{"href":"https:\/\/fernox.com\/cz\/wp-json\/wp\/v2\/types\/product"}],"wp:featuredmedia":[{"embeddable":true,"href":"https:\/\/fernox.com\/cz\/wp-json\/wp\/v2\/media\/53962"}],"wp:attachment":[{"href":"https:\/\/fernox.com\/cz\/wp-json\/wp\/v2\/media?parent=53251"}],"wp:term":[{"taxonomy":"product_brand","embeddable":true,"href":"https:\/\/fernox.com\/cz\/wp-json\/wp\/v2\/product_brand?post=53251"},{"taxonomy":"product_cat","embeddable":true,"href":"https:\/\/fernox.com\/cz\/wp-json\/wp\/v2\/product_cat?post=53251"},{"taxonomy":"product_tag","embeddable":true,"href":"https:\/\/fernox.com\/cz\/wp-json\/wp\/v2\/product_tag?post=53251"}],"curies":[{"name":"wp","href":"https:\/\/api.w.org\/{rel}","templated":true}]}}