{"id":53226,"date":"2026-04-07T12:32:39","date_gmt":"2026-04-07T10:32:39","guid":{"rendered":"https:\/\/fernox.com\/cz\/product\/tf1-sigma-hp-filter\/"},"modified":"2026-04-07T12:39:33","modified_gmt":"2026-04-07T10:39:33","slug":"tf1-sigma-hp-filter","status":"publish","type":"product","link":"https:\/\/fernox.com\/cz\/product\/tf1-sigma-hp-filter\/","title":{"rendered":"TF1 Sigma HP Filter"},"content":{"rendered":"<p>TF1 Sigma HP Filter, kter\u00fd je speci\u00e1ln\u011b navr\u017een pro ochranu tepeln\u00fdch \u010derpadel se zdrojem tepla vzduch a zem\u011b, \u00fa\u010dinn\u011b odstra\u0148uje v\u0161echny typy ne\u010distot z topn\u00fdch syst\u00e9m\u016f s obnoviteln\u00fdmi zdroji energie pomoc\u00ed patentovan\u00e9 technologie. Inovativn\u00ed TF1 Sigma HP Filter neomezuje pr\u016ftok ani p\u0159i vysok\u00fdch pr\u016ftoc\u00edch a neucp\u00e1v\u00e1 se, \u010d\u00edm\u017e je zaji\u0161t\u011bno zachov\u00e1n\u00ed COP (v\u00fdkonnostn\u00edho koeficientu) syst\u00e9mu, a t\u00edm se sni\u017euje spot\u0159eba energie a pl\u00fdtv\u00e1n\u00ed palivem. TF1 Sigma HP Filter se jednodu\u0161e a rychle instaluje a standardn\u011b se dod\u00e1v\u00e1 s plnoventilov\u00fdmi ventily, co\u017e p\u0159in\u00e1\u0161\u00ed vy\u0161\u0161\u00ed v\u00fdkon syst\u00e9mu a vy\u0161\u0161\u00ed energetickou \u00fa\u010dinnost.<\/p>\n<ul>\n<li>\u00da\u010dinn\u00fd, vysoce v\u00fdkonn\u00fd filtr, speci\u00e1ln\u011b navr\u017een\u00fd pro syst\u00e9my vzduchov\u00fdch a zemn\u00edch tepeln\u00fdch \u010derpadel.<\/li>\n<li>TF1 Sigma HP Filter vyu\u017e\u00edv\u00e1 jedine\u010dnou filtra\u010dn\u00ed technologii, kter\u00e1 je mimo\u0159\u00e1dn\u011b \u00fa\u010dinn\u00e1 p\u0159i vysok\u00fdch pr\u016ftoc\u00edch a v cel\u00e9 \u0159ad\u011b typ\u016f ne\u010distot a zaji\u0161\u0165uje, \u017ee syst\u00e9m z\u016fstane bez ne\u010distot.<\/li>\n<li>Odoln\u00e1 a robustn\u00ed konstrukce TF1 Sigma HP Filter je vyrobena z vysoce kvalitn\u00edho in\u017een\u00fdrsk\u00e9ho polymeru vyztu\u017een\u00e9ho sklem a standardn\u011b je vybavena mosazn\u00fdmi ventily s pln\u00fdm otvorem.<\/li>\n<li>TF1 Sigma HP Filter se pohodln\u011b \u010dist\u00ed a rychle se servisuje pomoc\u00ed vypou\u0161t\u011bc\u00edho ventilu, nevy\u017eaduje odstaven\u00ed syst\u00e9mu ani demont\u00e1\u017e filtru, co\u017e vede ke zkr\u00e1cen\u00ed \u010dasu str\u00e1ven\u00e9ho na m\u00edst\u011b v r\u00e1mci ka\u017edoro\u010dn\u00ed \u00fadr\u017eby.<\/li>\n<li>Tento uzav\u0159en\u00fd filtr se snadno instaluje a umo\u017e\u0148uje horizont\u00e1ln\u00ed i vertik\u00e1ln\u00ed orientaci.<\/li>\n<li>Nejvy\u0161\u0161\u00ed hodnoty tlakov\u00e9 diference na trhu, kter\u00e9 zaji\u0161\u0165uj\u00ed, \u017ee tepeln\u00e9 \u010derpadlo pracuje s maxim\u00e1ln\u00edm COP.<\/li>\n<\/ul>\n","protected":false},"excerpt":{"rendered":"<p>TF1 Sigma HP Filter, kter\u00fd je speci\u00e1ln\u011b navr\u017een pro ochranu tepeln\u00fdch \u010derpadel se zdrojem tepla vzduch a zem\u011b, \u00fa\u010dinn\u011b odstra\u0148uje v\u0161echny typy ne\u010distot z topn\u00fdch syst\u00e9m\u016f s obnoviteln\u00fdmi zdroji energie pomoc\u00ed patentovan\u00e9 technologie. Inovativn\u00ed TF1 Sigma HP Filter neomezuje pr\u016ftok ani p\u0159i vysok\u00fdch pr\u016ftoc\u00edch a neucp\u00e1v\u00e1 se, \u010d\u00edm\u017e je zaji\u0161t\u011bno zachov\u00e1n\u00ed COP (v\u00fdkonnostn\u00edho koeficientu) syst\u00e9mu, [&hellip;]<\/p>\n","protected":false},"featured_media":53947,"template":"","meta":{"_acf_changed":false},"product_brand":[],"product_cat":[21,87,152],"product_tag":[],"class_list":{"0":"post-53226","1":"product","2":"type-product","3":"status-publish","4":"has-post-thumbnail","6":"product_cat-filters","7":"product_cat-renewable-technologies","8":"product_cat-renewable-technologiesdevices","9":"pa_metricka-velikost-pripojeni-1-1-2","10":"pa_metricka-velikost-pripojeni-1-1-4","11":"pa_metricka-velikost-pripojeni-143","12":"pa_metricka-velikost-pripojeni-28mm","13":"pa_typ-pasovani-with-valves","15":"first","16":"instock","17":"purchasable","18":"product-type-variable"},"acf":[],"_links":{"self":[{"href":"https:\/\/fernox.com\/cz\/wp-json\/wp\/v2\/product\/53226","targetHints":{"allow":["GET"]}}],"collection":[{"href":"https:\/\/fernox.com\/cz\/wp-json\/wp\/v2\/product"}],"about":[{"href":"https:\/\/fernox.com\/cz\/wp-json\/wp\/v2\/types\/product"}],"wp:featuredmedia":[{"embeddable":true,"href":"https:\/\/fernox.com\/cz\/wp-json\/wp\/v2\/media\/53947"}],"wp:attachment":[{"href":"https:\/\/fernox.com\/cz\/wp-json\/wp\/v2\/media?parent=53226"}],"wp:term":[{"taxonomy":"product_brand","embeddable":true,"href":"https:\/\/fernox.com\/cz\/wp-json\/wp\/v2\/product_brand?post=53226"},{"taxonomy":"product_cat","embeddable":true,"href":"https:\/\/fernox.com\/cz\/wp-json\/wp\/v2\/product_cat?post=53226"},{"taxonomy":"product_tag","embeddable":true,"href":"https:\/\/fernox.com\/cz\/wp-json\/wp\/v2\/product_tag?post=53226"}],"curies":[{"name":"wp","href":"https:\/\/api.w.org\/{rel}","templated":true}]}}