{"id":53222,"date":"2026-04-20T17:06:36","date_gmt":"2026-04-20T15:06:36","guid":{"rendered":"https:\/\/fernox.com\/cz\/product\/heat-transfer-fluid-hp-eg-20l\/"},"modified":"2026-04-20T17:06:36","modified_gmt":"2026-04-20T15:06:36","slug":"heat-transfer-fluid-hp-eg-20l","status":"publish","type":"product","link":"https:\/\/fernox.com\/cz\/product\/heat-transfer-fluid-hp-eg-20l\/","title":{"rendered":"Heat Transfer Fluid HP-EG 20L"},"content":{"rendered":"<p>Koncentrovan\u00e1 teplonosn\u00e1 kapalina pro vzduchov\u00e9 a zemn\u00ed tepeln\u00e1 \u010derpadla. Tento vysoce v\u00fdkonn\u00fd produkt je navr\u017een s ohledem na ochranu p\u0159ed koroz\u00ed, vodn\u00edm kamenem a mrazu od -10 do -33\u00a0\u00b0C.<\/p>\n<ul>\n<li>Vysoce v\u00fdkonn\u00e1 teplonosn\u00e1 kapalina zaji\u0161\u0165uj\u00edc\u00ed maxim\u00e1ln\u00ed ochranu proti korozi a vodn\u00edmu kameni, kter\u00e1 prodlu\u017euje \u017eivotnost syst\u00e9mu\n<\/li>\n<li>Vy\u0161\u0161\u00ed \u00fa\u010dinnost a ni\u017e\u0161\u00ed viskozita ne\u017e v p\u0159\u00edpad\u011b propylenglykolov\u00fdch produkt\u016f\n<\/li>\n<li>Ni\u017e\u0161\u00ed viskozita znamen\u00e1 ni\u017e\u0161\u00ed spot\u0159ebu energie na \u010derp\u00e1n\u00ed teplonosn\u00e9 kapaliny v syst\u00e9mu\n<\/li>\n<li>Vynikaj\u00edc\u00ed pufrov\u00e1n\u00ed pH k udr\u017een\u00ed optim\u00e1ln\u00edho pH syst\u00e9mu ze sm\u011bsi kov\u016f\n<\/li>\n<li>N\u00e1kladov\u011b efektivn\u00ed \u0159e\u0161en\u00ed tam, kde je kl\u00ed\u010dov\u00fdm po\u017eadavkem tepeln\u00e1 \u00fa\u010dinnost.\n<\/li>\n<li>Kompatibilita se v\u0161emi kovy a materi\u00e1ly v syst\u00e9mu tepeln\u00e9ho \u010derpadla<br \/>\n<\/li>\n<\/ul>\n","protected":false},"excerpt":{"rendered":"<p>Koncentrovan\u00e1 teplonosn\u00e1 kapalina pro vzduchov\u00e9 a zemn\u00ed tepeln\u00e1 \u010derpadla. Tento vysoce v\u00fdkonn\u00fd produkt je navr\u017een s ohledem na ochranu p\u0159ed koroz\u00ed, vodn\u00edm kamenem a mrazu od -10 do -33\u00a0\u00b0C. Vysoce v\u00fdkonn\u00e1 teplonosn\u00e1 kapalina zaji\u0161\u0165uj\u00edc\u00ed maxim\u00e1ln\u00ed ochranu proti korozi a vodn\u00edmu kameni, kter\u00e1 prodlu\u017euje \u017eivotnost syst\u00e9mu Vy\u0161\u0161\u00ed \u00fa\u010dinnost a ni\u017e\u0161\u00ed viskozita ne\u017e v p\u0159\u00edpad\u011b propylenglykolov\u00fdch produkt\u016f [&hellip;]<\/p>\n","protected":false},"featured_media":54316,"template":"","meta":{"_acf_changed":false},"product_brand":[],"product_cat":[153,87,154],"product_tag":[],"class_list":{"0":"post-53222","1":"product","2":"type-product","3":"status-publish","4":"has-post-thumbnail","6":"product_cat-heat-pumps","7":"product_cat-renewable-technologies","8":"product_cat-renewable-technologieschemistry","10":"first","11":"instock","12":"purchasable","13":"product-type-simple"},"acf":[],"_links":{"self":[{"href":"https:\/\/fernox.com\/cz\/wp-json\/wp\/v2\/product\/53222","targetHints":{"allow":["GET"]}}],"collection":[{"href":"https:\/\/fernox.com\/cz\/wp-json\/wp\/v2\/product"}],"about":[{"href":"https:\/\/fernox.com\/cz\/wp-json\/wp\/v2\/types\/product"}],"wp:featuredmedia":[{"embeddable":true,"href":"https:\/\/fernox.com\/cz\/wp-json\/wp\/v2\/media\/54316"}],"wp:attachment":[{"href":"https:\/\/fernox.com\/cz\/wp-json\/wp\/v2\/media?parent=53222"}],"wp:term":[{"taxonomy":"product_brand","embeddable":true,"href":"https:\/\/fernox.com\/cz\/wp-json\/wp\/v2\/product_brand?post=53222"},{"taxonomy":"product_cat","embeddable":true,"href":"https:\/\/fernox.com\/cz\/wp-json\/wp\/v2\/product_cat?post=53222"},{"taxonomy":"product_tag","embeddable":true,"href":"https:\/\/fernox.com\/cz\/wp-json\/wp\/v2\/product_tag?post=53222"}],"curies":[{"name":"wp","href":"https:\/\/api.w.org\/{rel}","templated":true}]}}