{"id":53214,"date":"2026-04-20T17:06:26","date_gmt":"2026-04-20T15:06:26","guid":{"rendered":"https:\/\/fernox.com\/cz\/product\/tf1-sigma-ub-filter\/"},"modified":"2026-04-20T17:06:38","modified_gmt":"2026-04-20T15:06:38","slug":"tf1-sigma-ub-filter","status":"publish","type":"product","link":"https:\/\/fernox.com\/cz\/product\/tf1-sigma-ub-filter\/","title":{"rendered":"TF1 Sigma UB Filter"},"content":{"rendered":"<p>Kompozitn\u00ed syst\u00e9mov\u00fd filtr pod kotel s mosazn\u00fdm rozd\u011blova\u010dem pro snadnou instalaci v mal\u00fdch, omezen\u00fdch prostor\u00e1ch a v prostor\u00e1ch se skryt\u00fdmi rozvody. Tento vysoce v\u00fdkonn\u00fd filtr lze d\u00edky kompaktn\u00ed a univerz\u00e1ln\u00ed konstrukci instalovat p\u0159\u00edmo pod kotel nebo do omezen\u00fdch prostor. Filtr TF1 Sigma UB d\u00e1v\u00e1 instalat\u00e9rovi maxim\u00e1ln\u00ed flexibilitu a p\u0159in\u00e1\u0161\u00ed vysoce \u00fa\u010dinnou ochranu proti hromad\u011bn\u00ed ne\u010distot v syst\u00e9mu<\/p>\n<ul>\n<li>Vysok\u00fd v\u00fdkon, kompaktn\u00ed proveden\u00ed\n<\/li>\n<li>Ide\u00e1ln\u00ed pro pou\u017eit\u00ed v omezen\u00fdch prostor\u00e1ch\n<\/li>\n<li>Integrovan\u00fd t\u0159\u00edcestn\u00fd ventil s funkc\u00ed izolace a \u010di\u0161t\u011bn\u00ed filtru\n<\/li>\n<li>Odoln\u00e1 a robustn\u00ed konstrukce, vyroben\u00e1 z vysoce kvalitn\u00edho technick\u00e9ho polymeru vyztu\u017een\u00e9ho sklem a nepor\u00e9zn\u00ed kovan\u00e9 mosazi\n<\/li>\n<li>Nijak neblokuje ani neomezuje pr\u016ftok\n<\/li>\n<li>K dost\u00e1n\u00ed s \u00be&#8221; a 1&#8243; vstupn\u00edmi p\u0159\u00edpojkami<br \/>\n<\/li>\n<\/ul>\n","protected":false},"excerpt":{"rendered":"<p>Kompozitn\u00ed syst\u00e9mov\u00fd filtr pod kotel s mosazn\u00fdm rozd\u011blova\u010dem pro snadnou instalaci v mal\u00fdch, omezen\u00fdch prostor\u00e1ch a v prostor\u00e1ch se skryt\u00fdmi rozvody. Tento vysoce v\u00fdkonn\u00fd filtr lze d\u00edky kompaktn\u00ed a univerz\u00e1ln\u00ed konstrukci instalovat p\u0159\u00edmo pod kotel nebo do omezen\u00fdch prostor. Filtr TF1 Sigma UB d\u00e1v\u00e1 instalat\u00e9rovi maxim\u00e1ln\u00ed flexibilitu a p\u0159in\u00e1\u0161\u00ed vysoce \u00fa\u010dinnou ochranu proti hromad\u011bn\u00ed ne\u010distot [&hellip;]<\/p>\n","protected":false},"featured_media":54313,"template":"","meta":{"_acf_changed":false},"product_brand":[],"product_cat":[21],"product_tag":[],"class_list":{"0":"post-53214","1":"product","2":"type-product","3":"status-publish","4":"has-post-thumbnail","6":"product_cat-filters","7":"pa_fit-size-3-4","8":"pa_fit-type-bsp","10":"first","11":"instock","12":"purchasable","13":"product-type-variable"},"acf":[],"_links":{"self":[{"href":"https:\/\/fernox.com\/cz\/wp-json\/wp\/v2\/product\/53214","targetHints":{"allow":["GET"]}}],"collection":[{"href":"https:\/\/fernox.com\/cz\/wp-json\/wp\/v2\/product"}],"about":[{"href":"https:\/\/fernox.com\/cz\/wp-json\/wp\/v2\/types\/product"}],"wp:featuredmedia":[{"embeddable":true,"href":"https:\/\/fernox.com\/cz\/wp-json\/wp\/v2\/media\/54313"}],"wp:attachment":[{"href":"https:\/\/fernox.com\/cz\/wp-json\/wp\/v2\/media?parent=53214"}],"wp:term":[{"taxonomy":"product_brand","embeddable":true,"href":"https:\/\/fernox.com\/cz\/wp-json\/wp\/v2\/product_brand?post=53214"},{"taxonomy":"product_cat","embeddable":true,"href":"https:\/\/fernox.com\/cz\/wp-json\/wp\/v2\/product_cat?post=53214"},{"taxonomy":"product_tag","embeddable":true,"href":"https:\/\/fernox.com\/cz\/wp-json\/wp\/v2\/product_tag?post=53214"}],"curies":[{"name":"wp","href":"https:\/\/api.w.org\/{rel}","templated":true}]}}