{"id":53190,"date":"2026-04-23T05:01:57","date_gmt":"2026-04-23T03:01:57","guid":{"rendered":"https:\/\/fernox.com\/cz\/product\/tf1-sigma-filter\/"},"modified":"2026-04-23T05:02:49","modified_gmt":"2026-04-23T03:02:49","slug":"tf1-sigma-filter","status":"publish","type":"product","link":"https:\/\/fernox.com\/cz\/product\/tf1-sigma-filter\/","title":{"rendered":"TF1 Sigma Filter"},"content":{"rendered":"<p>Vysoce v\u00fdkonn\u00fd, precizn\u011b zkonstruovan\u00fd \u0159adov\u00fd syst\u00e9mov\u00fd filtr TF1 Sigma vyu\u017e\u00edv\u00e1 ut\u011bsn\u011bnou konstrukci bez v\u00edka pro vy\u0161\u0161\u00ed spolehlivost a pevnost. Ide\u00e1ln\u00ed pro pou\u017eit\u00ed v omezen\u00fdch prostorech d\u00edky mo\u017enosti um\u00edst\u011bn\u00ed v r\u016fzn\u00fdch orientac\u00edch a\u017e do 45\u2070.<br \/>\nSnadno instalovateln\u00fd kompozitn\u00ed plastov\u00fd filtr se vejde na vertik\u00e1ln\u00ed i horizont\u00e1ln\u00ed potrub\u00ed a funguje tak, \u017ee hydronick\u00e1 separace \u010d\u00e1stic (HPS) sm\u011b\u0159uje ne\u010distoty do v\u00fdkonn\u00e9 sestavy magnet\u016f pro bezpe\u010dn\u00e9 odstran\u011bn\u00ed.<\/p>\n<ul>\n<li>Tlakov\u011b testovan\u00e1, inovativn\u00ed ut\u011bsn\u011bn\u00e1 konstrukce jednotky, kter\u00e1 maximalizuje spolehlivost a podporuje rychl\u00e9 a snadn\u00e9 \u010di\u0161t\u011bn\u00ed pomoc\u00ed vypou\u0161t\u011bc\u00edho ventilu\n<\/li>\n<li>Jedine\u010dn\u00e1 akce, zachycuj\u00edc\u00ed \u0159adu magnetick\u00fdch a nemagnetick\u00fdch ne\u010distot pomoc\u00ed technologie HPS\n<\/li>\n<li>Odoln\u00e1 a robustn\u00ed konstrukce vyroben\u00e1 z vysoce kvalitn\u00edho, sklem vyztu\u017een\u00e9ho technick\u00e9ho polymeru s rozd\u011blovac\u00edm potrub\u00edm z mosazi a plastu\n<\/li>\n<li>Pohodln\u00e9, bezprobl\u00e9mov\u00e9 a rychl\u00e9 d\u00e1vkov\u00e1n\u00ed p\u0159es vypou\u0161t\u011bc\u00ed ventil &#8211; m\u00e9n\u011b \u010dasu str\u00e1ven\u00e9ho na m\u00edst\u011b p\u0159i \u00fadr\u017eb\u011b syst\u00e9mu\n<\/li>\n<li>Snadn\u00e1 instalace \u2013 hod\u00ed se na vodorovnou i svislou orientaci potrub\u00ed\n<\/li>\n<li>Nebude blokovat nebo omezovat tok<br \/>\n<\/li>\n<\/ul>\n","protected":false},"excerpt":{"rendered":"<p>Vysoce v\u00fdkonn\u00fd, precizn\u011b zkonstruovan\u00fd \u0159adov\u00fd syst\u00e9mov\u00fd filtr TF1 Sigma vyu\u017e\u00edv\u00e1 ut\u011bsn\u011bnou konstrukci bez v\u00edka pro vy\u0161\u0161\u00ed spolehlivost a pevnost. Ide\u00e1ln\u00ed pro pou\u017eit\u00ed v omezen\u00fdch prostorech d\u00edky mo\u017enosti um\u00edst\u011bn\u00ed v r\u016fzn\u00fdch orientac\u00edch a\u017e do 45\u2070. Snadno instalovateln\u00fd kompozitn\u00ed plastov\u00fd filtr se vejde na vertik\u00e1ln\u00ed i horizont\u00e1ln\u00ed potrub\u00ed a funguje tak, \u017ee hydronick\u00e1 separace \u010d\u00e1stic (HPS) sm\u011b\u0159uje [&hellip;]<\/p>\n","protected":false},"featured_media":54423,"template":"","meta":{"_acf_changed":false},"product_brand":[],"product_cat":[21],"product_tag":[],"class_list":{"0":"post-53190","1":"product","2":"type-product","3":"status-publish","4":"has-post-thumbnail","6":"product_cat-filters","7":"pa_fit-size-169","8":"pa_fit-size-3-4","9":"pa_fit-type-bsp","10":"pa_fit-type-with-valves","12":"first","13":"instock","14":"purchasable","15":"product-type-variable"},"acf":[],"_links":{"self":[{"href":"https:\/\/fernox.com\/cz\/wp-json\/wp\/v2\/product\/53190","targetHints":{"allow":["GET"]}}],"collection":[{"href":"https:\/\/fernox.com\/cz\/wp-json\/wp\/v2\/product"}],"about":[{"href":"https:\/\/fernox.com\/cz\/wp-json\/wp\/v2\/types\/product"}],"wp:featuredmedia":[{"embeddable":true,"href":"https:\/\/fernox.com\/cz\/wp-json\/wp\/v2\/media\/54423"}],"wp:attachment":[{"href":"https:\/\/fernox.com\/cz\/wp-json\/wp\/v2\/media?parent=53190"}],"wp:term":[{"taxonomy":"product_brand","embeddable":true,"href":"https:\/\/fernox.com\/cz\/wp-json\/wp\/v2\/product_brand?post=53190"},{"taxonomy":"product_cat","embeddable":true,"href":"https:\/\/fernox.com\/cz\/wp-json\/wp\/v2\/product_cat?post=53190"},{"taxonomy":"product_tag","embeddable":true,"href":"https:\/\/fernox.com\/cz\/wp-json\/wp\/v2\/product_tag?post=53190"}],"curies":[{"name":"wp","href":"https:\/\/api.w.org\/{rel}","templated":true}]}}