{"id":53179,"date":"2026-04-20T17:05:53","date_gmt":"2026-04-20T15:05:53","guid":{"rendered":"https:\/\/fernox.com\/cz\/product\/tf1-compact-filter\/"},"modified":"2026-04-20T17:06:04","modified_gmt":"2026-04-20T15:06:04","slug":"tf1-compact-filter","status":"publish","type":"product","link":"https:\/\/fernox.com\/cz\/product\/tf1-compact-filter\/","title":{"rendered":"TF1 Compact Filter"},"content":{"rendered":"<p>TF1 Compact Filter je vysoce v\u00fdkonn\u00fd magnetick\u00fd syst\u00e9mov\u00fd filtr in-line a je ide\u00e1ln\u00ed pro mal\u00e9 prostory. Kompozitn\u00ed plastov\u00fd filtr se snadno instaluje a vejde se na vertik\u00e1ln\u00ed i horizont\u00e1ln\u00ed potrub\u00ed s r\u016fznou orientac\u00ed. Jeho konstrukce umo\u017e\u0148uje zachycen\u00ed magnetick\u00fdch i nemagnetick\u00fdch ne\u010distot pomoc\u00ed hydrocyklonick\u00e9ho efektu a speci\u00e1ln\u011b vyvinut\u00fdch magnetick\u00fdch sestav pro sb\u011br a zadr\u017een\u00ed ne\u010distot ve filtru p\u0159ed bezpe\u010dn\u00fdm odstran\u011bn\u00edm.<\/p>\n<ul>\n<li>P\u0159esn\u011b konstruovan\u00fd, hydrocyklonick\u00fd a magnetick\u00fd in-line syst\u00e9m filtru pro odstran\u011bn\u00ed magnetick\u00fdch a nemagnetick\u00fdch ne\u010distot ze syst\u00e9mov\u00e9 vody.\n<\/li>\n<li>Ide\u00e1ln\u00ed pro pou\u017eit\u00ed v mal\u00fdch, omezen\u00fdch prostorech a p\u0159\u00edstupov\u00fdch oblastech\n<\/li>\n<li>Snadn\u00e1 mont\u00e1\u017e \u2013 r\u016fzn\u00e9 mo\u017enosti orientace na vertik\u00e1ln\u00ed i horizont\u00e1ln\u00ed potrub\u00ed\n<\/li>\n<li>Rychl\u00e9 a bezprobl\u00e9mov\u00e9 \u010di\u0161t\u011bn\u00ed pomoc\u00ed vypou\u0161t\u011bc\u00edho ventilu \u2013 nen\u00ed nutn\u00e9 demontovat jednotku\n<\/li>\n<li>Snadn\u00e9 pou\u017eit\u00ed, syst\u00e9m m\u016f\u017ee z\u016fstat b\u011bhem \u010di\u0161t\u011bn\u00ed v b\u011b\u017en\u00e9m provozu\n<\/li>\n<li>5-\u0433\u043e\u0434\u0438\u0448\u043d\u0430 \u0433\u0430\u0440\u0430\u043d\u0446\u0438\u044f<br \/>\n<\/li>\n<\/ul>\n","protected":false},"excerpt":{"rendered":"<p>TF1 Compact Filter je vysoce v\u00fdkonn\u00fd magnetick\u00fd syst\u00e9mov\u00fd filtr in-line a je ide\u00e1ln\u00ed pro mal\u00e9 prostory. Kompozitn\u00ed plastov\u00fd filtr se snadno instaluje a vejde se na vertik\u00e1ln\u00ed i horizont\u00e1ln\u00ed potrub\u00ed s r\u016fznou orientac\u00ed. Jeho konstrukce umo\u017e\u0148uje zachycen\u00ed magnetick\u00fdch i nemagnetick\u00fdch ne\u010distot pomoc\u00ed hydrocyklonick\u00e9ho efektu a speci\u00e1ln\u011b vyvinut\u00fdch magnetick\u00fdch sestav pro sb\u011br a zadr\u017een\u00ed ne\u010distot ve [&hellip;]<\/p>\n","protected":false},"featured_media":54296,"template":"","meta":{"_acf_changed":false},"product_brand":[],"product_cat":[21],"product_tag":[],"class_list":{"0":"post-53179","1":"product","2":"type-product","3":"status-publish","4":"has-post-thumbnail","6":"product_cat-filters","7":"pa_fit-size-3-4","8":"pa_fit-type-with-valves","10":"first","11":"instock","12":"purchasable","13":"product-type-variable"},"acf":[],"_links":{"self":[{"href":"https:\/\/fernox.com\/cz\/wp-json\/wp\/v2\/product\/53179","targetHints":{"allow":["GET"]}}],"collection":[{"href":"https:\/\/fernox.com\/cz\/wp-json\/wp\/v2\/product"}],"about":[{"href":"https:\/\/fernox.com\/cz\/wp-json\/wp\/v2\/types\/product"}],"wp:featuredmedia":[{"embeddable":true,"href":"https:\/\/fernox.com\/cz\/wp-json\/wp\/v2\/media\/54296"}],"wp:attachment":[{"href":"https:\/\/fernox.com\/cz\/wp-json\/wp\/v2\/media?parent=53179"}],"wp:term":[{"taxonomy":"product_brand","embeddable":true,"href":"https:\/\/fernox.com\/cz\/wp-json\/wp\/v2\/product_brand?post=53179"},{"taxonomy":"product_cat","embeddable":true,"href":"https:\/\/fernox.com\/cz\/wp-json\/wp\/v2\/product_cat?post=53179"},{"taxonomy":"product_tag","embeddable":true,"href":"https:\/\/fernox.com\/cz\/wp-json\/wp\/v2\/product_tag?post=53179"}],"curies":[{"name":"wp","href":"https:\/\/api.w.org\/{rel}","templated":true}]}}