{"id":53171,"date":"2026-04-20T17:05:53","date_gmt":"2026-04-20T15:05:53","guid":{"rendered":"https:\/\/fernox.com\/cz\/product\/tf1-delta-filter\/"},"modified":"2026-04-20T17:05:53","modified_gmt":"2026-04-20T15:05:53","slug":"tf1-delta-filter","status":"publish","type":"product","link":"https:\/\/fernox.com\/cz\/product\/tf1-delta-filter\/","title":{"rendered":"TF1 Delta Filter"},"content":{"rendered":"<p>Precizn\u011b konstruovan\u00fd Fernox TF1 Delta Filter je vysoce kvalitn\u00ed, poniklovan\u00fd, mosazn\u00fd in-line syst\u00e9mov\u00fd filtr speci\u00e1ln\u011b navr\u017een\u00fd k ochran\u011b \u017eivotn\u011b d\u016fle\u017eit\u00fdch a n\u00e1kladn\u00fdch komponent ve velkoobjemov\u00fdch a n\u00edzkoteplotn\u00edch komer\u010dn\u00edch topn\u00fdch a chladic\u00edch syst\u00e9mech. Filtr TF1 Delta pou\u017e\u00edv\u00e1 t\u0159i metody filtrace: magnetickou, hydrocyklonickou a automatick\u00e9 nebo ru\u010dn\u00ed odvzdu\u0161n\u011bn\u00ed.  Chr\u00e1n\u00ed kl\u00ed\u010dov\u00e9 komponenty p\u0159ed magnetick\u00fdmi a nemagnetick\u00fdmi ne\u010distotami a tak\u00e9 odstra\u0148uje zachycen\u00fd vzduch ze syst\u00e9mov\u00e9 vody. Snadno se instaluje, opravuje a \u010dist\u00ed na m\u00edst\u011b, zat\u00edmco je syst\u00e9m v provozu, a lze jej pou\u017e\u00edt v \u0159ad\u011b nebo na obtoku.<\/p>\n<ul>\n<li>P\u0159esn\u011b konstruovan\u00fd, hydrocyklonick\u00fd a magnetick\u00fd in-line syst\u00e9m filtru pro odstran\u011bn\u00ed magnetick\u00fdch a nemagnetick\u00fdch ne\u010distot ze syst\u00e9mov\u00e9 vody.\n<\/li>\n<li>Rychl\u00e1 a snadn\u00e1 instalace bl\u00edzko zdi (s minim\u00e1ln\u00edmi nutn\u00fdmi zm\u011bnami potrub\u00ed). Vhodn\u00fd pro vodorovn\u00e9 i svisl\u00e9 potrub\u00ed v obou sm\u011brech proud\u011bn\u00ed\n<\/li>\n<li>Maxim\u00e1ln\u00ed pracovn\u00ed tlak 16 bar\u016f (232 psi)\n<\/li>\n<li>Automatick\u00e9 odvzdu\u0161n\u011bn\u00ed s automatick\u00fdm uzav\u00edrac\u00edm ventilem \u2013 12 bar\u016f (174 psi)\n<\/li>\n<li>Kvalitn\u00ed neodymov\u00fd magnet snese i vysok\u00e9 teploty\n<\/li>\n<li>5 let z\u00e1ruky<br \/>\n<\/li>\n<\/ul>\n","protected":false},"excerpt":{"rendered":"<p>Precizn\u011b konstruovan\u00fd Fernox TF1 Delta Filter je vysoce kvalitn\u00ed, poniklovan\u00fd, mosazn\u00fd in-line syst\u00e9mov\u00fd filtr speci\u00e1ln\u011b navr\u017een\u00fd k ochran\u011b \u017eivotn\u011b d\u016fle\u017eit\u00fdch a n\u00e1kladn\u00fdch komponent ve velkoobjemov\u00fdch a n\u00edzkoteplotn\u00edch komer\u010dn\u00edch topn\u00fdch a chladic\u00edch syst\u00e9mech. Filtr TF1 Delta pou\u017e\u00edv\u00e1 t\u0159i metody filtrace: magnetickou, hydrocyklonickou a automatick\u00e9 nebo ru\u010dn\u00ed odvzdu\u0161n\u011bn\u00ed. Chr\u00e1n\u00ed kl\u00ed\u010dov\u00e9 komponenty p\u0159ed magnetick\u00fdmi a nemagnetick\u00fdmi ne\u010distotami a [&hellip;]<\/p>\n","protected":false},"featured_media":54290,"template":"","meta":{"_acf_changed":false},"product_brand":[],"product_cat":[164,21,32],"product_tag":[],"class_list":{"0":"post-53171","1":"product","2":"type-product","3":"status-publish","4":"has-post-thumbnail","6":"product_cat-commercial-rangedevices","7":"product_cat-filters","8":"product_cat-commercial-range","9":"pa_fit-size-174","10":"pa_fit-type-with-valves","12":"first","13":"instock","14":"purchasable","15":"product-type-simple"},"acf":[],"_links":{"self":[{"href":"https:\/\/fernox.com\/cz\/wp-json\/wp\/v2\/product\/53171","targetHints":{"allow":["GET"]}}],"collection":[{"href":"https:\/\/fernox.com\/cz\/wp-json\/wp\/v2\/product"}],"about":[{"href":"https:\/\/fernox.com\/cz\/wp-json\/wp\/v2\/types\/product"}],"wp:featuredmedia":[{"embeddable":true,"href":"https:\/\/fernox.com\/cz\/wp-json\/wp\/v2\/media\/54290"}],"wp:attachment":[{"href":"https:\/\/fernox.com\/cz\/wp-json\/wp\/v2\/media?parent=53171"}],"wp:term":[{"taxonomy":"product_brand","embeddable":true,"href":"https:\/\/fernox.com\/cz\/wp-json\/wp\/v2\/product_brand?post=53171"},{"taxonomy":"product_cat","embeddable":true,"href":"https:\/\/fernox.com\/cz\/wp-json\/wp\/v2\/product_cat?post=53171"},{"taxonomy":"product_tag","embeddable":true,"href":"https:\/\/fernox.com\/cz\/wp-json\/wp\/v2\/product_tag?post=53171"}],"curies":[{"name":"wp","href":"https:\/\/api.w.org\/{rel}","templated":true}]}}