{"id":53163,"date":"2026-04-17T18:09:31","date_gmt":"2026-04-17T16:09:31","guid":{"rendered":"https:\/\/fernox.com\/cz\/product\/tf1-omega-filter-2\/"},"modified":"2026-04-17T18:09:41","modified_gmt":"2026-04-17T16:09:41","slug":"tf1-omega-filter-2","status":"publish","type":"product","link":"https:\/\/fernox.com\/cz\/product\/tf1-omega-filter-2\/","title":{"rendered":"TF1 Omega+ Filter"},"content":{"rendered":"<p>Tento vysoce v\u00fdkonn\u00fd, uzav\u0159en\u00fd in-line syst\u00e9mov\u00fd filtr, navr\u017een\u00fd pro instalaci v mal\u00fdch nebo omezen\u00fdch prostorech, se snadno instaluje a rychle a pohodln\u011b \u010dist\u00ed. B\u011bhem servisu nen\u00ed nutn\u00e9 demontovat jednotku ani vym\u011b\u0148ovat O-krou\u017eky, \u0161et\u0159\u00ed \u010das na m\u00edst\u011b. Filtr TF1 Omega je vyroben\u00fd z vysoce kvalitn\u00ed mosazi, poniklovan\u00fd, vyu\u017e\u00edv\u00e1 technologii HPS (Hydronic Particle Separation) a magnetickou filtraci k odstran\u011bn\u00ed magnetick\u00fdch a nemagnetick\u00fdch ne\u010distot ze syst\u00e9mu. Kvalita a spolehlivost tohoto ocen\u011bn\u00e9ho filtru je podpo\u0159ena \u0161pi\u010dkovou 25letou z\u00e1rukou.<\/p>\n<ul>\n<li>P\u0159esn\u011b konstruovan\u00fd, hydrocyklonick\u00fd a magnetick\u00fd in-line syst\u00e9m filtru pro odstran\u011bn\u00ed magnetick\u00fdch a nemagnetick\u00fdch ne\u010distot ze syst\u00e9mov\u00e9 vody.\n<\/li>\n<li>Sn\u00edm\u00e1n\u00ed s vysokou \u00fa\u010dinnost\u00ed v cel\u00e9 \u0159ad\u011b pr\u016ftok\u016f a velikost\u00ed syst\u00e9mu. K dost\u00e1n\u00ed v 1 \u00bc\u201c a 1 \u00bd\u201d z\u00e1suvkov\u00fdch potrubn\u00edch p\u0159\u00edpojk\u00e1ch.\n<\/li>\n<li>Jedine\u010dn\u00e9 p\u016fsoben\u00ed, odstra\u0148uje magnetick\u00e9 a nemagnetick\u00e9 ne\u010distoty ze syst\u00e9mov\u00e9 vody. Rychl\u00e9 a snadn\u00e9 \u010di\u0161t\u011bn\u00ed bez demont\u00e1\u017ee jednotky\n<\/li>\n<li>Unik\u00e1tn\u00ed akce, speci\u00e1ln\u011b navr\u017een\u00e1 pro v\u011bt\u0161\u00ed syst\u00e9my, umo\u017e\u0148uj\u00edc\u00ed zachytit \u0159adu magnetick\u00fdch i nemagnetick\u00fdch ne\u010distot.\n<\/li>\n<li>Nebude blokovat nebo omezovat tok.\n<\/li>\n<li>10 let z\u00e1ruky<br \/>\n<\/li>\n<\/ul>\n","protected":false},"excerpt":{"rendered":"<p>Tento vysoce v\u00fdkonn\u00fd, uzav\u0159en\u00fd in-line syst\u00e9mov\u00fd filtr, navr\u017een\u00fd pro instalaci v mal\u00fdch nebo omezen\u00fdch prostorech, se snadno instaluje a rychle a pohodln\u011b \u010dist\u00ed. B\u011bhem servisu nen\u00ed nutn\u00e9 demontovat jednotku ani vym\u011b\u0148ovat O-krou\u017eky, \u0161et\u0159\u00ed \u010das na m\u00edst\u011b. Filtr TF1 Omega je vyroben\u00fd z vysoce kvalitn\u00ed mosazi, poniklovan\u00fd, vyu\u017e\u00edv\u00e1 technologii HPS (Hydronic Particle Separation) a magnetickou filtraci [&hellip;]<\/p>\n","protected":false},"featured_media":54163,"template":"","meta":{"_acf_changed":false},"product_brand":[],"product_cat":[164,21,32],"product_tag":[],"class_list":{"0":"post-53163","1":"product","2":"type-product","3":"status-publish","4":"has-post-thumbnail","6":"product_cat-commercial-rangedevices","7":"product_cat-filters","8":"product_cat-commercial-range","9":"pa_typ-pasovani-bsp","11":"first","12":"instock","13":"purchasable","14":"product-type-variable"},"acf":[],"_links":{"self":[{"href":"https:\/\/fernox.com\/cz\/wp-json\/wp\/v2\/product\/53163","targetHints":{"allow":["GET"]}}],"collection":[{"href":"https:\/\/fernox.com\/cz\/wp-json\/wp\/v2\/product"}],"about":[{"href":"https:\/\/fernox.com\/cz\/wp-json\/wp\/v2\/types\/product"}],"wp:featuredmedia":[{"embeddable":true,"href":"https:\/\/fernox.com\/cz\/wp-json\/wp\/v2\/media\/54163"}],"wp:attachment":[{"href":"https:\/\/fernox.com\/cz\/wp-json\/wp\/v2\/media?parent=53163"}],"wp:term":[{"taxonomy":"product_brand","embeddable":true,"href":"https:\/\/fernox.com\/cz\/wp-json\/wp\/v2\/product_brand?post=53163"},{"taxonomy":"product_cat","embeddable":true,"href":"https:\/\/fernox.com\/cz\/wp-json\/wp\/v2\/product_cat?post=53163"},{"taxonomy":"product_tag","embeddable":true,"href":"https:\/\/fernox.com\/cz\/wp-json\/wp\/v2\/product_tag?post=53163"}],"curies":[{"name":"wp","href":"https:\/\/api.w.org\/{rel}","templated":true}]}}