{"id":53145,"date":"2026-04-20T17:05:32","date_gmt":"2026-04-20T15:05:32","guid":{"rendered":"https:\/\/fernox.com\/cz\/product\/tf1-total-filter\/"},"modified":"2026-04-20T17:06:01","modified_gmt":"2026-04-20T15:06:01","slug":"tf1-total-filter","status":"publish","type":"product","link":"https:\/\/fernox.com\/cz\/product\/tf1-total-filter\/","title":{"rendered":"TF1 Total Filter"},"content":{"rendered":"<p>Ocen\u011bn\u00fd filtr TF1 Total Filter kombinuje hydrocyklonick\u00fd \u00fa\u010dinek s v\u00fdkonn\u00fdmi neodymov\u00fdmi magnetick\u00fdmi sestavami, kter\u00e9 odstra\u0148uj\u00ed magnetick\u00e9 a nemagnetick\u00e9 ne\u010distoty ze syst\u00e9mov\u00e9 vody a bezpe\u010dn\u011b je zadr\u017euj\u00ed ve filtru. Tento filtr je vyroben z precizn\u011b zpracovan\u00e9ho kompozitn\u00edho plastu a lze jej namontovat na vertik\u00e1ln\u00ed i horizont\u00e1ln\u00ed potrub\u00ed. Pro snadnou instalaci m\u016f\u017ee pracovat v \u00fahlu a\u017e 45\u00b0. Lze jej vy\u010distit b\u011bhem n\u011bkolika minut a neomezuje pr\u016ftok.<\/p>\n<ul>\n<li>Hydrocyklonick\u00fd a magnetick\u00fd inline filtr \u2013 jedine\u010dn\u00e1 funkce, odstra\u0148uje magnetick\u00e9 a nemagnetick\u00e9 ne\u010distoty\n<\/li>\n<li>Vy\u010di\u0161t\u011bn\u00ed b\u011bhem n\u011bkolika minut bez demont\u00e1\u017ee\n<\/li>\n<li>D\u00e1vkovac\u00ed m\u00edsto pro produkty \u0159ady Fernox \u201eF\u201c\n<\/li>\n<li>Nezablokuje ani neomezuje pr\u016ftok\n<\/li>\n<li>V\u0161echny ventily a armatury jsou sou\u010d\u00e1st\u00ed balen\u00ed\n<\/li>\n<li>5let\u00e1 z\u00e1ruka<br \/>\n<\/li>\n<\/ul>\n","protected":false},"excerpt":{"rendered":"<p>Ocen\u011bn\u00fd filtr TF1 Total Filter kombinuje hydrocyklonick\u00fd \u00fa\u010dinek s v\u00fdkonn\u00fdmi neodymov\u00fdmi magnetick\u00fdmi sestavami, kter\u00e9 odstra\u0148uj\u00ed magnetick\u00e9 a nemagnetick\u00e9 ne\u010distoty ze syst\u00e9mov\u00e9 vody a bezpe\u010dn\u011b je zadr\u017euj\u00ed ve filtru. Tento filtr je vyroben z precizn\u011b zpracovan\u00e9ho kompozitn\u00edho plastu a lze jej namontovat na vertik\u00e1ln\u00ed i horizont\u00e1ln\u00ed potrub\u00ed. Pro snadnou instalaci m\u016f\u017ee pracovat v \u00fahlu a\u017e 45\u00b0. [&hellip;]<\/p>\n","protected":false},"featured_media":54281,"template":"","meta":{"_acf_changed":false},"product_brand":[],"product_cat":[21],"product_tag":[],"class_list":{"0":"post-53145","1":"product","2":"type-product","3":"status-publish","4":"has-post-thumbnail","6":"product_cat-filters","7":"pa_fit-size-169","8":"pa_fit-size-28mm","9":"pa_fit-size-3-4","10":"pa_fit-type-with-valves","12":"first","13":"instock","14":"purchasable","15":"product-type-variable"},"acf":[],"_links":{"self":[{"href":"https:\/\/fernox.com\/cz\/wp-json\/wp\/v2\/product\/53145","targetHints":{"allow":["GET"]}}],"collection":[{"href":"https:\/\/fernox.com\/cz\/wp-json\/wp\/v2\/product"}],"about":[{"href":"https:\/\/fernox.com\/cz\/wp-json\/wp\/v2\/types\/product"}],"wp:featuredmedia":[{"embeddable":true,"href":"https:\/\/fernox.com\/cz\/wp-json\/wp\/v2\/media\/54281"}],"wp:attachment":[{"href":"https:\/\/fernox.com\/cz\/wp-json\/wp\/v2\/media?parent=53145"}],"wp:term":[{"taxonomy":"product_brand","embeddable":true,"href":"https:\/\/fernox.com\/cz\/wp-json\/wp\/v2\/product_brand?post=53145"},{"taxonomy":"product_cat","embeddable":true,"href":"https:\/\/fernox.com\/cz\/wp-json\/wp\/v2\/product_cat?post=53145"},{"taxonomy":"product_tag","embeddable":true,"href":"https:\/\/fernox.com\/cz\/wp-json\/wp\/v2\/product_tag?post=53145"}],"curies":[{"name":"wp","href":"https:\/\/api.w.org\/{rel}","templated":true}]}}