{"id":53143,"date":"2026-04-17T18:09:09","date_gmt":"2026-04-17T16:09:09","guid":{"rendered":"https:\/\/fernox.com\/cz\/product\/turbidity-tube\/"},"modified":"2026-04-17T18:09:12","modified_gmt":"2026-04-17T16:09:12","slug":"turbidity-tube","status":"publish","type":"product","link":"https:\/\/fernox.com\/cz\/product\/turbidity-tube\/","title":{"rendered":"Turbidity Tube"},"content":{"rendered":"<p>Napunite cijev s uzorkom od 50 ml vode iz sustava, uzete iz kotla ili radijatora. Pogledajte niz cijev i usredoto\u010dite se na crno-\u017euti cilj na dnu cijevi.<\/p>\n<ul>\n<li>Odr\u017eavajte maksimalnu u\u010dinkovitost sustava.\n<\/li>\n<li>Poma\u017ee u sprje\u010davanju kvara na kotlu.\n<\/li>\n<li>Produ\u017eava vijek trajanja kotla.\n<\/li>\n<li>Brzo i jednostavno za kori\u0161tenje na licu mjesta \u2013 omogu\u0107uje trenutno poduzimanje korektivnih mjera.\n<\/li>\n<li>Uklju\u010duje navojni poklopac.\n<p><\/li>\n<\/ul>\n","protected":false},"excerpt":{"rendered":"<p>Napunite cijev s uzorkom od 50 ml vode iz sustava, uzete iz kotla ili radijatora. Pogledajte niz cijev i usredoto\u010dite se na crno-\u017euti cilj na dnu cijevi. Odr\u017eavajte maksimalnu u\u010dinkovitost sustava. Poma\u017ee u sprje\u010davanju kvara na kotlu. Produ\u017eava vijek trajanja kotla. Brzo i jednostavno za kori\u0161tenje na licu mjesta \u2013 omogu\u0107uje trenutno poduzimanje korektivnih mjera. [&hellip;]<\/p>\n","protected":false},"featured_media":54150,"template":"","meta":{"_acf_changed":false},"product_brand":[],"product_cat":[22],"product_tag":[],"class_list":{"0":"post-53143","1":"product","2":"type-product","3":"status-publish","4":"has-post-thumbnail","6":"product_cat-test-kits","8":"first","9":"instock","10":"purchasable","11":"product-type-simple"},"acf":[],"_links":{"self":[{"href":"https:\/\/fernox.com\/cz\/wp-json\/wp\/v2\/product\/53143","targetHints":{"allow":["GET"]}}],"collection":[{"href":"https:\/\/fernox.com\/cz\/wp-json\/wp\/v2\/product"}],"about":[{"href":"https:\/\/fernox.com\/cz\/wp-json\/wp\/v2\/types\/product"}],"wp:featuredmedia":[{"embeddable":true,"href":"https:\/\/fernox.com\/cz\/wp-json\/wp\/v2\/media\/54150"}],"wp:attachment":[{"href":"https:\/\/fernox.com\/cz\/wp-json\/wp\/v2\/media?parent=53143"}],"wp:term":[{"taxonomy":"product_brand","embeddable":true,"href":"https:\/\/fernox.com\/cz\/wp-json\/wp\/v2\/product_brand?post=53143"},{"taxonomy":"product_cat","embeddable":true,"href":"https:\/\/fernox.com\/cz\/wp-json\/wp\/v2\/product_cat?post=53143"},{"taxonomy":"product_tag","embeddable":true,"href":"https:\/\/fernox.com\/cz\/wp-json\/wp\/v2\/product_tag?post=53143"}],"curies":[{"name":"wp","href":"https:\/\/api.w.org\/{rel}","templated":true}]}}