{"id":53139,"date":"2026-04-30T05:02:10","date_gmt":"2026-04-30T03:02:10","guid":{"rendered":"https:\/\/fernox.com\/cz\/product\/protector-filter-fluid-f9-10l\/"},"modified":"2026-04-30T05:02:11","modified_gmt":"2026-04-30T03:02:11","slug":"protector-filter-fluid-f9-10l","status":"publish","type":"product","link":"https:\/\/fernox.com\/cz\/product\/protector-filter-fluid-f9-10l\/","title":{"rendered":"Protector+ Filter Fluid F9 10L"},"content":{"rendered":"<p>P\u0159\u00edpravek Protector+ Filter Fluid F9 je vylep\u0161en\u00fd inhibitor obsahuj\u00edc\u00ed disperga\u010dn\u00ed technologii. Zaji\u0161\u0165uje vynikaj\u00edc\u00ed ochranu proti korozi, inhibici vodn\u00edho kamene a regulaci pH v syst\u00e9mech HVAC a lehk\u00fdch komer\u010dn\u00edch syst\u00e9mech vyt\u00e1p\u011bn\u00ed a chlazen\u00ed. Tento jedine\u010dn\u00fd bal\u00ed\u010dek inhibitor\u016f, ur\u010den\u00fd pro pou\u017eit\u00ed s jedn\u00edm z komer\u010dn\u00ed \u0159ady in-line syst\u00e9mov\u00fdch filtr\u016f Fernox nebo podobn\u00fdch filtr\u016f, obsahuje aktivn\u00ed disperga\u010dn\u00ed \u010dinidlo, kter\u00fd napom\u00e1h\u00e1 bezpe\u010dn\u00e9mu zachycen\u00ed zbytk\u016f koroze, vodn\u00edho kamene a dal\u0161\u00edch syst\u00e9mov\u00fdch ne\u010distot p\u0159es filtr. Inovativn\u00ed slo\u017een\u00ed prodlu\u017euje \u017eivotnost syst\u00e9mu a udr\u017euje optim\u00e1ln\u00ed \u00fa\u010dinnost. Protector+ Filter Fluid F9 je kompatibiln\u00ed se v\u0161emi ostatn\u00edmi komer\u010dn\u00edmi produkty Fernox a je vhodn\u00e1 pro pou\u017eit\u00ed se v\u0161emi materi\u00e1ly a kovy b\u011b\u017en\u011b pou\u017e\u00edvan\u00fdmi v topn\u00fdch a chladic\u00edch syst\u00e9mech, v\u010detn\u011b oceli a hlin\u00edku. Jeden 10l p\u0159\u00edpravek o\u0161et\u0159\u00ed p\u0159i d\u00e1vkov\u00e1n\u00ed 0,5 % syst\u00e9m o objemu a\u017e 2 000 l.<\/p>\n<ul>\n<li>Unik\u00e1tn\u00ed balen\u00ed inhibitoru s disperga\u010dn\u00edm \u010dinidlem navr\u017een\u00fdm pro odchyt a p\u0159enos ne\u010distot cirkuluj\u00edc\u00edch v syst\u00e9mu do in-line filtru pro bezpe\u010dn\u00fd sb\u011br a likvidaci.\n<\/li>\n<li>Mus\u00ed se pou\u017e\u00edvat pouze ve spojen\u00ed se syst\u00e9mov\u00fdm filtrem.\n<\/li>\n<li>Nab\u00edz\u00ed \u0161pi\u010dkovou ochranu p\u0159ed koroz\u00ed a vodn\u00edm kamenem v kombinovan\u00fdch kovov\u00fdch syst\u00e9mech vyt\u00e1p\u011bn\u00ed a chlazen\u00ed (HVAC) zahrnuj\u00edc\u00ed ocelov\u00e9 a hlin\u00edkov\u00e9 prvky.\n<\/li>\n<li>Ur\u010deno k trval\u00e9mu ponech\u00e1n\u00ed v syst\u00e9mu. V\u011bt\u0161\u00ed \u010distota potrub\u00ed a zachov\u00e1n\u00ed optim\u00e1ln\u00edch pr\u016ftok\u016f vede k efektivn\u00edmu chodu syst\u00e9mu. Sni\u017euje riziko nepl\u00e1novan\u00fdch odst\u00e1vek syst\u00e9mu.\n<\/li>\n<li>Vylep\u0161en\u00e9 pufrov\u00e1n\u00ed pH, kter\u00e9 zaji\u0161\u0165uje stabilizaci hladiny pH vody v syst\u00e9mu v optim\u00e1ln\u00edm rozmez\u00ed pH 7\u20138,5.\n<\/li>\n<li>Vysoce v\u00fdkonn\u00fd, netoxick\u00fd a s n\u00edzk\u00fdm dopadem na \u017eivotn\u00ed prost\u0159ed\u00ed, se schv\u00e1len\u00edm NSF CIAS a Belgaqua.<br \/>\n<\/li>\n<\/ul>\n","protected":false},"excerpt":{"rendered":"<p>P\u0159\u00edpravek Protector+ Filter Fluid F9 je vylep\u0161en\u00fd inhibitor obsahuj\u00edc\u00ed disperga\u010dn\u00ed technologii. Zaji\u0161\u0165uje vynikaj\u00edc\u00ed ochranu proti korozi, inhibici vodn\u00edho kamene a regulaci pH v syst\u00e9mech HVAC a lehk\u00fdch komer\u010dn\u00edch syst\u00e9mech vyt\u00e1p\u011bn\u00ed a chlazen\u00ed. Tento jedine\u010dn\u00fd bal\u00ed\u010dek inhibitor\u016f, ur\u010den\u00fd pro pou\u017eit\u00ed s jedn\u00edm z komer\u010dn\u00ed \u0159ady in-line syst\u00e9mov\u00fdch filtr\u016f Fernox nebo podobn\u00fdch filtr\u016f, obsahuje aktivn\u00ed disperga\u010dn\u00ed \u010dinidlo, [&hellip;]<\/p>\n","protected":false},"featured_media":54640,"template":"","meta":{"_acf_changed":false},"product_brand":[],"product_cat":[163,24,32],"product_tag":[],"class_list":{"0":"post-53139","1":"product","2":"type-product","3":"status-publish","4":"has-post-thumbnail","6":"product_cat-commercial-rangechemistry","7":"product_cat-inhibitors-protectors","8":"product_cat-commercial-range","10":"first","11":"instock","12":"purchasable","13":"product-type-simple"},"acf":[],"_links":{"self":[{"href":"https:\/\/fernox.com\/cz\/wp-json\/wp\/v2\/product\/53139","targetHints":{"allow":["GET"]}}],"collection":[{"href":"https:\/\/fernox.com\/cz\/wp-json\/wp\/v2\/product"}],"about":[{"href":"https:\/\/fernox.com\/cz\/wp-json\/wp\/v2\/types\/product"}],"wp:featuredmedia":[{"embeddable":true,"href":"https:\/\/fernox.com\/cz\/wp-json\/wp\/v2\/media\/54640"}],"wp:attachment":[{"href":"https:\/\/fernox.com\/cz\/wp-json\/wp\/v2\/media?parent=53139"}],"wp:term":[{"taxonomy":"product_brand","embeddable":true,"href":"https:\/\/fernox.com\/cz\/wp-json\/wp\/v2\/product_brand?post=53139"},{"taxonomy":"product_cat","embeddable":true,"href":"https:\/\/fernox.com\/cz\/wp-json\/wp\/v2\/product_cat?post=53139"},{"taxonomy":"product_tag","embeddable":true,"href":"https:\/\/fernox.com\/cz\/wp-json\/wp\/v2\/product_tag?post=53139"}],"curies":[{"name":"wp","href":"https:\/\/api.w.org\/{rel}","templated":true}]}}