{"id":53130,"date":"2026-04-30T05:02:06","date_gmt":"2026-04-30T03:02:06","guid":{"rendered":"https:\/\/fernox.com\/cz\/product\/cleaner-f3-10l\/"},"modified":"2026-04-30T05:02:09","modified_gmt":"2026-04-30T03:02:09","slug":"cleaner-f3-10l","status":"publish","type":"product","link":"https:\/\/fernox.com\/cz\/product\/cleaner-f3-10l\/","title":{"rendered":"Cleaner F3 10L"},"content":{"rendered":"<p>P\u0159\u00edpravek Cleaner F3 je univerz\u00e1ln\u00ed \u010distic\u00ed prost\u0159edek ur\u010den\u00fd pro pou\u017eit\u00ed v syst\u00e9mech vyt\u00e1p\u011bn\u00ed a chlazen\u00ed (HVAC) a lehk\u00fdch komer\u010dn\u00edch syst\u00e9mech, kter\u00fd slou\u017e\u00ed k \u010di\u0161t\u011bn\u00ed nov\u00fdch syst\u00e9m\u016f p\u0159ed uveden\u00edm do provozu, odstra\u0148ov\u00e1n\u00ed zbytk\u016f tavidel, oleje\/mazu a dal\u0161\u00edch ne\u010distot z instalace. P\u0159\u00edpravek Cleaner F3 lze tak\u00e9 pou\u017e\u00edt k odstran\u011bn\u00ed kalu, vodn\u00edho kamene a dal\u0161\u00edch cirkuluj\u00edc\u00edch ne\u010distot ve st\u00e1vaj\u00edc\u00edch nebo zne\u010di\u0161t\u011bn\u00fdch syst\u00e9mech, \u010d\u00edm\u017e se zv\u00fd\u0161\u00ed \u00fa\u010dinnost a zabr\u00e1n\u00ed se po\u0161kozen\u00ed sou\u010d\u00e1st\u00ed syst\u00e9mu. Tento vysoce v\u00fdkonn\u00fd, rychle p\u016fsob\u00edc\u00ed \u010distic\u00ed prost\u0159edek je kompatibiln\u00ed se v\u0161emi kovy a materi\u00e1ly b\u011b\u017en\u011b pou\u017e\u00edvan\u00fdmi v topn\u00fdch a chladic\u00edch syst\u00e9mech zahrnuj\u00edc\u00edch ocelov\u00e9 a hlin\u00edkov\u00e9 sou\u010d\u00e1sti. Jeden 10l p\u0159\u00edpravek o\u0161et\u0159\u00ed p\u0159i d\u00e1vkov\u00e1n\u00ed 0,5 % syst\u00e9m o objemu a\u017e 2 000 l.<\/p>\n<ul>\n<li>Univerz\u00e1ln\u00ed, pH neutr\u00e1ln\u00ed \u010distic\u00ed prost\u0159edek pro \u010di\u0161t\u011bn\u00ed nov\u00fdch i st\u00e1vaj\u00edc\u00edch syst\u00e9m\u016f HVAC a lehk\u00fdch komer\u010dn\u00edch topn\u00fdch syst\u00e9m\u016f p\u0159ed uveden\u00edm do provozu.\n<\/li>\n<li>P\u0159\u00edpravek je speci\u00e1ln\u011b vyvinut\u00fd k rychl\u00e9mu a \u00fa\u010dinn\u00e9mu odstra\u0148ov\u00e1n\u00ed topidel, olej\u016f, tuk\u016f, oxid\u016f \u017eeleza a dal\u0161\u00edch ne\u010distot ze syst\u00e9mu.\n<\/li>\n<li>Doporu\u010duje se ponechat v syst\u00e9mu a\u017e po dobu jednoho t\u00fddne za provozn\u00edch podm\u00ednek.\n<\/li>\n<li>Inhibovan\u00fd \u010distic\u00ed prost\u0159edek ur\u010den\u00fd k ochran\u011b syst\u00e9mu b\u011bhem \u010di\u0161t\u011bn\u00ed.\n<\/li>\n<li>Obsahuje rychle p\u016fsob\u00edc\u00ed disperga\u010dn\u00ed technologii, kter\u00e1 je vhodn\u00e1 pro v\u0161echny typy vody v syst\u00e9mu: tvrdou, m\u011bkkou, um\u011ble zm\u011bk\u010denou i demineralizovanou.\n<\/li>\n<li>Nep\u011bniv\u00fd p\u0159\u00edpravek, kter\u00fd lze po pou\u017eit\u00ed snadno odstranit ze syst\u00e9mu, co\u017e \u0161et\u0159\u00ed \u010das str\u00e1ven\u00fd na m\u00edst\u011b.<br \/>\n<\/li>\n<\/ul>\n","protected":false},"excerpt":{"rendered":"<p>P\u0159\u00edpravek Cleaner F3 je univerz\u00e1ln\u00ed \u010distic\u00ed prost\u0159edek ur\u010den\u00fd pro pou\u017eit\u00ed v syst\u00e9mech vyt\u00e1p\u011bn\u00ed a chlazen\u00ed (HVAC) a lehk\u00fdch komer\u010dn\u00edch syst\u00e9mech, kter\u00fd slou\u017e\u00ed k \u010di\u0161t\u011bn\u00ed nov\u00fdch syst\u00e9m\u016f p\u0159ed uveden\u00edm do provozu, odstra\u0148ov\u00e1n\u00ed zbytk\u016f tavidel, oleje\/mazu a dal\u0161\u00edch ne\u010distot z instalace. P\u0159\u00edpravek Cleaner F3 lze tak\u00e9 pou\u017e\u00edt k odstran\u011bn\u00ed kalu, vodn\u00edho kamene a dal\u0161\u00edch cirkuluj\u00edc\u00edch ne\u010distot ve [&hellip;]<\/p>\n","protected":false},"featured_media":54638,"template":"","meta":{"_acf_changed":false},"product_brand":[],"product_cat":[18,163,32],"product_tag":[],"class_list":{"0":"post-53130","1":"product","2":"type-product","3":"status-publish","4":"has-post-thumbnail","6":"product_cat-cleaners","7":"product_cat-commercial-rangechemistry","8":"product_cat-commercial-range","10":"first","11":"instock","12":"purchasable","13":"product-type-simple"},"acf":[],"_links":{"self":[{"href":"https:\/\/fernox.com\/cz\/wp-json\/wp\/v2\/product\/53130","targetHints":{"allow":["GET"]}}],"collection":[{"href":"https:\/\/fernox.com\/cz\/wp-json\/wp\/v2\/product"}],"about":[{"href":"https:\/\/fernox.com\/cz\/wp-json\/wp\/v2\/types\/product"}],"wp:featuredmedia":[{"embeddable":true,"href":"https:\/\/fernox.com\/cz\/wp-json\/wp\/v2\/media\/54638"}],"wp:attachment":[{"href":"https:\/\/fernox.com\/cz\/wp-json\/wp\/v2\/media?parent=53130"}],"wp:term":[{"taxonomy":"product_brand","embeddable":true,"href":"https:\/\/fernox.com\/cz\/wp-json\/wp\/v2\/product_brand?post=53130"},{"taxonomy":"product_cat","embeddable":true,"href":"https:\/\/fernox.com\/cz\/wp-json\/wp\/v2\/product_cat?post=53130"},{"taxonomy":"product_tag","embeddable":true,"href":"https:\/\/fernox.com\/cz\/wp-json\/wp\/v2\/product_tag?post=53130"}],"curies":[{"name":"wp","href":"https:\/\/api.w.org\/{rel}","templated":true}]}}