{"id":53126,"date":"2026-04-30T05:02:06","date_gmt":"2026-04-30T03:02:06","guid":{"rendered":"https:\/\/fernox.com\/cz\/product\/protector-f1-10l\/"},"modified":"2026-04-30T05:02:08","modified_gmt":"2026-04-30T03:02:08","slug":"protector-f1-10l","status":"publish","type":"product","link":"https:\/\/fernox.com\/cz\/product\/protector-f1-10l\/","title":{"rendered":"Protector F1 10L"},"content":{"rendered":"<p>P\u0159\u00edpravek Protector F1 chr\u00e1n\u00ed p\u0159ed koroz\u00ed a tvorbou vodn\u00edho kamene v lehk\u00fdch komer\u010dn\u00edch syst\u00e9mech a syst\u00e9mech vyt\u00e1p\u011bn\u00ed a chlazen\u00ed (HVAC). Tento produkt d\u00e1le zaji\u0161\u0165uje pufrov\u00e1n\u00ed pH. Voda v syst\u00e9mu proto z\u016fstane v optim\u00e1ln\u00edm rozmez\u00ed pH, aby se zabr\u00e1nilo korozi a tvorb\u011b vodn\u00edho kamene. P\u0159\u00edpravek Protector F1 je kompatibiln\u00ed se v\u0161emi ostatn\u00edmi komer\u010dn\u00edmi produkty Fernox a je vhodn\u00fd pro pou\u017eit\u00ed se v\u0161emi materi\u00e1ly a kovy b\u011b\u017en\u011b pou\u017e\u00edvan\u00fdmi v syst\u00e9mech \u00fast\u0159edn\u00edho topen\u00ed a chlazen\u00ed, v\u010detn\u011b oceli a hlin\u00edku. Jeden 10l p\u0159\u00edpravek o\u0161et\u0159\u00ed p\u0159i d\u00e1vkov\u00e1n\u00ed 0,5 % syst\u00e9m o objemu a\u017e 2 000 l. Koncentrace p\u0159\u00edpravku by se m\u011bla v z\u00e1jmu zaji\u0161t\u011bn\u00ed maxim\u00e1ln\u00ed ochrany pravideln\u011b kontrolovat a podle pot\u0159eby dopl\u0148ovat.<\/p>\n<ul>\n<li>V kombinovan\u00fdch kovov\u00fdch syst\u00e9mech HVAC a lehk\u00fdch komer\u010dn\u00edch syst\u00e9mech \u00fast\u0159edn\u00edho topen\u00ed chr\u00e1n\u00ed p\u0159ed koroz\u00ed a vodn\u00edm kamenem, aby nedoch\u00e1zelo k poruch\u00e1m a p\u0159ed\u010dasn\u00e9mu selh\u00e1n\u00ed kotle.\n<\/li>\n<li>Unik\u00e1tn\u011b kombinuje slo\u017een\u00ed t\u0159\u00ed inhibitor\u016f: organickou, anodickou a katodickou ochranu p\u0159ed koroz\u00ed v z\u00e1jmu dosa\u017een\u00ed maxim\u00e1ln\u00ed \u00fa\u010dinnosti.\n<\/li>\n<li>Vylep\u0161en\u00e9 pufrov\u00e1n\u00ed pH, kter\u00e9 zaji\u0161\u0165uje stabilizaci pH vody v syst\u00e9mu v optim\u00e1ln\u00edm rozmez\u00ed pH 7\u20138,5.\n<\/li>\n<li>Vy\u0161\u0161\u00ed po\u010d\u00e1te\u010dn\u00ed pH optimalizuje v\u00fdkon ocelov\u00fdch sou\u010d\u00e1st\u00ed syst\u00e9mu, kter\u00e9 se obvykle pou\u017e\u00edvaj\u00ed v syst\u00e9mech HVAC, a z\u00e1rove\u0148 st\u00e1le zaji\u0161\u0165uje ochranu hlin\u00edku.\n<\/li>\n<li>Sni\u017euje n\u00e1klady na \u00fadr\u017ebu a riziko nepl\u00e1novan\u00fdch odst\u00e1vek syst\u00e9mu, udr\u017euje energetickou \u00fa\u010dinnost a prodlu\u017euje \u017eivotnost syst\u00e9mu.\n<\/li>\n<li>Vysoce v\u00fdkonn\u00fd, netoxick\u00fd a s n\u00edzk\u00fdm dopadem na \u017eivotn\u00ed prost\u0159ed\u00ed, se schv\u00e1len\u00edm NSF CIAS a Belgaqua.<br \/>\n<\/li>\n<\/ul>\n","protected":false},"excerpt":{"rendered":"<p>P\u0159\u00edpravek Protector F1 chr\u00e1n\u00ed p\u0159ed koroz\u00ed a tvorbou vodn\u00edho kamene v lehk\u00fdch komer\u010dn\u00edch syst\u00e9mech a syst\u00e9mech vyt\u00e1p\u011bn\u00ed a chlazen\u00ed (HVAC). Tento produkt d\u00e1le zaji\u0161\u0165uje pufrov\u00e1n\u00ed pH. Voda v syst\u00e9mu proto z\u016fstane v optim\u00e1ln\u00edm rozmez\u00ed pH, aby se zabr\u00e1nilo korozi a tvorb\u011b vodn\u00edho kamene. P\u0159\u00edpravek Protector F1 je kompatibiln\u00ed se v\u0161emi ostatn\u00edmi komer\u010dn\u00edmi produkty Fernox a [&hellip;]<\/p>\n","protected":false},"featured_media":54637,"template":"","meta":{"_acf_changed":false},"product_brand":[],"product_cat":[163,24,32],"product_tag":[],"class_list":{"0":"post-53126","1":"product","2":"type-product","3":"status-publish","4":"has-post-thumbnail","6":"product_cat-commercial-rangechemistry","7":"product_cat-inhibitors-protectors","8":"product_cat-commercial-range","10":"first","11":"instock","12":"purchasable","13":"product-type-simple"},"acf":[],"_links":{"self":[{"href":"https:\/\/fernox.com\/cz\/wp-json\/wp\/v2\/product\/53126","targetHints":{"allow":["GET"]}}],"collection":[{"href":"https:\/\/fernox.com\/cz\/wp-json\/wp\/v2\/product"}],"about":[{"href":"https:\/\/fernox.com\/cz\/wp-json\/wp\/v2\/types\/product"}],"wp:featuredmedia":[{"embeddable":true,"href":"https:\/\/fernox.com\/cz\/wp-json\/wp\/v2\/media\/54637"}],"wp:attachment":[{"href":"https:\/\/fernox.com\/cz\/wp-json\/wp\/v2\/media?parent=53126"}],"wp:term":[{"taxonomy":"product_brand","embeddable":true,"href":"https:\/\/fernox.com\/cz\/wp-json\/wp\/v2\/product_brand?post=53126"},{"taxonomy":"product_cat","embeddable":true,"href":"https:\/\/fernox.com\/cz\/wp-json\/wp\/v2\/product_cat?post=53126"},{"taxonomy":"product_tag","embeddable":true,"href":"https:\/\/fernox.com\/cz\/wp-json\/wp\/v2\/product_tag?post=53126"}],"curies":[{"name":"wp","href":"https:\/\/api.w.org\/{rel}","templated":true}]}}