{"id":53120,"date":"2026-04-20T17:05:13","date_gmt":"2026-04-20T15:05:13","guid":{"rendered":"https:\/\/fernox.com\/cz\/product\/heat-transfer-fluid-hp-5c-20-litre\/"},"modified":"2026-04-20T17:05:19","modified_gmt":"2026-04-20T15:05:19","slug":"heat-transfer-fluid-hp-5c-20-litre","status":"publish","type":"product","link":"https:\/\/fernox.com\/cz\/product\/heat-transfer-fluid-hp-5c-20-litre\/","title":{"rendered":"Heat Transfer Fluid HP-5c 20 Litre"},"content":{"rendered":"<p>Netoxick\u00e1, koncentrovan\u00e1 teplonosn\u00e1 kapalina pro vzduchov\u00e1 a zemn\u00ed tepeln\u00e1 \u010derpadla a podlahov\u00e9 vyt\u00e1p\u011bn\u00ed. Tento produkt je navr\u017een s ohledem na ochranu p\u0159ed koroz\u00ed, vodn\u00edm kamenem a mrazu od -4 do -14\u00a0\u00b0C.<\/p>\n<ul>\n<li>Koncentrovan\u00e1 kapalina pro p\u0159enos tepla vhodn\u00e1 pro vzduchov\u00e1 a zemn\u00ed tepeln\u00e1 \u010derpadla a podlahov\u00e9 vyt\u00e1p\u011bn\u00ed\n<\/li>\n<li>Ochrana proti mrazu od -4 \u00b0C do -14\u00a0\u00b0C\n<\/li>\n<li>Chr\u00e1n\u00ed p\u0159ed koroz\u00ed a vodn\u00edm kamenem\n<\/li>\n<li>Vysok\u00fd v\u00fdkon, netoxick\u00e9 slo\u017een\u00ed\n<\/li>\n<li>Kompatibiln\u00ed se v\u0161emi materi\u00e1ly, kter\u00e9 se b\u011b\u017en\u011b vyskytuj\u00ed v syst\u00e9mech tepeln\u00fdch \u010derpadel a podlahov\u00e9ho vyt\u00e1p\u011bn\u00ed\n<\/li>\n<li>Produkt se stabiln\u00edm pH<br \/>\n<\/li>\n<\/ul>\n","protected":false},"excerpt":{"rendered":"<p>Netoxick\u00e1, koncentrovan\u00e1 teplonosn\u00e1 kapalina pro vzduchov\u00e1 a zemn\u00ed tepeln\u00e1 \u010derpadla a podlahov\u00e9 vyt\u00e1p\u011bn\u00ed. Tento produkt je navr\u017een s ohledem na ochranu p\u0159ed koroz\u00ed, vodn\u00edm kamenem a mrazu od -4 do -14\u00a0\u00b0C. Koncentrovan\u00e1 kapalina pro p\u0159enos tepla vhodn\u00e1 pro vzduchov\u00e1 a zemn\u00ed tepeln\u00e1 \u010derpadla a podlahov\u00e9 vyt\u00e1p\u011bn\u00ed Ochrana proti mrazu od -4 \u00b0C do -14\u00a0\u00b0C Chr\u00e1n\u00ed [&hellip;]<\/p>\n","protected":false},"featured_media":54267,"template":"","meta":{"_acf_changed":false},"product_brand":[],"product_cat":[87,154],"product_tag":[],"class_list":{"0":"post-53120","1":"product","2":"type-product","3":"status-publish","4":"has-post-thumbnail","6":"product_cat-renewable-technologies","7":"product_cat-renewable-technologieschemistry","9":"first","10":"instock","11":"purchasable","12":"product-type-simple"},"acf":[],"_links":{"self":[{"href":"https:\/\/fernox.com\/cz\/wp-json\/wp\/v2\/product\/53120","targetHints":{"allow":["GET"]}}],"collection":[{"href":"https:\/\/fernox.com\/cz\/wp-json\/wp\/v2\/product"}],"about":[{"href":"https:\/\/fernox.com\/cz\/wp-json\/wp\/v2\/types\/product"}],"wp:featuredmedia":[{"embeddable":true,"href":"https:\/\/fernox.com\/cz\/wp-json\/wp\/v2\/media\/54267"}],"wp:attachment":[{"href":"https:\/\/fernox.com\/cz\/wp-json\/wp\/v2\/media?parent=53120"}],"wp:term":[{"taxonomy":"product_brand","embeddable":true,"href":"https:\/\/fernox.com\/cz\/wp-json\/wp\/v2\/product_brand?post=53120"},{"taxonomy":"product_cat","embeddable":true,"href":"https:\/\/fernox.com\/cz\/wp-json\/wp\/v2\/product_cat?post=53120"},{"taxonomy":"product_tag","embeddable":true,"href":"https:\/\/fernox.com\/cz\/wp-json\/wp\/v2\/product_tag?post=53120"}],"curies":[{"name":"wp","href":"https:\/\/api.w.org\/{rel}","templated":true}]}}