{"id":53106,"date":"2026-04-23T05:01:05","date_gmt":"2026-04-23T03:01:05","guid":{"rendered":"https:\/\/fernox.com\/cz\/product\/heat-transfer-fluid-hp-5-20-litre\/"},"modified":"2026-04-23T05:01:07","modified_gmt":"2026-04-23T03:01:07","slug":"heat-transfer-fluid-hp-5-20-litre","status":"publish","type":"product","link":"https:\/\/fernox.com\/cz\/product\/heat-transfer-fluid-hp-5-20-litre\/","title":{"rendered":"Heat Transfer Fluid HP-5 20 Litre"},"content":{"rendered":"<p>Netoxick\u00e1 kapalina pro p\u0159enos tepla p\u0159ipraven\u00e1 k pou\u017eit\u00ed pro vzduchov\u00e1 a zemn\u00ed tepeln\u00e1 \u010derpadla a podlahov\u00e9 vyt\u00e1p\u011bn\u00ed. Tento produkt je navr\u017een s ohledem na ochranu p\u0159ed koroz\u00ed, vodn\u00edm kamenem a bakteri\u00e1ln\u00ed kontaminac\u00ed a\u017e do -5\u00a0\u00b0C.<\/p>\n<ul>\n<li>Kapalina pro p\u0159enos tepla, p\u0159ipraven\u00e1 k okam\u017eit\u00e9mu pou\u017eit\u00ed, vhodn\u00e1 pro vzduchov\u00e1 a zemn\u00ed tepeln\u00e1 \u010derpadla a podlahov\u00e9 vyt\u00e1p\u011bn\u00ed\n<\/li>\n<li>Ochrana proti mrazu do -5\u00a0\u00b0C\n<\/li>\n<li>Chr\u00e1n\u00ed p\u0159ed koroz\u00ed a vodn\u00edm kamenem\n<\/li>\n<li>Vysok\u00fd v\u00fdkon, netoxick\u00e9 slo\u017een\u00ed\n<\/li>\n<li>Kompatibiln\u00ed se v\u0161emi materi\u00e1ly, kter\u00e9 se b\u011b\u017en\u011b vyskytuj\u00ed v syst\u00e9mech tepeln\u00fdch \u010derpadel a podlahov\u00e9ho vyt\u00e1p\u011bn\u00ed\n<\/li>\n<li>Produkt se stabiln\u00edm pH<br \/>\n<\/li>\n<\/ul>\n","protected":false},"excerpt":{"rendered":"<p>Netoxick\u00e1 kapalina pro p\u0159enos tepla p\u0159ipraven\u00e1 k pou\u017eit\u00ed pro vzduchov\u00e1 a zemn\u00ed tepeln\u00e1 \u010derpadla a podlahov\u00e9 vyt\u00e1p\u011bn\u00ed. Tento produkt je navr\u017een s ohledem na ochranu p\u0159ed koroz\u00ed, vodn\u00edm kamenem a bakteri\u00e1ln\u00ed kontaminac\u00ed a\u017e do -5\u00a0\u00b0C. Kapalina pro p\u0159enos tepla, p\u0159ipraven\u00e1 k okam\u017eit\u00e9mu pou\u017eit\u00ed, vhodn\u00e1 pro vzduchov\u00e1 a zemn\u00ed tepeln\u00e1 \u010derpadla a podlahov\u00e9 vyt\u00e1p\u011bn\u00ed Ochrana proti [&hellip;]<\/p>\n","protected":false},"featured_media":54382,"template":"","meta":{"_acf_changed":false},"product_brand":[],"product_cat":[87,154],"product_tag":[],"class_list":{"0":"post-53106","1":"product","2":"type-product","3":"status-publish","4":"has-post-thumbnail","6":"product_cat-renewable-technologies","7":"product_cat-renewable-technologieschemistry","9":"first","10":"instock","11":"purchasable","12":"product-type-simple"},"acf":[],"_links":{"self":[{"href":"https:\/\/fernox.com\/cz\/wp-json\/wp\/v2\/product\/53106","targetHints":{"allow":["GET"]}}],"collection":[{"href":"https:\/\/fernox.com\/cz\/wp-json\/wp\/v2\/product"}],"about":[{"href":"https:\/\/fernox.com\/cz\/wp-json\/wp\/v2\/types\/product"}],"wp:featuredmedia":[{"embeddable":true,"href":"https:\/\/fernox.com\/cz\/wp-json\/wp\/v2\/media\/54382"}],"wp:attachment":[{"href":"https:\/\/fernox.com\/cz\/wp-json\/wp\/v2\/media?parent=53106"}],"wp:term":[{"taxonomy":"product_brand","embeddable":true,"href":"https:\/\/fernox.com\/cz\/wp-json\/wp\/v2\/product_brand?post=53106"},{"taxonomy":"product_cat","embeddable":true,"href":"https:\/\/fernox.com\/cz\/wp-json\/wp\/v2\/product_cat?post=53106"},{"taxonomy":"product_tag","embeddable":true,"href":"https:\/\/fernox.com\/cz\/wp-json\/wp\/v2\/product_tag?post=53106"}],"curies":[{"name":"wp","href":"https:\/\/api.w.org\/{rel}","templated":true}]}}