{"id":53104,"date":"2026-04-20T17:05:06","date_gmt":"2026-04-20T15:05:06","guid":{"rendered":"https:\/\/fernox.com\/cz\/product\/limescale-remover-ds-3-2kg\/"},"modified":"2026-04-20T17:05:08","modified_gmt":"2026-04-20T15:05:08","slug":"limescale-remover-ds-3-2kg","status":"publish","type":"product","link":"https:\/\/fernox.com\/cz\/product\/limescale-remover-ds-3-2kg\/","title":{"rendered":"Limescale Remover DS-3 2kg"},"content":{"rendered":"<p>Produkt Limescale Preventer DS-3, kter\u00fd je \u0161etrn\u00fd k \u017eivotn\u00edmu prost\u0159ed\u00ed, je d\u00edky kyselin\u011b sulfamov\u00e9 ide\u00e1ln\u00ed pro odstra\u0148ov\u00e1n\u00ed usazen\u00e9ho vodn\u00edho kamene z dom\u00e1c\u00edch spot\u0159ebi\u010d\u016f a kotlov\u00fdch tepeln\u00fdch v\u00fdm\u011bn\u00edk\u016f. Produkt navr\u017een\u00fd s ohledem na spot\u0159ebitele, je bezpe\u010dn\u00fd a snadno pou\u017eiteln\u00fd; po ka\u017ed\u00e9 aplikaci produkt zm\u011bn\u00ed barvu, aby indikoval, kdy je DS-3 vy\u010derp\u00e1n a p\u0159ipraven k likvidaci.<\/p>\n<p>Fernox DS-3 se pou\u017e\u00edv\u00e1 k odstra\u0148ov\u00e1n\u00ed vodn\u00edho kamene z jak\u00e9hokoli typu oh\u0159\u00edva\u010de vody, aby se obnovila jeho \u00fa\u010dinnost. Lze bezpe\u010dn\u011b pou\u017e\u00edt na potrub\u00ed z ocele, nerezov\u00e9 ocele, litiny, m\u011bdi, mosazi, PVC, polyetyl\u00e9nov\u00e9 pry\u017ee ABS a v\u011bt\u0161inou plastov\u00fdch potrub\u00ed.<\/p>\n<p>Omezen\u00ed: Nepou\u017e\u00edvejte na tenk\u00fd nebo siln\u011b zkorodovan\u00fd hlin\u00edk, zinek, pozinkovanou ocel, akrylov\u00e9 (nap\u0159. plastov\u00e9 konvice a vany) chromovan\u00e9 nebo smaltovan\u00e9 povrchy (nap\u0159. vany), beton a azbest. V p\u0159\u00edpad\u011b pochybnost\u00ed konzultujte v\u00fdrobce za\u0159\u00edzen\u00ed.<\/p>\n<ul>\n<li>Obnovuje \u00fa\u010dinnost v\u0161ech typ\u016f oh\u0159\u00edva\u010d\u016f vody\n<\/li>\n<li>Siln\u00fd odstra\u0148ova\u010d vodn\u00edho kamene, kter\u00fd rozpou\u0161t\u00ed mno\u017estv\u00ed vodn\u00edho kamene rovn\u00e9 a\u017e 50% sv\u00e9 vlastn\u00ed v\u00e1hy\n<\/li>\n<li>Slo\u017een\u00ed zabra\u0148uj\u00edc\u00ed korozi\n<\/li>\n<li>Zm\u011bna barvy indikuje vy\u010derp\u00e1n\u00ed\n<\/li>\n<li>Bezpe\u010dn\u00e9 a snadn\u00e9 pou\u017eit\u00ed\n<\/li>\n<li>Schv\u00e1leno spole\u010dnost\u00ed Belgaqua. Dod\u00e1v\u00e1 se jako 2kg produkt<br \/>\n<\/li>\n<\/ul>\n","protected":false},"excerpt":{"rendered":"<p>Produkt Limescale Preventer DS-3, kter\u00fd je \u0161etrn\u00fd k \u017eivotn\u00edmu prost\u0159ed\u00ed, je d\u00edky kyselin\u011b sulfamov\u00e9 ide\u00e1ln\u00ed pro odstra\u0148ov\u00e1n\u00ed usazen\u00e9ho vodn\u00edho kamene z dom\u00e1c\u00edch spot\u0159ebi\u010d\u016f a kotlov\u00fdch tepeln\u00fdch v\u00fdm\u011bn\u00edk\u016f. Produkt navr\u017een\u00fd s ohledem na spot\u0159ebitele, je bezpe\u010dn\u00fd a snadno pou\u017eiteln\u00fd; po ka\u017ed\u00e9 aplikaci produkt zm\u011bn\u00ed barvu, aby indikoval, kdy je DS-3 vy\u010derp\u00e1n a p\u0159ipraven k likvidaci. Fernox [&hellip;]<\/p>\n","protected":false},"featured_media":54253,"template":"","meta":{"_acf_changed":false},"product_brand":[],"product_cat":[29],"product_tag":[],"class_list":{"0":"post-53104","1":"product","2":"type-product","3":"status-publish","4":"has-post-thumbnail","6":"product_cat-limescale-remedies","8":"first","9":"instock","10":"purchasable","11":"product-type-simple"},"acf":[],"_links":{"self":[{"href":"https:\/\/fernox.com\/cz\/wp-json\/wp\/v2\/product\/53104","targetHints":{"allow":["GET"]}}],"collection":[{"href":"https:\/\/fernox.com\/cz\/wp-json\/wp\/v2\/product"}],"about":[{"href":"https:\/\/fernox.com\/cz\/wp-json\/wp\/v2\/types\/product"}],"wp:featuredmedia":[{"embeddable":true,"href":"https:\/\/fernox.com\/cz\/wp-json\/wp\/v2\/media\/54253"}],"wp:attachment":[{"href":"https:\/\/fernox.com\/cz\/wp-json\/wp\/v2\/media?parent=53104"}],"wp:term":[{"taxonomy":"product_brand","embeddable":true,"href":"https:\/\/fernox.com\/cz\/wp-json\/wp\/v2\/product_brand?post=53104"},{"taxonomy":"product_cat","embeddable":true,"href":"https:\/\/fernox.com\/cz\/wp-json\/wp\/v2\/product_cat?post=53104"},{"taxonomy":"product_tag","embeddable":true,"href":"https:\/\/fernox.com\/cz\/wp-json\/wp\/v2\/product_tag?post=53104"}],"curies":[{"name":"wp","href":"https:\/\/api.w.org\/{rel}","templated":true}]}}