{"id":53097,"date":"2026-04-20T17:04:59","date_gmt":"2026-04-20T15:04:59","guid":{"rendered":"https:\/\/fernox.com\/cz\/product\/antifreeze-protector-alphi-11-25-litre\/"},"modified":"2026-04-20T17:05:03","modified_gmt":"2026-04-20T15:05:03","slug":"antifreeze-protector-alphi-11-25-litre","status":"publish","type":"product","link":"https:\/\/fernox.com\/cz\/product\/antifreeze-protector-alphi-11-25-litre\/","title":{"rendered":"Antifreeze Protector Alphi-11 25 Litre"},"content":{"rendered":"<p>Antifreeze Protector Alphi-11 je kombinovan\u00fd nemrznouc\u00ed a inhibi\u010dn\u00ed produkt, kter\u00fd poskytuje ochranu proti vnit\u0159n\u00ed korozi a tvorb\u011b vodn\u00edho kamene v \u00fast\u0159edn\u00edch topn\u00fdch syst\u00e9mech pro dom\u00e1cnost. Antifreeze Protector Alphi-11 je vhodn\u00e1 pro pou\u017eit\u00ed se v\u0161emi kovy a materi\u00e1ly b\u011b\u017en\u011b pou\u017e\u00edvan\u00fdmi v topn\u00fdch syst\u00e9mech. Pro dlouhodobou ochranu zajist\u011bte udr\u017eov\u00e1n\u00ed a ka\u017edoro\u010dn\u00ed kontrolu koncentrac\u00ed v r\u00e1mci servisu kotle nebo syst\u00e9mu. K dispozici jako 25 litrov\u00fd kapaln\u00fd produkt, netoxick\u00e9 a ekologick\u00e9 slo\u017een\u00ed, schv\u00e1leno podle Build Cert, KIWA a Belgaqua. Antifreeze Protector Alphi-11 je kompatibiln\u00ed se v\u0161emi ostatn\u00edmi produkty Fernox.<\/p>\n<ul>\n<li>Chr\u00e1n\u00ed p\u0159ed koroz\u00ed a vodn\u00edm kamenem v syst\u00e9mech \u00fast\u0159edn\u00edho topen\u00ed a udr\u017euje energetickou \u00fa\u010dinnost\n<\/li>\n<li>Nemrznouc\u00ed kapalina v kombinaci s inhibitorem koroze pro del\u0161\u00ed \u017eivotnost syst\u00e9mu\n<\/li>\n<li>Br\u00e1n\u00ed zamrznut\u00ed potrub\u00ed\n<\/li>\n<li>Kompatibiln\u00ed se v\u0161emi kovy a materi\u00e1ly b\u011b\u017en\u011b pou\u017e\u00edvan\u00fdmi v topn\u00fdch syst\u00e9mech v\u010detn\u011b hlin\u00edku\n<\/li>\n<li>Netoxick\u00fd p\u0159\u00edpravek \u0161etrn\u00fd k \u017eivotn\u00edmu prost\u0159ed\u00ed, schv\u00e1leno od Buildcert, KIWA a Belgaqua\n<p><\/li>\n<\/ul>\n","protected":false},"excerpt":{"rendered":"<p>Antifreeze Protector Alphi-11 je kombinovan\u00fd nemrznouc\u00ed a inhibi\u010dn\u00ed produkt, kter\u00fd poskytuje ochranu proti vnit\u0159n\u00ed korozi a tvorb\u011b vodn\u00edho kamene v \u00fast\u0159edn\u00edch topn\u00fdch syst\u00e9mech pro dom\u00e1cnost. Antifreeze Protector Alphi-11 je vhodn\u00e1 pro pou\u017eit\u00ed se v\u0161emi kovy a materi\u00e1ly b\u011b\u017en\u011b pou\u017e\u00edvan\u00fdmi v topn\u00fdch syst\u00e9mech. Pro dlouhodobou ochranu zajist\u011bte udr\u017eov\u00e1n\u00ed a ka\u017edoro\u010dn\u00ed kontrolu koncentrac\u00ed v r\u00e1mci servisu kotle [&hellip;]<\/p>\n","protected":false},"featured_media":54251,"template":"","meta":{"_acf_changed":false},"product_brand":[],"product_cat":[24],"product_tag":[],"class_list":{"0":"post-53097","1":"product","2":"type-product","3":"status-publish","4":"has-post-thumbnail","6":"product_cat-inhibitors-protectors","8":"first","9":"instock","10":"purchasable","11":"product-type-simple"},"acf":[],"_links":{"self":[{"href":"https:\/\/fernox.com\/cz\/wp-json\/wp\/v2\/product\/53097","targetHints":{"allow":["GET"]}}],"collection":[{"href":"https:\/\/fernox.com\/cz\/wp-json\/wp\/v2\/product"}],"about":[{"href":"https:\/\/fernox.com\/cz\/wp-json\/wp\/v2\/types\/product"}],"wp:featuredmedia":[{"embeddable":true,"href":"https:\/\/fernox.com\/cz\/wp-json\/wp\/v2\/media\/54251"}],"wp:attachment":[{"href":"https:\/\/fernox.com\/cz\/wp-json\/wp\/v2\/media?parent=53097"}],"wp:term":[{"taxonomy":"product_brand","embeddable":true,"href":"https:\/\/fernox.com\/cz\/wp-json\/wp\/v2\/product_brand?post=53097"},{"taxonomy":"product_cat","embeddable":true,"href":"https:\/\/fernox.com\/cz\/wp-json\/wp\/v2\/product_cat?post=53097"},{"taxonomy":"product_tag","embeddable":true,"href":"https:\/\/fernox.com\/cz\/wp-json\/wp\/v2\/product_tag?post=53097"}],"curies":[{"name":"wp","href":"https:\/\/api.w.org\/{rel}","templated":true}]}}