{"id":53094,"date":"2026-04-20T17:04:59","date_gmt":"2026-04-20T15:04:59","guid":{"rendered":"https:\/\/fernox.com\/cz\/product\/leak-sealer-f4-500ml\/"},"modified":"2026-04-20T17:05:01","modified_gmt":"2026-04-20T15:05:01","slug":"leak-sealer-f4-500ml","status":"publish","type":"product","link":"https:\/\/fernox.com\/cz\/product\/leak-sealer-f4-500ml\/","title":{"rendered":"Leak Sealer F4 500ml"},"content":{"rendered":"<p>Leak Sealer F4 je vnit\u0159n\u00ed ut\u011bs\u0148ova\u010d vyvinut\u00fd pro pou\u017eit\u00ed v cel\u00e9m syst\u00e9mu \u00fast\u0159edn\u00edho topen\u00ed k ut\u011bsn\u011bn\u00ed mal\u00fdch, nep\u0159\u00edstupn\u00fdch \u00fanik\u016f a plak\u016f, kter\u00e9 mohou zp\u016fsobit ztr\u00e1tu tlaku a poruchu kotle. Jakmile se produkt rozpt\u00fdl\u00ed v syst\u00e9mu, najde oblast vnik\u00e1n\u00ed kysl\u00edku a vytvo\u0159\u00ed polymer, kter\u00fd net\u011bsnost ucpe. Tento \u0161pi\u010dkov\u00fd chemick\u00fd produkt pro \u00fapravu vody s unik\u00e1tn\u00ed t\u011bsn\u00edc\u00ed \u00fa\u010dinnost\u00ed do 1\u201324 hodin po aplikaci prokazateln\u011b zabra\u0148uje blokov\u00e1n\u00ed nebo omezen\u00ed toku uvnit\u0159 kotle nebo zraniteln\u00fdch sou\u010d\u00e1st\u00ed syst\u00e9mu, jako jsou \u010derpadla a bezpe\u010dnostn\u00ed za\u0159\u00edzen\u00ed. Net\u011bsnost lze rychle a \u00fa\u010dinn\u011b ucpat bez nutnosti vypou\u0161t\u011bn\u00ed cel\u00e9ho syst\u00e9mu.<\/p>\n<ul>\n<li>Ide\u00e1ln\u00ed pro sn\u00ed\u017een\u00ed tlakov\u00fdch ztr\u00e1t v uzav\u0159en\u00fdch syst\u00e9mech\n<\/li>\n<li>Rychle vyhled\u00e1v\u00e1 a ut\u011bs\u0148uje nep\u0159\u00edstupn\u00e9, vnit\u0159n\u00ed mikroskopick\u00e9 net\u011bsnosti\n<\/li>\n<li>\u0160et\u0159\u00ed \u010das a pen\u00edze p\u0159i odvod\u0148ov\u00e1n\u00ed a oprav\u00e1ch\n<\/li>\n<li>Bezpe\u010dn\u00e9 pou\u017eit\u00ed \u2013 nezp\u016fsobuje ucp\u00e1n\u00ed potrub\u00ed nebo zraniteln\u00fdch sou\u010d\u00e1st\u00ed kotle, jako jsou \u010derpadla, v\u011btrac\u00ed otvory a v\u00fdm\u011bn\u00edky tepla\n<\/li>\n<li>Ponech\u00e1v\u00e1 se trvale v syst\u00e9mu \u2013 kompatibiln\u00ed se v\u0161emi kovy a materi\u00e1ly v\u010detn\u011b hlin\u00edku\n<\/li>\n<li>Jedna 500ml recyklovateln\u00e1 n\u00e1dobka o\u0161et\u0159\u00ed a\u017e 130 litr\u016f vody v syst\u00e9mu (16 radi\u00e1tor\u016f) a ekvivalent 250m2 podlahov\u00fdch syst\u00e9m\u016f.<br \/>\n<\/li>\n<\/ul>\n","protected":false},"excerpt":{"rendered":"<p>Leak Sealer F4 je vnit\u0159n\u00ed ut\u011bs\u0148ova\u010d vyvinut\u00fd pro pou\u017eit\u00ed v cel\u00e9m syst\u00e9mu \u00fast\u0159edn\u00edho topen\u00ed k ut\u011bsn\u011bn\u00ed mal\u00fdch, nep\u0159\u00edstupn\u00fdch \u00fanik\u016f a plak\u016f, kter\u00e9 mohou zp\u016fsobit ztr\u00e1tu tlaku a poruchu kotle. Jakmile se produkt rozpt\u00fdl\u00ed v syst\u00e9mu, najde oblast vnik\u00e1n\u00ed kysl\u00edku a vytvo\u0159\u00ed polymer, kter\u00fd net\u011bsnost ucpe. Tento \u0161pi\u010dkov\u00fd chemick\u00fd produkt pro \u00fapravu vody s unik\u00e1tn\u00ed t\u011bsn\u00edc\u00ed [&hellip;]<\/p>\n","protected":false},"featured_media":54247,"template":"","meta":{"_acf_changed":false},"product_brand":[],"product_cat":[30],"product_tag":[],"class_list":{"0":"post-53094","1":"product","2":"type-product","3":"status-publish","4":"has-post-thumbnail","6":"product_cat-leak-sealers","8":"first","9":"instock","10":"purchasable","11":"product-type-simple"},"acf":[],"_links":{"self":[{"href":"https:\/\/fernox.com\/cz\/wp-json\/wp\/v2\/product\/53094","targetHints":{"allow":["GET"]}}],"collection":[{"href":"https:\/\/fernox.com\/cz\/wp-json\/wp\/v2\/product"}],"about":[{"href":"https:\/\/fernox.com\/cz\/wp-json\/wp\/v2\/types\/product"}],"wp:featuredmedia":[{"embeddable":true,"href":"https:\/\/fernox.com\/cz\/wp-json\/wp\/v2\/media\/54247"}],"wp:attachment":[{"href":"https:\/\/fernox.com\/cz\/wp-json\/wp\/v2\/media?parent=53094"}],"wp:term":[{"taxonomy":"product_brand","embeddable":true,"href":"https:\/\/fernox.com\/cz\/wp-json\/wp\/v2\/product_brand?post=53094"},{"taxonomy":"product_cat","embeddable":true,"href":"https:\/\/fernox.com\/cz\/wp-json\/wp\/v2\/product_cat?post=53094"},{"taxonomy":"product_tag","embeddable":true,"href":"https:\/\/fernox.com\/cz\/wp-json\/wp\/v2\/product_tag?post=53094"}],"curies":[{"name":"wp","href":"https:\/\/api.w.org\/{rel}","templated":true}]}}