{"id":53090,"date":"2026-04-07T12:29:52","date_gmt":"2026-04-07T10:29:52","guid":{"rendered":"https:\/\/fernox.com\/cz\/product\/cleaner-f3-500ml\/"},"modified":"2026-04-07T12:29:53","modified_gmt":"2026-04-07T10:29:53","slug":"cleaner-f3-500ml","status":"publish","type":"product","link":"https:\/\/fernox.com\/cz\/product\/cleaner-f3-500ml\/","title":{"rendered":"Cleaner F3 500ml"},"content":{"rendered":"<p>Cleaner F3 je \u00fa\u010dinn\u00fd univerz\u00e1ln\u00ed pH neutr\u00e1ln\u00ed, nep\u011bniv\u00fd tekut\u00fd \u010disti\u010d, kter\u00fd odstra\u0148uje kal, vodn\u00ed k\u00e1men a zbytky ze st\u00e1vaj\u00edc\u00edch syst\u00e9m\u016f \u00fast\u0159edn\u00edho vyt\u00e1p\u011bn\u00ed, aby se obnovila \u00fa\u010dinnost vyt\u00e1p\u011bn\u00ed a eliminoval hluk kotle. P\u0159i uv\u00e1d\u011bn\u00ed nov\u00fdch syst\u00e9m\u016f do provozu v souladu s m\u00edstn\u00edmi p\u0159edpisy a spr\u00e1vn\u00fdmi postupy tento Cleaner F3 ide\u00e1ln\u011b odstra\u0148uje zbytky tavidla a dal\u0161\u00ed zbytky, co\u017e pom\u00e1h\u00e1 prodlou\u017eit \u017eivotnost kotle a zvy\u0161uje \u00fa\u010dinnost syst\u00e9mu. Je vhodn\u00fd pro pou\u017eit\u00ed p\u0159i proplachov\u00e1n\u00ed pro urychlen\u00ed procesu \u010di\u0161t\u011bn\u00ed. Je to produkt, kter\u00fd nen\u00ed nebezpe\u010dn\u00fd a je kompatibiln\u00ed se v\u0161emi kovy b\u011b\u017en\u011b pou\u017e\u00edvan\u00fdmi v topn\u00fdch syst\u00e9mech v\u010detn\u011b hlin\u00edku.<\/p>\n<ul>\n<li>\u00da\u010dinn\u00fd univerz\u00e1ln\u00ed \u010disti\u010d pro p\u0159edb\u011b\u017en\u00e9 uveden\u00ed do provozu nov\u00fdch i st\u00e1vaj\u00edc\u00edch syst\u00e9m\u016f\n<\/li>\n<li>Odstra\u0148uje kal, vodn\u00ed k\u00e1men a jin\u00e9 mont\u00e1\u017en\u00ed ne\u010distoty, aby se obnovila energetick\u00e1 \u00fa\u010dinnost a prodlou\u017eila \u017eivotnost syst\u00e9mu a kotle\n<\/li>\n<li>P\u0159i pou\u017eit\u00ed ve spojen\u00ed s Protector F1 lze dos\u00e1hnout \u00faspory plynu a\u017e 15% p\u0159i ka\u017ed\u00e9m vyt\u00e1p\u011bn\u00ed va\u0161eho pokoje\n<\/li>\n<li>Kompatibiln\u00ed se v\u0161emi kovy a materi\u00e1ly b\u011b\u017en\u011b pou\u017e\u00edvan\u00fdmi v topn\u00fdch syst\u00e9mech v\u010detn\u011b hlin\u00edku\n<\/li>\n<li>Jedna 500ml recyklovateln\u00e1 n\u00e1dobka o\u0161et\u0159\u00ed a\u017e 130 litr\u016f vody v syst\u00e9mu (16 radi\u00e1tor\u016f) a ekvivalent 250m2 podlahov\u00fdch syst\u00e9m\u016f.\n<\/li>\n<li>pH neutr\u00e1ln\u00ed, bezpe\u010dn\u00fd, nep\u011bn\u00edc\u00ed p\u0159\u00edpravek, kter\u00fd lze ze syst\u00e9mu rychle a snadno odstranit \u2013 \u0161et\u0159\u00ed \u010das na m\u00edst\u011b<br \/>\n<\/li>\n<\/ul>\n","protected":false},"excerpt":{"rendered":"<p>Cleaner F3 je \u00fa\u010dinn\u00fd univerz\u00e1ln\u00ed pH neutr\u00e1ln\u00ed, nep\u011bniv\u00fd tekut\u00fd \u010disti\u010d, kter\u00fd odstra\u0148uje kal, vodn\u00ed k\u00e1men a zbytky ze st\u00e1vaj\u00edc\u00edch syst\u00e9m\u016f \u00fast\u0159edn\u00edho vyt\u00e1p\u011bn\u00ed, aby se obnovila \u00fa\u010dinnost vyt\u00e1p\u011bn\u00ed a eliminoval hluk kotle. P\u0159i uv\u00e1d\u011bn\u00ed nov\u00fdch syst\u00e9m\u016f do provozu v souladu s m\u00edstn\u00edmi p\u0159edpisy a spr\u00e1vn\u00fdmi postupy tento Cleaner F3 ide\u00e1ln\u011b odstra\u0148uje zbytky tavidla a dal\u0161\u00ed zbytky, [&hellip;]<\/p>\n","protected":false},"featured_media":53876,"template":"","meta":{"_acf_changed":false},"product_brand":[],"product_cat":[18],"product_tag":[],"class_list":{"0":"post-53090","1":"product","2":"type-product","3":"status-publish","4":"has-post-thumbnail","6":"product_cat-cleaners","8":"first","9":"instock","10":"featured","11":"purchasable","12":"product-type-simple"},"acf":[],"_links":{"self":[{"href":"https:\/\/fernox.com\/cz\/wp-json\/wp\/v2\/product\/53090","targetHints":{"allow":["GET"]}}],"collection":[{"href":"https:\/\/fernox.com\/cz\/wp-json\/wp\/v2\/product"}],"about":[{"href":"https:\/\/fernox.com\/cz\/wp-json\/wp\/v2\/types\/product"}],"wp:featuredmedia":[{"embeddable":true,"href":"https:\/\/fernox.com\/cz\/wp-json\/wp\/v2\/media\/53876"}],"wp:attachment":[{"href":"https:\/\/fernox.com\/cz\/wp-json\/wp\/v2\/media?parent=53090"}],"wp:term":[{"taxonomy":"product_brand","embeddable":true,"href":"https:\/\/fernox.com\/cz\/wp-json\/wp\/v2\/product_brand?post=53090"},{"taxonomy":"product_cat","embeddable":true,"href":"https:\/\/fernox.com\/cz\/wp-json\/wp\/v2\/product_cat?post=53090"},{"taxonomy":"product_tag","embeddable":true,"href":"https:\/\/fernox.com\/cz\/wp-json\/wp\/v2\/product_tag?post=53090"}],"curies":[{"name":"wp","href":"https:\/\/api.w.org\/{rel}","templated":true}]}}