{"id":53087,"date":"2026-04-20T17:04:55","date_gmt":"2026-04-20T15:04:55","guid":{"rendered":"https:\/\/fernox.com\/cz\/product\/protector-f1-500ml\/"},"modified":"2026-04-20T17:04:57","modified_gmt":"2026-04-20T15:04:57","slug":"protector-f1-500ml","status":"publish","type":"product","link":"https:\/\/fernox.com\/cz\/product\/protector-f1-500ml\/","title":{"rendered":"Protector F1 500ml"},"content":{"rendered":"<p>Protector F1 je p\u0159edn\u00edm inhibitorem na trhu, kter\u00fd zamezuje korozi a tvorb\u011b vodn\u00edho kamene v syst\u00e9mech \u00fast\u0159edn\u00edho topen\u00ed v dom\u00e1cnostech. Tento vysoce \u00fa\u010dinn\u00fd produkt nab\u00edz\u00ed vynikaj\u00edc\u00ed ochranu d\u00edky jedine\u010dn\u00e9 kombinaci t\u0159\u00ed inhibitor\u016f organick\u00fdch \u010d\u00e1stic, kter\u00e9 se v\u00e1\u017eou na kov v topn\u00e9m syst\u00e9mu a chr\u00e1n\u00ed p\u0159ed ne\u010distotami, d\u00e1le d\u00edky anodick\u00fdm inhibitor\u016f, kter\u00e9 reaguj\u00ed s kovov\u00fdm povrchem syst\u00e9mu a vytv\u00e1\u0159ej\u00ed ochrannou vrstvu, a katodick\u00fdm inhibitor\u016f, kter\u00e9 se spojuj\u00ed se solemi tvrd\u00e9 vody za vzniku nerozpustn\u00e9 vrstvy. Fernox Protector F1 tak\u00e9 obsahuje vylep\u0161en\u00e9 bufrov\u00e1n\u00ed pH, aby bylo zaji\u0161t\u011bno, \u017ee hladina vody v syst\u00e9mu neklesne pod 6,5 nebo nevystoup\u00e1 nad 8,5 \u2013 optim\u00e1ln\u00ed rozmez\u00ed pH pro prevenci koroze a usazov\u00e1n\u00ed vodn\u00edho kamene. Pro dlouhodobou ochranu zajist\u011bte v r\u00e1mci servisu kotle nebo syst\u00e9mu udr\u017eov\u00e1n\u00ed a ka\u017edoro\u010dn\u00ed kontrolu koncentrac\u00ed v souladu s m\u00edstn\u00edmi p\u0159edpisy a spr\u00e1vn\u00fdmi postupy. Protector F1 je kompatibiln\u00ed se v\u0161emi ostatn\u00edmi produkty Fernox a je vhodn\u00fd pro pou\u017eit\u00ed se v\u0161emi materi\u00e1ly a kovy pou\u017e\u00edvan\u00fdmi v syst\u00e9mech \u00fast\u0159edn\u00edho topen\u00ed v\u010detn\u011b hlin\u00edku<\/p>\n<ul>\n<li>Chr\u00e1n\u00ed p\u0159ed koroz\u00ed a vodn\u00edm kamenem v kombinovan\u00fdch kovov\u00fdch syst\u00e9mech \u00fast\u0159edn\u00edho topen\u00ed, aby nedoch\u00e1zelo k poruch\u00e1m a p\u0159ed\u010dasn\u00e9mu selh\u00e1n\u00ed kotle\n<\/li>\n<li>P\u0159i pou\u017eit\u00ed ve spojen\u00ed s produktem Cleaner F3 lze dos\u00e1hnout \u00faspory plynu a\u017e 15 % p\u0159i ka\u017ed\u00e9m vyt\u00e1p\u011bn\u00ed va\u0161eho prostoru\n<\/li>\n<li>Eliminuje pot\u0159ebu \u010dast\u00e9ho odvzdu\u0161\u0148ov\u00e1n\u00ed radi\u00e1tor\u016f i studen\u00e9 body v radi\u00e1torech\n<\/li>\n<li>Sni\u017euje n\u00e1klady na \u00fadr\u017ebu, udr\u017euje energetickou efektivitu a \u0161et\u0159\u00ed n\u00e1klady na palivo\n<\/li>\n<li>Spl\u0148uje z\u00e1ru\u010dn\u00ed po\u017eadavky v\u00fdrobce kotle\n<\/li>\n<li>Vysoce v\u00fdkonn\u00fd, netoxick\u00fd, \u0161etrn\u00fd k \u017eivotn\u00edmu prost\u0159ed\u00ed \u2013 slo\u017een\u00ed schv\u00e1leno od NSF CIAS, KIWA a Belgaqua<br \/>\n<\/li>\n<\/ul>\n","protected":false},"excerpt":{"rendered":"<p>Protector F1 je p\u0159edn\u00edm inhibitorem na trhu, kter\u00fd zamezuje korozi a tvorb\u011b vodn\u00edho kamene v syst\u00e9mech \u00fast\u0159edn\u00edho topen\u00ed v dom\u00e1cnostech. Tento vysoce \u00fa\u010dinn\u00fd produkt nab\u00edz\u00ed vynikaj\u00edc\u00ed ochranu d\u00edky jedine\u010dn\u00e9 kombinaci t\u0159\u00ed inhibitor\u016f organick\u00fdch \u010d\u00e1stic, kter\u00e9 se v\u00e1\u017eou na kov v topn\u00e9m syst\u00e9mu a chr\u00e1n\u00ed p\u0159ed ne\u010distotami, d\u00e1le d\u00edky anodick\u00fdm inhibitor\u016f, kter\u00e9 reaguj\u00ed s kovov\u00fdm povrchem [&hellip;]<\/p>\n","protected":false},"featured_media":54245,"template":"","meta":{"_acf_changed":false},"product_brand":[],"product_cat":[24],"product_tag":[],"class_list":{"0":"post-53087","1":"product","2":"type-product","3":"status-publish","4":"has-post-thumbnail","6":"product_cat-inhibitors-protectors","8":"first","9":"instock","10":"featured","11":"purchasable","12":"product-type-simple"},"acf":[],"_links":{"self":[{"href":"https:\/\/fernox.com\/cz\/wp-json\/wp\/v2\/product\/53087","targetHints":{"allow":["GET"]}}],"collection":[{"href":"https:\/\/fernox.com\/cz\/wp-json\/wp\/v2\/product"}],"about":[{"href":"https:\/\/fernox.com\/cz\/wp-json\/wp\/v2\/types\/product"}],"wp:featuredmedia":[{"embeddable":true,"href":"https:\/\/fernox.com\/cz\/wp-json\/wp\/v2\/media\/54245"}],"wp:attachment":[{"href":"https:\/\/fernox.com\/cz\/wp-json\/wp\/v2\/media?parent=53087"}],"wp:term":[{"taxonomy":"product_brand","embeddable":true,"href":"https:\/\/fernox.com\/cz\/wp-json\/wp\/v2\/product_brand?post=53087"},{"taxonomy":"product_cat","embeddable":true,"href":"https:\/\/fernox.com\/cz\/wp-json\/wp\/v2\/product_cat?post=53087"},{"taxonomy":"product_tag","embeddable":true,"href":"https:\/\/fernox.com\/cz\/wp-json\/wp\/v2\/product_tag?post=53087"}],"curies":[{"name":"wp","href":"https:\/\/api.w.org\/{rel}","templated":true}]}}