{"id":53084,"date":"2026-04-20T17:04:55","date_gmt":"2026-04-20T15:04:55","guid":{"rendered":"https:\/\/fernox.com\/cz\/product\/ds40-descaler-cleaner-2kg\/"},"modified":"2026-04-20T17:04:56","modified_gmt":"2026-04-20T15:04:56","slug":"ds40-descaler-cleaner-2kg","status":"publish","type":"product","link":"https:\/\/fernox.com\/cz\/product\/ds40-descaler-cleaner-2kg\/","title":{"rendered":"DS40 Descaler &#038; Cleaner 2kg"},"content":{"rendered":"<p>DS40 Descaler a Cleaner je rychle p\u016fsob\u00edc\u00ed kysel\u00fd \u010disti\u010d na b\u00e1zi kyseliny citronov\u00e9, kter\u00fd je navr\u017een tak, aby odstra\u0148oval v\u00e1penat\u00fd magnetit nebo \u010dern\u00fd kal a dal\u0161\u00ed kontaminanty syst\u00e9mu. Ide\u00e1ln\u00ed pro pou\u017eit\u00ed p\u0159i proplachov\u00e1n\u00ed, lze jej tak\u00e9 pou\u017e\u00edt k samostatn\u00e9mu odv\u00e1pn\u011bn\u00ed v\u00fdm\u011bn\u00edku tepla nebo komponent kotle. Dod\u00e1v\u00e1 se s kapaln\u00fdm neutraliza\u010dn\u00edm \u010dinidlem<\/p>\n<ul>\n<li>Rychle odstra\u0148uje vodn\u00ed k\u00e1men, \u010dern\u00fd kal a dal\u0161\u00ed usazeniny\n<\/li>\n<li>Obnovuje cirkulaci a zlep\u0161uje \u00fa\u010dinnost vyt\u00e1p\u011bn\u00ed\n<\/li>\n<li>Voln\u011b tekouc\u00ed pr\u00e1\u0161ek pro snadn\u00e9 pou\u017eit\u00ed s proplachovac\u00edmi jednotkami nebo aplikac\u00ed p\u0159es F&#038;E n\u00e1dr\u017e nebo injektor pro uzav\u0159en\u00e9 vyt\u00e1p\u011bc\u00ed syst\u00e9my\n<\/li>\n<li>Kdy\u017e je produkt vy\u010derp\u00e1n, zm\u011bn\u00ed barvu na \u017elutou \u2013 s produktem se dod\u00e1v\u00e1 neutraliza\u010dn\u00ed \u010dinidlo\n<\/li>\n<li>Kompatibiln\u00ed se v\u0161emi sm\u00ed\u0161en\u00fdmi kovov\u00fdmi syst\u00e9my v\u010detn\u011b hlin\u00edku\n<\/li>\n<li>S produktem se dod\u00e1v\u00e1 snadno pou\u017eiteln\u00e9 kapaln\u00e9 neutraliza\u010dn\u00ed \u010dinidlo<br \/>\n<\/li>\n<\/ul>\n","protected":false},"excerpt":{"rendered":"<p>DS40 Descaler a Cleaner je rychle p\u016fsob\u00edc\u00ed kysel\u00fd \u010disti\u010d na b\u00e1zi kyseliny citronov\u00e9, kter\u00fd je navr\u017een tak, aby odstra\u0148oval v\u00e1penat\u00fd magnetit nebo \u010dern\u00fd kal a dal\u0161\u00ed kontaminanty syst\u00e9mu. Ide\u00e1ln\u00ed pro pou\u017eit\u00ed p\u0159i proplachov\u00e1n\u00ed, lze jej tak\u00e9 pou\u017e\u00edt k samostatn\u00e9mu odv\u00e1pn\u011bn\u00ed v\u00fdm\u011bn\u00edku tepla nebo komponent kotle. Dod\u00e1v\u00e1 se s kapaln\u00fdm neutraliza\u010dn\u00edm \u010dinidlem Rychle odstra\u0148uje vodn\u00ed k\u00e1men, [&hellip;]<\/p>\n","protected":false},"featured_media":54244,"template":"","meta":{"_acf_changed":false},"product_brand":[],"product_cat":[18],"product_tag":[],"class_list":{"0":"post-53084","1":"product","2":"type-product","3":"status-publish","4":"has-post-thumbnail","6":"product_cat-cleaners","8":"first","9":"instock","10":"purchasable","11":"product-type-simple"},"acf":[],"_links":{"self":[{"href":"https:\/\/fernox.com\/cz\/wp-json\/wp\/v2\/product\/53084","targetHints":{"allow":["GET"]}}],"collection":[{"href":"https:\/\/fernox.com\/cz\/wp-json\/wp\/v2\/product"}],"about":[{"href":"https:\/\/fernox.com\/cz\/wp-json\/wp\/v2\/types\/product"}],"wp:featuredmedia":[{"embeddable":true,"href":"https:\/\/fernox.com\/cz\/wp-json\/wp\/v2\/media\/54244"}],"wp:attachment":[{"href":"https:\/\/fernox.com\/cz\/wp-json\/wp\/v2\/media?parent=53084"}],"wp:term":[{"taxonomy":"product_brand","embeddable":true,"href":"https:\/\/fernox.com\/cz\/wp-json\/wp\/v2\/product_brand?post=53084"},{"taxonomy":"product_cat","embeddable":true,"href":"https:\/\/fernox.com\/cz\/wp-json\/wp\/v2\/product_cat?post=53084"},{"taxonomy":"product_tag","embeddable":true,"href":"https:\/\/fernox.com\/cz\/wp-json\/wp\/v2\/product_tag?post=53084"}],"curies":[{"name":"wp","href":"https:\/\/api.w.org\/{rel}","templated":true}]}}