{"id":53076,"date":"2026-04-20T17:04:49","date_gmt":"2026-04-20T15:04:49","guid":{"rendered":"https:\/\/fernox.com\/cz\/product\/protector-solar-s1-10-litre\/"},"modified":"2026-04-20T17:04:52","modified_gmt":"2026-04-20T15:04:52","slug":"protector-solar-s1-10-litre","status":"publish","type":"product","link":"https:\/\/fernox.com\/cz\/product\/protector-solar-s1-10-litre\/","title":{"rendered":"Protector Solar S1 10 litre"},"content":{"rendered":"<p>Inhibovan\u00e1 kapalina pro p\u0159enos tepla, kter\u00e1 je navr\u017eena tak, aby chr\u00e1nila v\u0161echny sol\u00e1rn\u00ed syst\u00e9my tepeln\u00e9ho vyt\u00e1p\u011bn\u00ed p\u0159i zv\u00fd\u0161en\u00fdch teplot\u00e1ch. Tento produkt je \u00fa\u010dinn\u00fd jak v plynn\u00e9m, tak v kapaln\u00e9m stavu p\u0159i teplot\u00e1ch vy\u0161\u0161\u00edch ne\u017e 180\u00a0\u00b0C.<\/p>\n<ul>\n<li>Ochrana proti mrazu do -28\u00a0\u00b0C\n<\/li>\n<li>T\u011bkav\u00fd inhibitor koroze pro ochranu v plynn\u00e9 a kapaln\u00e9 f\u00e1zi\n<\/li>\n<li>Stabiln\u00ed pH v cel\u00e9m rozsahu provozn\u00edch teplot\n<\/li>\n<li>Kompatibiln\u00ed se v\u0161emi zna\u010dkami a modely sol\u00e1rn\u00edch panel\u016f\n<\/li>\n<li>Srovn\u00e1n s ostatn\u00edmi prvot\u0159\u00eddn\u00edmi produkty na trhu\n<p><\/li>\n<\/ul>\n","protected":false},"excerpt":{"rendered":"<p>Inhibovan\u00e1 kapalina pro p\u0159enos tepla, kter\u00e1 je navr\u017eena tak, aby chr\u00e1nila v\u0161echny sol\u00e1rn\u00ed syst\u00e9my tepeln\u00e9ho vyt\u00e1p\u011bn\u00ed p\u0159i zv\u00fd\u0161en\u00fdch teplot\u00e1ch. Tento produkt je \u00fa\u010dinn\u00fd jak v plynn\u00e9m, tak v kapaln\u00e9m stavu p\u0159i teplot\u00e1ch vy\u0161\u0161\u00edch ne\u017e 180\u00a0\u00b0C. Ochrana proti mrazu do -28\u00a0\u00b0C T\u011bkav\u00fd inhibitor koroze pro ochranu v plynn\u00e9 a kapaln\u00e9 f\u00e1zi Stabiln\u00ed pH v cel\u00e9m rozsahu [&hellip;]<\/p>\n","protected":false},"featured_media":54242,"template":"","meta":{"_acf_changed":false},"product_brand":[],"product_cat":[87,154],"product_tag":[],"class_list":{"0":"post-53076","1":"product","2":"type-product","3":"status-publish","4":"has-post-thumbnail","6":"product_cat-renewable-technologies","7":"product_cat-renewable-technologieschemistry","9":"first","10":"instock","11":"purchasable","12":"product-type-simple"},"acf":[],"_links":{"self":[{"href":"https:\/\/fernox.com\/cz\/wp-json\/wp\/v2\/product\/53076","targetHints":{"allow":["GET"]}}],"collection":[{"href":"https:\/\/fernox.com\/cz\/wp-json\/wp\/v2\/product"}],"about":[{"href":"https:\/\/fernox.com\/cz\/wp-json\/wp\/v2\/types\/product"}],"wp:featuredmedia":[{"embeddable":true,"href":"https:\/\/fernox.com\/cz\/wp-json\/wp\/v2\/media\/54242"}],"wp:attachment":[{"href":"https:\/\/fernox.com\/cz\/wp-json\/wp\/v2\/media?parent=53076"}],"wp:term":[{"taxonomy":"product_brand","embeddable":true,"href":"https:\/\/fernox.com\/cz\/wp-json\/wp\/v2\/product_brand?post=53076"},{"taxonomy":"product_cat","embeddable":true,"href":"https:\/\/fernox.com\/cz\/wp-json\/wp\/v2\/product_cat?post=53076"},{"taxonomy":"product_tag","embeddable":true,"href":"https:\/\/fernox.com\/cz\/wp-json\/wp\/v2\/product_tag?post=53076"}],"curies":[{"name":"wp","href":"https:\/\/api.w.org\/{rel}","templated":true}]}}