{"id":53071,"date":"2026-04-20T17:04:49","date_gmt":"2026-04-20T15:04:49","guid":{"rendered":"https:\/\/fernox.com\/cz\/product\/power-cleaner-f8-500ml\/"},"modified":"2026-04-20T17:04:50","modified_gmt":"2026-04-20T15:04:50","slug":"power-cleaner-f8-500ml","status":"publish","type":"product","link":"https:\/\/fernox.com\/cz\/product\/power-cleaner-f8-500ml\/","title":{"rendered":"Power Cleaner F8 500ml"},"content":{"rendered":"<p>Power Cleaner F8 je vysoce \u00fa\u010dinn\u00fd \u010distic\u00ed prost\u0159edek na b\u00e1zi kyseliny citronov\u00e9 vyvinut\u00fd k odstra\u0148ov\u00e1n\u00ed kal\u016f, ne\u010distot a vodn\u00edho kamene ze siln\u011b zne\u010di\u0161t\u011bn\u00fdch topn\u00fdch syst\u00e9m\u016f. Je vhodn\u00fd pro p\u0159\u00edpady modernizace a v\u00fdm\u011bny kotl\u016f, kdy je nutn\u00e9 rychle a d\u016fkladn\u011b vy\u010distit st\u00e1vaj\u00edc\u00ed syst\u00e9my. \u00da\u010dinnost tohoto \u010distic\u00edho prost\u0159edku s rychl\u00fdm \u00fa\u010dinkem a neutr\u00e1ln\u00edm pH zaji\u0161\u0165uje \u0161pi\u010dkov\u00e9 vy\u010di\u0161t\u011bn\u00ed a nebudete muset na m\u00edst\u011b tr\u00e1vit tolik \u010dasu. Jedinou lahv\u00ed koncentr\u00e1tu lze o\u0161et\u0159it v\u011bt\u0161\u00ed syst\u00e9my \u00fast\u0159edn\u00edho vyt\u00e1p\u011bn\u00ed o objemu a\u017e 130 litr\u016f (16 samostatn\u00fdch radi\u00e1tor\u016f) nebo 250 m2 podpodlahov\u00e9ho vyt\u00e1p\u011bn\u00ed. Prost\u0159edek Power Cleaner F8 zlep\u0161uje \u00fa\u010dinnost powerflushingu i mechanick\u00e9ho a magnetick\u00e9ho \u010di\u0161t\u011bn\u00ed. Nep\u011bniv\u00e9 slo\u017een\u00ed znamen\u00e1 je z\u00e1rukou toho, \u017ee zbytky \u010distic\u00edho prost\u0159edku ze syst\u00e9mu odstran\u00edte na m\u00edst\u011b za krat\u0161\u00ed dobu. Prost\u0159edek je nav\u00edc pH neutr\u00e1ln\u00ed, tak\u017ee nen\u00ed nutn\u00e9 n\u00e1sledn\u011b pou\u017e\u00edvat \u017e\u00e1dn\u00fd neutraliza\u010dn\u00ed p\u0159\u00edpravek. Kompatibiln\u00ed pro pou\u017eit\u00ed se v\u0161emi kovy a materi\u00e1ly, v\u010detn\u011b hlin\u00edku, kter\u00e9 se b\u011b\u017en\u011b pou\u017e\u00edvaj\u00ed v topn\u00fdch syst\u00e9mech.<\/p>\n<ul>\n<li>\u00da\u010dinn\u00fd, rychle p\u016fsob\u00edc\u00ed \u010distic\u00ed prost\u0159edek na b\u00e1zi kyseliny citronov\u00e9 odstra\u0148uje kaly, ne\u010distoty a vodn\u00ed k\u00e1men ze st\u00e1vaj\u00edc\u00edch, siln\u011b zne\u010di\u0161t\u011bn\u00fdch syst\u00e9m\u016f\n<\/li>\n<li>Ide\u00e1ln\u00ed pro modernizaci a v\u00fdm\u011bnu kotl\u016f\n<\/li>\n<li>Obnovuje \u00fa\u010dinnost vyt\u00e1p\u011bn\u00ed a prodlu\u017euje \u017eivotnost syst\u00e9mu\n<\/li>\n<li>Jedna 500ml recyklovateln\u00e1 l\u00e1hev vy\u010dist\u00ed a\u017e vodu v syst\u00e9mu o objemu a\u017e 130 litr\u016f (16 radi\u00e1tor\u016f) a ekvivalent 250 m2 podlahov\u00fdch syst\u00e9m\u016f.\n<\/li>\n<li>pH neutr\u00e1ln\u00ed slo\u017een\u00ed \u2013 nen\u00ed nutn\u00fd \u017e\u00e1dn\u00fd neutraliza\u010dn\u00ed prost\u0159edek, co\u017e \u0161et\u0159\u00ed \u010das a pen\u00edze p\u0159\u00edmo na m\u00edst\u011b\n<p><\/li>\n<\/ul>\n","protected":false},"excerpt":{"rendered":"<p>Power Cleaner F8 je vysoce \u00fa\u010dinn\u00fd \u010distic\u00ed prost\u0159edek na b\u00e1zi kyseliny citronov\u00e9 vyvinut\u00fd k odstra\u0148ov\u00e1n\u00ed kal\u016f, ne\u010distot a vodn\u00edho kamene ze siln\u011b zne\u010di\u0161t\u011bn\u00fdch topn\u00fdch syst\u00e9m\u016f. Je vhodn\u00fd pro p\u0159\u00edpady modernizace a v\u00fdm\u011bny kotl\u016f, kdy je nutn\u00e9 rychle a d\u016fkladn\u011b vy\u010distit st\u00e1vaj\u00edc\u00ed syst\u00e9my. \u00da\u010dinnost tohoto \u010distic\u00edho prost\u0159edku s rychl\u00fdm \u00fa\u010dinkem a neutr\u00e1ln\u00edm pH zaji\u0161\u0165uje \u0161pi\u010dkov\u00e9 vy\u010di\u0161t\u011bn\u00ed [&hellip;]<\/p>\n","protected":false},"featured_media":54237,"template":"","meta":{"_acf_changed":false},"product_brand":[],"product_cat":[18],"product_tag":[],"class_list":{"0":"post-53071","1":"product","2":"type-product","3":"status-publish","4":"has-post-thumbnail","6":"product_cat-cleaners","8":"first","9":"instock","10":"purchasable","11":"product-type-simple"},"acf":[],"_links":{"self":[{"href":"https:\/\/fernox.com\/cz\/wp-json\/wp\/v2\/product\/53071","targetHints":{"allow":["GET"]}}],"collection":[{"href":"https:\/\/fernox.com\/cz\/wp-json\/wp\/v2\/product"}],"about":[{"href":"https:\/\/fernox.com\/cz\/wp-json\/wp\/v2\/types\/product"}],"wp:featuredmedia":[{"embeddable":true,"href":"https:\/\/fernox.com\/cz\/wp-json\/wp\/v2\/media\/54237"}],"wp:attachment":[{"href":"https:\/\/fernox.com\/cz\/wp-json\/wp\/v2\/media?parent=53071"}],"wp:term":[{"taxonomy":"product_brand","embeddable":true,"href":"https:\/\/fernox.com\/cz\/wp-json\/wp\/v2\/product_brand?post=53071"},{"taxonomy":"product_cat","embeddable":true,"href":"https:\/\/fernox.com\/cz\/wp-json\/wp\/v2\/product_cat?post=53071"},{"taxonomy":"product_tag","embeddable":true,"href":"https:\/\/fernox.com\/cz\/wp-json\/wp\/v2\/product_tag?post=53071"}],"curies":[{"name":"wp","href":"https:\/\/api.w.org\/{rel}","templated":true}]}}