{"id":53069,"date":"2026-04-17T18:08:36","date_gmt":"2026-04-17T16:08:36","guid":{"rendered":"https:\/\/fernox.com\/cz\/product\/powerflow-flushing-machine-mkiii-euro-230v\/"},"modified":"2026-04-17T18:08:37","modified_gmt":"2026-04-17T16:08:37","slug":"powerflow-flushing-machine-mkiii-euro-230v","status":"publish","type":"product","link":"https:\/\/fernox.com\/cz\/product\/powerflow-flushing-machine-mkiii-euro-230v\/","title":{"rendered":"Powerflow Flushing Machine MKIII Euro 230V"},"content":{"rendered":"<p>Powerflow Flushing Machine MKIII je proplachovac\u00ed stroj, kter\u00fd vyu\u017e\u00edv\u00e1 c\u00edlen\u00fd siln\u00fd tok \u010dist\u00e9 vody k rychl\u00e9mu a d\u016fkladn\u00e9mu odstran\u011bn\u00ed kalu, vodn\u00edho kamene a ne\u010distot z existuj\u00edc\u00edch a kontaminovan\u00fdch syst\u00e9m\u016f \u00fast\u0159edn\u00edho topen\u00ed v dom\u00e1cnosti. Je kompatibiln\u00ed pro pou\u017eit\u00ed se v\u0161emi Fernox Cleaners. Po jedin\u00e9 n\u00e1v\u0161t\u011bv\u011b na m\u00edst\u011b lze obnovit optim\u00e1ln\u00ed hodnocen\u00ed energetick\u00e9 \u00fa\u010dinnosti kotle a celkovou \u00farove\u0148 v\u00fdkonu syst\u00e9mu; eliminuje hluk kotle a minimalizuje spot\u0159ebu paliva.  Dod\u00e1v\u00e1 se vybaveno v\u0161emi hadicemi a armaturami, po vybalen\u00ed okam\u017eit\u011b p\u0159ipraveno k pou\u017eit\u00ed.  Rychlost cirkulace a\u017e 99 l\/min. Jmenovit\u00e1 provozn\u00ed teplota 85\u00a0\u00b0C. Reverzibiln\u00ed proud\u011bn\u00ed. Integrovan\u00e9 dvojit\u00e9 zp\u011btn\u00e9 ventily na s\u00ed\u0165ov\u00e9m pln\u011bn\u00ed.<\/p>\n<ul>\n<li>Syst\u00e9my proplachov\u00e1n\u00ed centr\u00e1ln\u00edho vyt\u00e1p\u011bn\u00ed k odstran\u011bn\u00ed zbytk\u016f koroze, kal\u016f a vodn\u00edho kamene\n<\/li>\n<li>Odstra\u0148uje ze syst\u00e9mu vodn\u00ed k\u00e1men\n<\/li>\n<li>P\u0159ekonejte probl\u00e9my s hlukem a cirkulac\u00ed kotle\n<\/li>\n<li>Vy\u010dist\u011bte syst\u00e9m b\u011bhem jedin\u00e9 n\u00e1v\u0161t\u011bvy\n<\/li>\n<li>Pou\u017e\u00edvejte pouze s produkty Fernox\n<\/li>\n<li>Vysokoteplotn\u00ed provoz umo\u017e\u0148uj\u00edc\u00ed rychlej\u0161\u00ed \u010di\u0161t\u011bn\u00ed<br \/>\n<\/li>\n<\/ul>\n","protected":false},"excerpt":{"rendered":"<p>Powerflow Flushing Machine MKIII je proplachovac\u00ed stroj, kter\u00fd vyu\u017e\u00edv\u00e1 c\u00edlen\u00fd siln\u00fd tok \u010dist\u00e9 vody k rychl\u00e9mu a d\u016fkladn\u00e9mu odstran\u011bn\u00ed kalu, vodn\u00edho kamene a ne\u010distot z existuj\u00edc\u00edch a kontaminovan\u00fdch syst\u00e9m\u016f \u00fast\u0159edn\u00edho topen\u00ed v dom\u00e1cnosti. Je kompatibiln\u00ed pro pou\u017eit\u00ed se v\u0161emi Fernox Cleaners. Po jedin\u00e9 n\u00e1v\u0161t\u011bv\u011b na m\u00edst\u011b lze obnovit optim\u00e1ln\u00ed hodnocen\u00ed energetick\u00e9 \u00fa\u010dinnosti kotle a celkovou [&hellip;]<\/p>\n","protected":false},"featured_media":54113,"template":"","meta":{"_acf_changed":false},"product_brand":[],"product_cat":[25],"product_tag":[],"class_list":{"0":"post-53069","1":"product","2":"type-product","3":"status-publish","4":"has-post-thumbnail","6":"product_cat-equipment","8":"first","9":"instock","10":"purchasable","11":"product-type-simple"},"acf":[],"_links":{"self":[{"href":"https:\/\/fernox.com\/cz\/wp-json\/wp\/v2\/product\/53069","targetHints":{"allow":["GET"]}}],"collection":[{"href":"https:\/\/fernox.com\/cz\/wp-json\/wp\/v2\/product"}],"about":[{"href":"https:\/\/fernox.com\/cz\/wp-json\/wp\/v2\/types\/product"}],"wp:featuredmedia":[{"embeddable":true,"href":"https:\/\/fernox.com\/cz\/wp-json\/wp\/v2\/media\/54113"}],"wp:attachment":[{"href":"https:\/\/fernox.com\/cz\/wp-json\/wp\/v2\/media?parent=53069"}],"wp:term":[{"taxonomy":"product_brand","embeddable":true,"href":"https:\/\/fernox.com\/cz\/wp-json\/wp\/v2\/product_brand?post=53069"},{"taxonomy":"product_cat","embeddable":true,"href":"https:\/\/fernox.com\/cz\/wp-json\/wp\/v2\/product_cat?post=53069"},{"taxonomy":"product_tag","embeddable":true,"href":"https:\/\/fernox.com\/cz\/wp-json\/wp\/v2\/product_tag?post=53069"}],"curies":[{"name":"wp","href":"https:\/\/api.w.org\/{rel}","templated":true}]}}