{"id":53064,"date":"2026-04-20T17:04:44","date_gmt":"2026-04-20T15:04:44","guid":{"rendered":"https:\/\/fernox.com\/cz\/product\/protector-f1-express-400ml\/"},"modified":"2026-04-20T17:04:46","modified_gmt":"2026-04-20T15:04:46","slug":"protector-f1-express-400ml","status":"publish","type":"product","link":"https:\/\/fernox.com\/cz\/product\/protector-f1-express-400ml\/","title":{"rendered":"Protector F1 Express 400ml"},"content":{"rendered":"<p>Protector F1 je p\u0159edn\u00edm inhibitorem na trhu, kter\u00fd zamezuje korozi a tvorb\u011b vodn\u00edho kamene v syst\u00e9mech \u00fast\u0159edn\u00edho topen\u00ed v dom\u00e1cnostech. Tento vysoce \u00fa\u010dinn\u00fd produkt nab\u00edz\u00ed vynikaj\u00edc\u00ed ochranu d\u00edky jedine\u010dn\u00e9 kombinaci t\u0159\u00ed inhibitory organick\u00fdch \u010d\u00e1stic, kter\u00e9 se v\u00e1\u017eou na kov v topn\u00e9m syst\u00e9mu a chr\u00e1n\u00ed p\u0159ed ne\u010distotami, d\u00e1le d\u00edky anodick\u00fdm inhibitor\u016f, kter\u00e9 reaguj\u00ed s kovov\u00fdm povrchem syst\u00e9mu a vytv\u00e1\u0159ej\u00ed ochrannou vrstvu, a katodick\u00fdm inhibitor\u016f, kter\u00e9 se spojuj\u00ed se solemi tvrd\u00e9 vody za vzniku nerozpustn\u00e9 vrstvy. Fernox Protector F1 tak\u00e9 obsahuje vylep\u0161en\u00e9 pufrov\u00e1n\u00ed pH, aby bylo zaji\u0161t\u011bno, \u017ee hladina vody v syst\u00e9mu neklesne pod 6,5 nebo nevystoup\u00e1 nad 8,5 \u2013 optim\u00e1ln\u00ed rozmez\u00ed pH pro prevenci koroze a usazov\u00e1n\u00ed vodn\u00edho kamene. Pro dlouhodobou ochranu zajist\u011bte v r\u00e1mci servisu kotle nebo syst\u00e9mu udr\u017eov\u00e1n\u00ed a ka\u017edoro\u010dn\u00ed kontrolu koncentrac\u00ed v souladu s m\u00edstn\u00edmi p\u0159edpisy a spr\u00e1vn\u00fdmi postupy. Protector F1 je kompatibiln\u00ed se v\u0161emi ostatn\u00edmi produkty Fernox a je vhodn\u00fd pro pou\u017eit\u00ed se v\u0161emi materi\u00e1ly a kovy pou\u017e\u00edvan\u00fdmi v syst\u00e9mech \u00fast\u0159edn\u00edho topen\u00ed v\u010detn\u011b hlin\u00edku. \u0158ada Fernox Express vyu\u017e\u00edv\u00e1 technologii Barrier Pressure Pack a pro vypuzen\u00ed produktu pou\u017e\u00edv\u00e1 jako hnac\u00ed m\u00e9dium stla\u010den\u00fd vzduch, cel\u00e1 produktov\u00e1 \u0159ada je tak neho\u0159lav\u00e1. Hnac\u00ed m\u00e9dium (stla\u010den\u00fd vzduch) nen\u00ed sm\u00ed\u0161en\u00e9 s aktivn\u00edm produktem, tak\u017ee nehroz\u00ed riziko vniknut\u00ed vzduchu do syst\u00e9mu, co\u017e by mohlo urychlit budouc\u00ed riziko koroze.<\/p>\n","protected":false},"excerpt":{"rendered":"<p>Protector F1 je p\u0159edn\u00edm inhibitorem na trhu, kter\u00fd zamezuje korozi a tvorb\u011b vodn\u00edho kamene v syst\u00e9mech \u00fast\u0159edn\u00edho topen\u00ed v dom\u00e1cnostech. Tento vysoce \u00fa\u010dinn\u00fd produkt nab\u00edz\u00ed vynikaj\u00edc\u00ed ochranu d\u00edky jedine\u010dn\u00e9 kombinaci t\u0159\u00ed inhibitory organick\u00fdch \u010d\u00e1stic, kter\u00e9 se v\u00e1\u017eou na kov v topn\u00e9m syst\u00e9mu a chr\u00e1n\u00ed p\u0159ed ne\u010distotami, d\u00e1le d\u00edky anodick\u00fdm inhibitor\u016f, kter\u00e9 reaguj\u00ed s kovov\u00fdm povrchem [&hellip;]<\/p>\n","protected":false},"featured_media":54234,"template":"","meta":{"_acf_changed":false},"product_brand":[],"product_cat":[24],"product_tag":[],"class_list":{"0":"post-53064","1":"product","2":"type-product","3":"status-publish","4":"has-post-thumbnail","6":"product_cat-inhibitors-protectors","8":"first","9":"instock","10":"purchasable","11":"product-type-simple"},"acf":[],"_links":{"self":[{"href":"https:\/\/fernox.com\/cz\/wp-json\/wp\/v2\/product\/53064","targetHints":{"allow":["GET"]}}],"collection":[{"href":"https:\/\/fernox.com\/cz\/wp-json\/wp\/v2\/product"}],"about":[{"href":"https:\/\/fernox.com\/cz\/wp-json\/wp\/v2\/types\/product"}],"wp:featuredmedia":[{"embeddable":true,"href":"https:\/\/fernox.com\/cz\/wp-json\/wp\/v2\/media\/54234"}],"wp:attachment":[{"href":"https:\/\/fernox.com\/cz\/wp-json\/wp\/v2\/media?parent=53064"}],"wp:term":[{"taxonomy":"product_brand","embeddable":true,"href":"https:\/\/fernox.com\/cz\/wp-json\/wp\/v2\/product_brand?post=53064"},{"taxonomy":"product_cat","embeddable":true,"href":"https:\/\/fernox.com\/cz\/wp-json\/wp\/v2\/product_cat?post=53064"},{"taxonomy":"product_tag","embeddable":true,"href":"https:\/\/fernox.com\/cz\/wp-json\/wp\/v2\/product_tag?post=53064"}],"curies":[{"name":"wp","href":"https:\/\/api.w.org\/{rel}","templated":true}]}}