{"id":53062,"date":"2026-04-20T17:04:44","date_gmt":"2026-04-20T15:04:44","guid":{"rendered":"https:\/\/fernox.com\/cz\/product\/cleaner-f3-express-400ml\/"},"modified":"2026-04-20T17:04:45","modified_gmt":"2026-04-20T15:04:45","slug":"cleaner-f3-express-400ml","status":"publish","type":"product","link":"https:\/\/fernox.com\/cz\/product\/cleaner-f3-express-400ml\/","title":{"rendered":"Cleaner F3 Express 400ml"},"content":{"rendered":"<p>Cleaner F3 je \u00fa\u010dinn\u00fd univerz\u00e1ln\u00ed pH neutr\u00e1ln\u00ed, nep\u011bniv\u00fd \u010disti\u010d, kter\u00fd odstra\u0148uje kal, vodn\u00ed k\u00e1men a zbytky ze st\u00e1vaj\u00edc\u00edch syst\u00e9m\u016f \u00fast\u0159edn\u00edho vyt\u00e1p\u011bn\u00ed, aby se obnovila \u00fa\u010dinnost vyt\u00e1p\u011bn\u00ed a eliminoval hluk kotle. P\u0159i uv\u00e1d\u011bn\u00ed nov\u00fdch syst\u00e9m\u016f do provozu v souladu s m\u00edstn\u00edmi p\u0159edpisy a spr\u00e1vn\u00fdmi postupy tento Cleaner F3 ide\u00e1ln\u011b odstra\u0148uje zbytky tavidla a dal\u0161\u00ed zbytky, co\u017e pom\u00e1h\u00e1 prodlou\u017eit \u017eivotnost kotle a zvy\u0161uje \u00fa\u010dinnost syst\u00e9mu. \u0158ada Fernox Express vyu\u017e\u00edv\u00e1 technologii Barrier Pressure Pack a pro vypuzen\u00ed produktu pou\u017e\u00edv\u00e1 jako hnac\u00ed m\u00e9dium stla\u010den\u00fd vzduch, cel\u00e1 produktov\u00e1 \u0159ada je tak neho\u0159lav\u00e1. Hnac\u00ed m\u00e9dium (stla\u010den\u00fd vzduch) nen\u00ed sm\u00ed\u0161en\u00e9 s aktivn\u00edm produktem, tak\u017ee nehroz\u00ed riziko vniknut\u00ed vzduchu do syst\u00e9mu, co\u017e by mohlo urychlit budouc\u00ed riziko koroze.<\/p>\n<ul>\n<li>Rychl\u00e9 a pohodln\u00e9 pou\u017e\u00edv\u00e1n\u00ed \u2013 d\u00e1vka aplikov\u00e1na za 30 sekund \u2013 bez nutnosti vypou\u0161t\u011bt syst\u00e9m\n<\/li>\n<li>Neutr\u00e1ln\u00ed, univerz\u00e1ln\u00ed \u010disti\u010d pro p\u0159edb\u011b\u017en\u00e9 uveden\u00ed do provozu nov\u00fdch i st\u00e1vaj\u00edc\u00edch syst\u00e9m\u016f\n<\/li>\n<li>P\u0159i pou\u017eit\u00ed ve spojen\u00ed s Protector F1 lze dos\u00e1hnout \u00faspory plynu a\u017e 15% p\u0159i ka\u017ed\u00e9m vyt\u00e1p\u011bn\u00ed va\u0161eho pokoje\n<\/li>\n<li>Jedna 400ml, 100% recyklovateln\u00e1 n\u00e1dobka o\u0161et\u0159\u00ed a\u017e 130 litr\u016f vody v syst\u00e9mu (16 radi\u00e1tor\u016f) a ekvivalent 250m2 podlahov\u00fdch syst\u00e9m\u016f.\n<\/li>\n<li>Kompatibiln\u00ed se v\u0161emi kovy a materi\u00e1ly v\u010detn\u011b hlin\u00edku\n<\/li>\n<li>pH Neutr\u00e1ln\u00ed, nez\u00e1vadn\u00e9 a ekologick\u00e1 slo\u017een\u00ed \u2013 dopl\u0148ov\u00e1n\u00ed radi\u00e1torem, su\u0161i\u010dem ru\u010dn\u00edk\u016f, plnic\u00ed smy\u010dkou nebo syst\u00e9mov\u00fdm filtrem TF1<br \/>\n<\/li>\n<\/ul>\n","protected":false},"excerpt":{"rendered":"<p>Cleaner F3 je \u00fa\u010dinn\u00fd univerz\u00e1ln\u00ed pH neutr\u00e1ln\u00ed, nep\u011bniv\u00fd \u010disti\u010d, kter\u00fd odstra\u0148uje kal, vodn\u00ed k\u00e1men a zbytky ze st\u00e1vaj\u00edc\u00edch syst\u00e9m\u016f \u00fast\u0159edn\u00edho vyt\u00e1p\u011bn\u00ed, aby se obnovila \u00fa\u010dinnost vyt\u00e1p\u011bn\u00ed a eliminoval hluk kotle. P\u0159i uv\u00e1d\u011bn\u00ed nov\u00fdch syst\u00e9m\u016f do provozu v souladu s m\u00edstn\u00edmi p\u0159edpisy a spr\u00e1vn\u00fdmi postupy tento Cleaner F3 ide\u00e1ln\u011b odstra\u0148uje zbytky tavidla a dal\u0161\u00ed zbytky, co\u017e [&hellip;]<\/p>\n","protected":false},"featured_media":54233,"template":"","meta":{"_acf_changed":false},"product_brand":[],"product_cat":[18],"product_tag":[],"class_list":{"0":"post-53062","1":"product","2":"type-product","3":"status-publish","4":"has-post-thumbnail","6":"product_cat-cleaners","8":"first","9":"instock","10":"purchasable","11":"product-type-simple"},"acf":[],"_links":{"self":[{"href":"https:\/\/fernox.com\/cz\/wp-json\/wp\/v2\/product\/53062","targetHints":{"allow":["GET"]}}],"collection":[{"href":"https:\/\/fernox.com\/cz\/wp-json\/wp\/v2\/product"}],"about":[{"href":"https:\/\/fernox.com\/cz\/wp-json\/wp\/v2\/types\/product"}],"wp:featuredmedia":[{"embeddable":true,"href":"https:\/\/fernox.com\/cz\/wp-json\/wp\/v2\/media\/54233"}],"wp:attachment":[{"href":"https:\/\/fernox.com\/cz\/wp-json\/wp\/v2\/media?parent=53062"}],"wp:term":[{"taxonomy":"product_brand","embeddable":true,"href":"https:\/\/fernox.com\/cz\/wp-json\/wp\/v2\/product_brand?post=53062"},{"taxonomy":"product_cat","embeddable":true,"href":"https:\/\/fernox.com\/cz\/wp-json\/wp\/v2\/product_cat?post=53062"},{"taxonomy":"product_tag","embeddable":true,"href":"https:\/\/fernox.com\/cz\/wp-json\/wp\/v2\/product_tag?post=53062"}],"curies":[{"name":"wp","href":"https:\/\/api.w.org\/{rel}","templated":true}]}}