{"id":53058,"date":"2026-04-20T17:04:40","date_gmt":"2026-04-20T15:04:40","guid":{"rendered":"https:\/\/fernox.com\/cz\/product\/tf1-sigma-filter-flushing-adapter\/"},"modified":"2026-04-20T17:04:41","modified_gmt":"2026-04-20T15:04:41","slug":"tf1-sigma-filter-flushing-adapter","status":"publish","type":"product","link":"https:\/\/fernox.com\/cz\/product\/tf1-sigma-filter-flushing-adapter\/","title":{"rendered":"TF1 Sigma Filter Flushing Adapter"},"content":{"rendered":"<p>Tento snadno pou\u017eiteln\u00fd proplachovac\u00ed adapt\u00e9r TF1 Sigma je navr\u017een pro pou\u017eit\u00ed ve spojen\u00ed s filtrem TF1 Sigma jako rychl\u00fd a pohodln\u00fd zp\u016fsob p\u0159ipojen\u00ed proplachovac\u00edho za\u0159\u00edzen\u00ed k syst\u00e9mu. Adapt\u00e9r lze p\u0159ipojit k jednotce jednoduchou v\u00fdm\u011bnou hlavn\u00edho t\u011bla filtru z p\u0159\u00edvodn\u00edho\/odvodn\u00edho rozd\u011blova\u010de. Adapt\u00e9r tak\u00e9 umo\u017e\u0148uje rychl\u00e9 a snadn\u00e9 d\u00e1vkov\u00e1n\u00ed p\u0159es vypou\u0161t\u011bc\u00ed ventil filtru TF1 Sigma.<\/p>\n<ul>\n<li>Rychl\u00e9 a snadn\u00e9 proplachov\u00e1n\u00ed s p\u0159ipojen\u00edm p\u0159es filtr Fernox TF1 Sigma.\n<\/li>\n<li>Umo\u017e\u0148uje pln\u00fd pr\u016ftok pro optimalizaci \u00fa\u010dinnosti \u010di\u0161t\u011bn\u00ed.\n<\/li>\n<li>Umo\u017e\u0148uje \u010di\u0161t\u011bn\u00ed prim\u00e1rn\u00ed strany sekund\u00e1rn\u00edho v\u00fdm\u011bn\u00edku tepla na kombinovan\u00e9m kotli pouh\u00fdm oto\u010den\u00edm kohoutku tepl\u00e9 u\u017eitkov\u00e9 vody, \u010d\u00edm\u017e se aktivuje p\u0159ep\u00ednac\u00ed ventil kotle.\n<\/li>\n<li>Proplachovac\u00ed adapt\u00e9r Fernox TF1 Sigma Filter je dimenzov\u00e1n na 85 \u00b0C.\n<p><\/li>\n<\/ul>\n","protected":false},"excerpt":{"rendered":"<p>Tento snadno pou\u017eiteln\u00fd proplachovac\u00ed adapt\u00e9r TF1 Sigma je navr\u017een pro pou\u017eit\u00ed ve spojen\u00ed s filtrem TF1 Sigma jako rychl\u00fd a pohodln\u00fd zp\u016fsob p\u0159ipojen\u00ed proplachovac\u00edho za\u0159\u00edzen\u00ed k syst\u00e9mu. Adapt\u00e9r lze p\u0159ipojit k jednotce jednoduchou v\u00fdm\u011bnou hlavn\u00edho t\u011bla filtru z p\u0159\u00edvodn\u00edho\/odvodn\u00edho rozd\u011blova\u010de. Adapt\u00e9r tak\u00e9 umo\u017e\u0148uje rychl\u00e9 a snadn\u00e9 d\u00e1vkov\u00e1n\u00ed p\u0159es vypou\u0161t\u011bc\u00ed ventil filtru TF1 Sigma. Rychl\u00e9 a [&hellip;]<\/p>\n","protected":false},"featured_media":54231,"template":"","meta":{"_acf_changed":false},"product_brand":[],"product_cat":[25],"product_tag":[],"class_list":{"0":"post-53058","1":"product","2":"type-product","3":"status-publish","4":"has-post-thumbnail","6":"product_cat-equipment","8":"first","9":"instock","10":"purchasable","11":"product-type-simple"},"acf":[],"_links":{"self":[{"href":"https:\/\/fernox.com\/cz\/wp-json\/wp\/v2\/product\/53058","targetHints":{"allow":["GET"]}}],"collection":[{"href":"https:\/\/fernox.com\/cz\/wp-json\/wp\/v2\/product"}],"about":[{"href":"https:\/\/fernox.com\/cz\/wp-json\/wp\/v2\/types\/product"}],"wp:featuredmedia":[{"embeddable":true,"href":"https:\/\/fernox.com\/cz\/wp-json\/wp\/v2\/media\/54231"}],"wp:attachment":[{"href":"https:\/\/fernox.com\/cz\/wp-json\/wp\/v2\/media?parent=53058"}],"wp:term":[{"taxonomy":"product_brand","embeddable":true,"href":"https:\/\/fernox.com\/cz\/wp-json\/wp\/v2\/product_brand?post=53058"},{"taxonomy":"product_cat","embeddable":true,"href":"https:\/\/fernox.com\/cz\/wp-json\/wp\/v2\/product_cat?post=53058"},{"taxonomy":"product_tag","embeddable":true,"href":"https:\/\/fernox.com\/cz\/wp-json\/wp\/v2\/product_tag?post=53058"}],"curies":[{"name":"wp","href":"https:\/\/api.w.org\/{rel}","templated":true}]}}