{"id":53056,"date":"2026-04-20T17:04:40","date_gmt":"2026-04-20T15:04:40","guid":{"rendered":"https:\/\/fernox.com\/cz\/product\/system-water-test\/"},"modified":"2026-04-20T17:04:40","modified_gmt":"2026-04-20T15:04:40","slug":"system-water-test","status":"publish","type":"product","link":"https:\/\/fernox.com\/cz\/product\/system-water-test\/","title":{"rendered":"System Water Test"},"content":{"rendered":"<p>Jednoduch\u00fd a snadno pou\u017eiteln\u00fd test z\u00e1kalu pro kontrolu kvality vody v syst\u00e9mu a stanoven\u00ed vhodn\u00e9ho o\u0161et\u0159en\u00ed, aby byla zaji\u0161t\u011bna optim\u00e1ln\u00ed \u00fa\u010dinnost syst\u00e9mu a kotel byl pln\u011b chr\u00e1n\u011bn.<\/p>\n<ul>\n<li>Udr\u017eujte maxim\u00e1ln\u00ed \u00fa\u010dinnost syst\u00e9mu\n<\/li>\n<li>P\u0159isp\u00edv\u00e1 k prevenci poruch kotle\n<\/li>\n<li>Prodlu\u017euje \u017eivotnost kotle\n<\/li>\n<li>Snadn\u00e9 testov\u00e1n\u00ed na m\u00edst\u011b \u2013 umo\u017e\u0148uje okam\u017eitou korekci\n<p><\/li>\n<\/ul>\n","protected":false},"excerpt":{"rendered":"<p>Jednoduch\u00fd a snadno pou\u017eiteln\u00fd test z\u00e1kalu pro kontrolu kvality vody v syst\u00e9mu a stanoven\u00ed vhodn\u00e9ho o\u0161et\u0159en\u00ed, aby byla zaji\u0161t\u011bna optim\u00e1ln\u00ed \u00fa\u010dinnost syst\u00e9mu a kotel byl pln\u011b chr\u00e1n\u011bn. Udr\u017eujte maxim\u00e1ln\u00ed \u00fa\u010dinnost syst\u00e9mu P\u0159isp\u00edv\u00e1 k prevenci poruch kotle Prodlu\u017euje \u017eivotnost kotle Snadn\u00e9 testov\u00e1n\u00ed na m\u00edst\u011b \u2013 umo\u017e\u0148uje okam\u017eitou korekci<\/p>\n","protected":false},"featured_media":54230,"template":"","meta":{"_acf_changed":false},"product_brand":[],"product_cat":[22],"product_tag":[],"class_list":{"0":"post-53056","1":"product","2":"type-product","3":"status-publish","4":"has-post-thumbnail","6":"product_cat-test-kits","8":"first","9":"instock","10":"purchasable","11":"product-type-simple"},"acf":[],"_links":{"self":[{"href":"https:\/\/fernox.com\/cz\/wp-json\/wp\/v2\/product\/53056","targetHints":{"allow":["GET"]}}],"collection":[{"href":"https:\/\/fernox.com\/cz\/wp-json\/wp\/v2\/product"}],"about":[{"href":"https:\/\/fernox.com\/cz\/wp-json\/wp\/v2\/types\/product"}],"wp:featuredmedia":[{"embeddable":true,"href":"https:\/\/fernox.com\/cz\/wp-json\/wp\/v2\/media\/54230"}],"wp:attachment":[{"href":"https:\/\/fernox.com\/cz\/wp-json\/wp\/v2\/media?parent=53056"}],"wp:term":[{"taxonomy":"product_brand","embeddable":true,"href":"https:\/\/fernox.com\/cz\/wp-json\/wp\/v2\/product_brand?post=53056"},{"taxonomy":"product_cat","embeddable":true,"href":"https:\/\/fernox.com\/cz\/wp-json\/wp\/v2\/product_cat?post=53056"},{"taxonomy":"product_tag","embeddable":true,"href":"https:\/\/fernox.com\/cz\/wp-json\/wp\/v2\/product_tag?post=53056"}],"curies":[{"name":"wp","href":"https:\/\/api.w.org\/{rel}","templated":true}]}}