{"id":53051,"date":"2026-04-30T05:01:22","date_gmt":"2026-04-30T03:01:22","guid":{"rendered":"https:\/\/fernox.com\/cz\/product\/tf1-total-filter-thermal-cover\/"},"modified":"2026-04-30T05:01:36","modified_gmt":"2026-04-30T03:01:36","slug":"tf1-total-filter-thermal-cover","status":"publish","type":"product","link":"https:\/\/fernox.com\/cz\/product\/tf1-total-filter-thermal-cover\/","title":{"rendered":"TF1 Total Filter Thermal Cover"},"content":{"rendered":"<p>Tepeln\u00fd kryt Fernox TF1 Total Filter se vyr\u00e1b\u00ed z expandovan\u00e9ho polypropylenu (EPP) a pou\u017e\u00edv\u00e1 se k izolaci syst\u00e9mov\u00fdch filtr\u016f instalovan\u00fdch v syst\u00e9mech \u00fast\u0159edn\u00edho vyt\u00e1p\u011bn\u00ed, aby se minimalizovaly tepeln\u00e9 ztr\u00e1ty syst\u00e9mu a maximalizovala energetick\u00e1 \u00fa\u010dinnost.<\/p>\n<ul>\n<li>Pevn\u00fd a odoln\u00fd kryt\n<\/li>\n<li>Sn\u00ed\u017een\u00ed tepeln\u00fdch ztr\u00e1t\n<\/li>\n<li>Vy\u0161\u0161\u00ed \u00fa\u010dinnost topn\u00e9ho syst\u00e9mu\n<p><\/li>\n<\/ul>\n","protected":false},"excerpt":{"rendered":"<p>Tepeln\u00fd kryt Fernox TF1 Total Filter se vyr\u00e1b\u00ed z expandovan\u00e9ho polypropylenu (EPP) a pou\u017e\u00edv\u00e1 se k izolaci syst\u00e9mov\u00fdch filtr\u016f instalovan\u00fdch v syst\u00e9mech \u00fast\u0159edn\u00edho vyt\u00e1p\u011bn\u00ed, aby se minimalizovaly tepeln\u00e9 ztr\u00e1ty syst\u00e9mu a maximalizovala energetick\u00e1 \u00fa\u010dinnost. Pevn\u00fd a odoln\u00fd kryt Sn\u00ed\u017een\u00ed tepeln\u00fdch ztr\u00e1t Vy\u0161\u0161\u00ed \u00fa\u010dinnost topn\u00e9ho syst\u00e9mu<\/p>\n","protected":false},"featured_media":54596,"template":"","meta":{"_acf_changed":false},"product_brand":[],"product_cat":[21],"product_tag":[],"class_list":{"0":"post-53051","1":"product","2":"type-product","3":"status-publish","4":"has-post-thumbnail","6":"product_cat-filters","7":"pa_fit-type-tailored-fit","9":"first","10":"instock","11":"purchasable","12":"product-type-simple"},"acf":[],"_links":{"self":[{"href":"https:\/\/fernox.com\/cz\/wp-json\/wp\/v2\/product\/53051","targetHints":{"allow":["GET"]}}],"collection":[{"href":"https:\/\/fernox.com\/cz\/wp-json\/wp\/v2\/product"}],"about":[{"href":"https:\/\/fernox.com\/cz\/wp-json\/wp\/v2\/types\/product"}],"wp:featuredmedia":[{"embeddable":true,"href":"https:\/\/fernox.com\/cz\/wp-json\/wp\/v2\/media\/54596"}],"wp:attachment":[{"href":"https:\/\/fernox.com\/cz\/wp-json\/wp\/v2\/media?parent=53051"}],"wp:term":[{"taxonomy":"product_brand","embeddable":true,"href":"https:\/\/fernox.com\/cz\/wp-json\/wp\/v2\/product_brand?post=53051"},{"taxonomy":"product_cat","embeddable":true,"href":"https:\/\/fernox.com\/cz\/wp-json\/wp\/v2\/product_cat?post=53051"},{"taxonomy":"product_tag","embeddable":true,"href":"https:\/\/fernox.com\/cz\/wp-json\/wp\/v2\/product_tag?post=53051"}],"curies":[{"name":"wp","href":"https:\/\/api.w.org\/{rel}","templated":true}]}}