{"id":36,"date":"2020-11-15T19:16:38","date_gmt":"2020-11-15T19:16:38","guid":{"rendered":"https:\/\/fxdevelopment.co.uk\/uk\/?page_id=36"},"modified":"2021-07-08T13:14:26","modified_gmt":"2021-07-08T13:14:26","slug":"about-us","status":"publish","type":"page","link":"https:\/\/fernox.com\/cz\/about-us\/","title":{"rendered":"O n\u00e1s"},"content":{"rendered":"\t\t<div data-elementor-type=\"wp-page\" data-elementor-id=\"36\" class=\"elementor elementor-36\" data-elementor-post-type=\"page\">\n\t\t\t\t\t\t<section class=\"elementor-section elementor-top-section elementor-element elementor-element-208c758 elementor-section-boxed elementor-section-height-default elementor-section-height-default\" data-id=\"208c758\" data-element_type=\"section\" data-e-type=\"section\">\n\t\t\t\t\t\t<div class=\"elementor-container elementor-column-gap-default\">\n\t\t\t\t\t<div class=\"elementor-column elementor-col-100 elementor-top-column elementor-element elementor-element-954f16a\" data-id=\"954f16a\" data-element_type=\"column\" data-e-type=\"column\">\n\t\t\t<div class=\"elementor-widget-wrap elementor-element-populated\">\n\t\t\t\t\t\t<div class=\"elementor-element elementor-element-7fcf242 elementor-widget elementor-widget-image\" data-id=\"7fcf242\" data-element_type=\"widget\" data-e-type=\"widget\" data-widget_type=\"image.default\">\n\t\t\t\t<div class=\"elementor-widget-container\">\n\t\t\t\t\t\t\t\t\t\t\t\t\t\t\t<img fetchpriority=\"high\" decoding=\"async\" width=\"800\" height=\"534\" src=\"http:\/\/fernox.com\/cz\/wp-content\/uploads\/sites\/12\/2021\/02\/Fernox769-1024x683.jpg\" class=\"attachment-large size-large wp-image-18000\" alt=\"\" srcset=\"http:\/\/fernox.com\/cz\/wp-content\/uploads\/sites\/12\/2021\/02\/Fernox769-1024x683.jpg 1024w, http:\/\/fernox.com\/cz\/wp-content\/uploads\/sites\/12\/2021\/02\/Fernox769-300x200.jpg 300w, http:\/\/fernox.com\/cz\/wp-content\/uploads\/sites\/12\/2021\/02\/Fernox769-768x512.jpg 768w, http:\/\/fernox.com\/cz\/wp-content\/uploads\/sites\/12\/2021\/02\/Fernox769-1536x1024.jpg 1536w, http:\/\/fernox.com\/cz\/wp-content\/uploads\/sites\/12\/2021\/02\/Fernox769-2048x1365.jpg 2048w, http:\/\/fernox.com\/cz\/wp-content\/uploads\/sites\/12\/2021\/02\/Fernox769-600x400.jpg 600w\" sizes=\"(max-width: 800px) 100vw, 800px\" \/>\t\t\t\t\t\t\t\t\t\t\t\t\t\t\t<\/div>\n\t\t\t\t<\/div>\n\t\t\t\t<div data-dce-text-color=\"#000000\" class=\"elementor-element elementor-element-bd1d4c1 elementor-widget elementor-widget-text-editor\" data-id=\"bd1d4c1\" data-element_type=\"widget\" data-e-type=\"widget\" data-widget_type=\"text-editor.default\">\n\t\t\t\t<div class=\"elementor-widget-container\">\n\t\t\t\t\t\t\t\t\t<p>Spole\u010dnost Fernox byla zalo\u017eena v roce 1964 a je p\u0159edn\u00edm v\u00fdrobcem chemick\u00fdch produkt\u016f pro \u00fapravu vody, filtr\u016f pro syst\u00e9my \u00fast\u0159edn\u00edho vyt\u00e1p\u011bn\u00ed, spot\u0159ebn\u00edho materi\u00e1lu pro instalat\u00e9rsk\u00e9 pr\u00e1ce a diagnostick\u00fdch testovac\u00edch slu\u017eeb. Spole\u010dnost Fernox je pr\u016fkopn\u00edkem na poli v\u00fdvoje energeticky \u00fa\u010dinn\u00fdch v\u00fdrobk\u016f pro tradi\u010dn\u00ed i obnoviteln\u00e9 technologie v dom\u00e1cnostech i komer\u010dn\u00edch aplikac\u00edch. Spole\u010dnost se zav\u00e1zala k progresivn\u00edmu programu v\u00fdzkumu a v\u00fdvoje a investovala do rozs\u00e1hl\u00e9ho intern\u00edho v\u00fdzkumn\u00e9ho a v\u00fdvojov\u00e9ho t\u00fdmu v\u011bdc\u016f, kte\u0159\u00ed p\u016fsob\u00ed ve Velk\u00e9 Brit\u00e1nii, USA a Indii.<\/p><p>S\u00eddlo se nach\u00e1z\u00ed ve Wokingu ve Spojen\u00e9m kr\u00e1lovstv\u00ed, v\u00fdrobn\u00ed z\u00e1vody ve Spojen\u00e9m kr\u00e1lovstv\u00ed a v Evrop\u011b a provozovny ve Francii, N\u011bmecku, It\u00e1lii, Belgii, Nizozemsku, Ma\u010farsku, \u010c\u00ednsk\u00e9 lidov\u00e9 republice a USA, p\u0159i\u010dem\u017e je pl\u00e1nov\u00e1na dal\u0161\u00ed expanze do v\u00fdchodn\u00ed Evropy a Asie. Spole\u010dnost Fernox p\u016fsob\u00ed jako dce\u0159in\u00e1 spole\u010dnost spole\u010dnosti\u00a0<a href=\"https:\/\/industrial.macdermidenthone.com\/\" target=\"_blank\" rel=\"noopener\">MacDermid Enthone Industrial Solutions<\/a>, glob\u00e1ln\u00edho diverzifikovan\u00e9ho v\u00fdrobce speci\u00e1ln\u00edch v\u00fdrobk\u016f \u0161pi\u010dkov\u00e9 technologie a poskytovatele technick\u00fdch slu\u017eeb, a je obchodn\u00ed jednotkou spole\u010dnosti\u00a0<a href=\"https:\/\/www.elementsolutionsinc.com\/\" target=\"_blank\" rel=\"noopener\">Element Solutions Inc<\/a>\u00a0(NYSE: ESI).\u00a0<a href=\"https:\/\/www.elementsolutionsinc.com\/\" target=\"_blank\" rel=\"noopener\">Element Solutions Inc<\/a>. je p\u0159edn\u00ed spole\u010dnost\u00ed v oblasti speci\u00e1ln\u00edch chemik\u00e1li\u00ed a jej\u00ed divize dod\u00e1vaj\u00ed \u0161irokou \u0161k\u00e1lu \u0159e\u0161en\u00ed, kter\u00e1 vedou ke zlep\u0161en\u00ed v\u00fdrobk\u016f, kter\u00e9 lid\u00e9 ka\u017edodenn\u011b pou\u017e\u00edvaj\u00ed.\u00a0<\/p><p>V roce 2019 byla celosv\u011btov\u00e1 zna\u010dka Fernox zaregistrov\u00e1na jako britsk\u00e1 spole\u010dnost Fernox Ltd., \u010d\u00edm\u017e je reflektov\u00e1na zm\u011bna struktury spole\u010dnosti.<\/p>\t\t\t\t\t\t\t\t<\/div>\n\t\t\t\t<\/div>\n\t\t\t\t\t<\/div>\n\t\t<\/div>\n\t\t\t\t\t<\/div>\n\t\t<\/section>\n\t\t\t\t<section class=\"elementor-section elementor-top-section elementor-element elementor-element-932d0e6 elementor-section-boxed elementor-section-height-default elementor-section-height-default\" data-id=\"932d0e6\" data-element_type=\"section\" data-e-type=\"section\">\n\t\t\t\t\t\t<div class=\"elementor-container elementor-column-gap-default\">\n\t\t\t\t\t<div class=\"elementor-column elementor-col-100 elementor-top-column elementor-element elementor-element-45a8248\" data-id=\"45a8248\" data-element_type=\"column\" data-e-type=\"column\">\n\t\t\t<div class=\"elementor-widget-wrap elementor-element-populated\">\n\t\t\t\t\t\t<div data-dce-title-color=\"#0F4C87\" class=\"elementor-element elementor-element-82058dd elementor-widget elementor-widget-heading\" data-id=\"82058dd\" data-element_type=\"widget\" data-e-type=\"widget\" data-widget_type=\"heading.default\">\n\t\t\t\t<div class=\"elementor-widget-container\">\n\t\t\t\t\t<h2 class=\"elementor-heading-title elementor-size-default\">V\u00fdzkum a v\u00fdvoj<\/h2>\t\t\t\t<\/div>\n\t\t\t\t<\/div>\n\t\t\t\t\t<\/div>\n\t\t<\/div>\n\t\t\t\t\t<\/div>\n\t\t<\/section>\n\t\t\t\t<section class=\"elementor-section elementor-top-section elementor-element elementor-element-5c1d63e elementor-section-boxed elementor-section-height-default elementor-section-height-default\" data-id=\"5c1d63e\" data-element_type=\"section\" data-e-type=\"section\">\n\t\t\t\t\t\t<div class=\"elementor-container elementor-column-gap-default\">\n\t\t\t\t\t<div class=\"elementor-column elementor-col-100 elementor-top-column elementor-element elementor-element-3b4183c\" data-id=\"3b4183c\" data-element_type=\"column\" data-e-type=\"column\">\n\t\t\t<div class=\"elementor-widget-wrap elementor-element-populated\">\n\t\t\t\t\t\t<div data-dce-text-color=\"#000000\" class=\"elementor-element elementor-element-e676d50 elementor-widget elementor-widget-text-editor\" data-id=\"e676d50\" data-element_type=\"widget\" data-e-type=\"widget\" data-widget_type=\"text-editor.default\">\n\t\t\t\t<div class=\"elementor-widget-container\">\n\t\t\t\t\t\t\t\t\t<p>Spole\u010dnost Fernox disponuje jedine\u010dn\u00fdm v\u00fdzkumem a v\u00fdvojem, ale tak\u00e9 v\u00fdjime\u010dnou nab\u00eddkou technick\u00fdch slu\u017eeb, kter\u00e9 reaguj\u00ed na m\u011bn\u00edc\u00ed se popt\u00e1vku a rostouc\u00ed technologick\u00e9 po\u017eadavky odv\u011btv\u00ed. Jako l\u00eddr v oblasti inovac\u00ed vyu\u017e\u00edv\u00e1 Fernox poznatky z 13 technick\u00fdch center v\u00fdvoje a v\u00fdzkumu, kter\u00e9 obsluhuje 250 v\u011bdc\u016f a in\u017een\u00fdr\u016f z cel\u00e9ho sv\u011bta.<\/p><p>Spole\u010dnost Fernox uplat\u0148uje p\u0159\u00edsnou politiku zodpov\u011bdn\u00e9ho podnik\u00e1n\u00ed, kter\u00e1 podporuje nejlep\u0161\u00ed postupy a zakazuje testov\u00e1n\u00ed na zv\u00ed\u0159atech. Jeho chemick\u00e9 v\u00fdrobky v\u00fdrazn\u011b p\u0159ekra\u010duj\u00ed pr\u016fmyslov\u00e9 standardy a byly schv\u00e1leny a akreditovan\u00e9 spole\u010dnostmi Energy Savings Trust Registered, KIWA, WRAS, Belgaqua a Buildcert.<\/p>\t\t\t\t\t\t\t\t<\/div>\n\t\t\t\t<\/div>\n\t\t\t\t\t<\/div>\n\t\t<\/div>\n\t\t\t\t\t<\/div>\n\t\t<\/section>\n\t\t\t\t<\/div>\n\t\t","protected":false},"excerpt":{"rendered":"<p>Spole\u010dnost Fernox byla zalo\u017eena v roce 1964 a je p\u0159edn\u00edm v\u00fdrobcem chemick\u00fdch produkt\u016f pro \u00fapravu vody, filtr\u016f pro syst\u00e9my \u00fast\u0159edn\u00edho vyt\u00e1p\u011bn\u00ed, spot\u0159ebn\u00edho materi\u00e1lu pro instalat\u00e9rsk\u00e9 pr\u00e1ce a diagnostick\u00fdch testovac\u00edch slu\u017eeb. Spole\u010dnost Fernox je pr\u016fkopn\u00edkem na poli v\u00fdvoje energeticky \u00fa\u010dinn\u00fdch v\u00fdrobk\u016f pro tradi\u010dn\u00ed i obnoviteln\u00e9 technologie v dom\u00e1cnostech i komer\u010dn\u00edch aplikac\u00edch. Spole\u010dnost se zav\u00e1zala k progresivn\u00edmu [&hellip;]<\/p>\n","protected":false},"author":1,"featured_media":18000,"parent":0,"menu_order":0,"comment_status":"closed","ping_status":"closed","template":"","meta":{"_acf_changed":false,"footnotes":""},"class_list":["post-36","page","type-page","status-publish","has-post-thumbnail","hentry"],"acf":[],"_links":{"self":[{"href":"https:\/\/fernox.com\/cz\/wp-json\/wp\/v2\/pages\/36","targetHints":{"allow":["GET"]}}],"collection":[{"href":"https:\/\/fernox.com\/cz\/wp-json\/wp\/v2\/pages"}],"about":[{"href":"https:\/\/fernox.com\/cz\/wp-json\/wp\/v2\/types\/page"}],"author":[{"embeddable":true,"href":"https:\/\/fernox.com\/cz\/wp-json\/wp\/v2\/users\/1"}],"replies":[{"embeddable":true,"href":"https:\/\/fernox.com\/cz\/wp-json\/wp\/v2\/comments?post=36"}],"version-history":[{"count":0,"href":"https:\/\/fernox.com\/cz\/wp-json\/wp\/v2\/pages\/36\/revisions"}],"wp:featuredmedia":[{"embeddable":true,"href":"https:\/\/fernox.com\/cz\/wp-json\/wp\/v2\/media\/18000"}],"wp:attachment":[{"href":"https:\/\/fernox.com\/cz\/wp-json\/wp\/v2\/media?parent=36"}],"curies":[{"name":"wp","href":"https:\/\/api.w.org\/{rel}","templated":true}]}}