{"id":3096,"date":"2020-11-24T15:14:24","date_gmt":"2020-11-24T15:14:24","guid":{"rendered":"https:\/\/fxdevelopment.co.uk\/uk\/?page_id=3096"},"modified":"2021-11-29T16:15:49","modified_gmt":"2021-11-29T16:15:49","slug":"blog","status":"publish","type":"page","link":"https:\/\/fernox.com\/cz\/blog\/","title":{"rendered":"Blog"},"content":{"rendered":"\t\t<div data-elementor-type=\"wp-page\" data-elementor-id=\"3096\" class=\"elementor elementor-3096\" data-elementor-post-type=\"page\">\n\t\t\t\t\t\t<section class=\"elementor-section elementor-top-section elementor-element elementor-element-a707337 elementor-section-boxed elementor-section-height-default elementor-section-height-default\" data-id=\"a707337\" data-element_type=\"section\" data-e-type=\"section\">\n\t\t\t\t\t\t<div class=\"elementor-container elementor-column-gap-default\">\n\t\t\t\t\t<div class=\"elementor-column elementor-col-100 elementor-top-column elementor-element elementor-element-a323633\" data-id=\"a323633\" data-element_type=\"column\" data-e-type=\"column\">\n\t\t\t<div class=\"elementor-widget-wrap elementor-element-populated\">\n\t\t\t\t\t\t<div class=\"elementor-element elementor-element-3ebe3a7 elementor-grid-3 elementor-grid-tablet-2 elementor-grid-mobile-1 elementor-posts--thumbnail-top elementor-widget elementor-widget-posts\" data-id=\"3ebe3a7\" data-element_type=\"widget\" data-e-type=\"widget\" data-settings=\"{&quot;pagination_type&quot;:&quot;numbers_and_prev_next&quot;,&quot;classic_columns&quot;:&quot;3&quot;,&quot;classic_columns_tablet&quot;:&quot;2&quot;,&quot;classic_columns_mobile&quot;:&quot;1&quot;,&quot;classic_row_gap&quot;:{&quot;unit&quot;:&quot;px&quot;,&quot;size&quot;:35,&quot;sizes&quot;:[]},&quot;classic_row_gap_tablet&quot;:{&quot;unit&quot;:&quot;px&quot;,&quot;size&quot;:&quot;&quot;,&quot;sizes&quot;:[]},&quot;classic_row_gap_mobile&quot;:{&quot;unit&quot;:&quot;px&quot;,&quot;size&quot;:&quot;&quot;,&quot;sizes&quot;:[]}}\" data-widget_type=\"posts.classic\">\n\t\t\t\t<div class=\"elementor-widget-container\">\n\t\t\t\t\t\t\t<div class=\"elementor-posts-container elementor-posts elementor-posts--skin-classic elementor-grid\" role=\"list\">\n\t\t\t\t<article class=\"elementor-post elementor-grid-item post-48821 post type-post status-publish format-standard has-post-thumbnail hentry category-news-press\" role=\"listitem\">\n\t\t\t\t<a class=\"elementor-post__thumbnail__link\" href=\"https:\/\/fernox.com\/cz\/blog\/news-press\/appointment-charel-marais\/\" tabindex=\"-1\" >\n\t\t\t<div class=\"elementor-post__thumbnail\"><img fetchpriority=\"high\" decoding=\"async\" width=\"300\" height=\"253\" src=\"https:\/\/fernox.com\/cz\/wp-content\/uploads\/sites\/12\/2025\/03\/Fernox-Charel-Fernox-Ernie-300x253.jpg\" class=\"attachment-medium size-medium wp-image-48822\" alt=\"\" srcset=\"https:\/\/fernox.com\/cz\/wp-content\/uploads\/sites\/12\/2025\/03\/Fernox-Charel-Fernox-Ernie-300x253.jpg 300w, https:\/\/fernox.com\/cz\/wp-content\/uploads\/sites\/12\/2025\/03\/Fernox-Charel-Fernox-Ernie-200x169.jpg 200w, https:\/\/fernox.com\/cz\/wp-content\/uploads\/sites\/12\/2025\/03\/Fernox-Charel-Fernox-Ernie-600x506.jpg 600w, https:\/\/fernox.com\/cz\/wp-content\/uploads\/sites\/12\/2025\/03\/Fernox-Charel-Fernox-Ernie.jpg 702w\" sizes=\"(max-width: 300px) 100vw, 300px\" \/><\/div>\n\t\t<\/a>\n\t\t\t\t<div class=\"elementor-post__text\">\n\t\t\t\t<h3 class=\"elementor-post__title\">\n\t\t\t<a href=\"https:\/\/fernox.com\/cz\/blog\/news-press\/appointment-charel-marais\/\" >\n\t\t\t\tSPOLE\u010cNOST FERNOX JMENUJE CHARELA MARAISE GENER\u00c1LN\u00cdM \u0158EDITELEM\t\t\t<\/a>\n\t\t<\/h3>\n\t\t\t\t<div class=\"elementor-post__meta-data\">\n\t\t\t\t\t<span class=\"elementor-post-date\">\n\t\t\tApril 2, 2025\t\t<\/span>\n\t\t\t\t<\/div>\n\t\t\t\t<div class=\"elementor-post__excerpt\">\n\t\t\t<p>Spole\u010dnost Fernox s pot\u011b\u0161en\u00edm oznamuje jmenov\u00e1n\u00ed Charela Maraise do funkce gener\u00e1ln\u00edho \u0159editele s \u00fa\u010dinnost\u00ed od 1. dubna 2025.&nbsp; Toto pov\u00fd\u0161en\u00ed n\u00e1sleduje po odchodu Ernieho McDonalda<\/p>\n\t\t<\/div>\n\t\t\n\t\t<a class=\"elementor-post__read-more\" href=\"https:\/\/fernox.com\/cz\/blog\/news-press\/appointment-charel-marais\/\" aria-label=\"Read more about SPOLE\u010cNOST FERNOX JMENUJE CHARELA MARAISE GENER\u00c1LN\u00cdM \u0158EDITELEM\" tabindex=\"-1\" >\n\t\t\tP\u0159e\u010dt\u011bte si v\u00edce \u00bb\t\t<\/a>\n\n\t\t\t\t<\/div>\n\t\t\t\t<\/article>\n\t\t\t\t<article class=\"elementor-post elementor-grid-item post-38945 post type-post status-publish format-standard has-post-thumbnail hentry category-articles category-news-press\" role=\"listitem\">\n\t\t\t\t<a class=\"elementor-post__thumbnail__link\" href=\"https:\/\/fernox.com\/cz\/blog\/articles\/new-tf1-sigma-mini-filter\/\" tabindex=\"-1\" >\n\t\t\t<div class=\"elementor-post__thumbnail\"><img decoding=\"async\" width=\"300\" height=\"270\" src=\"https:\/\/fernox.com\/cz\/wp-content\/uploads\/sites\/12\/2024\/06\/Fernox-TF1-Sigma-MINI-2-300x270.jpg\" class=\"attachment-medium size-medium wp-image-38946\" alt=\"\" srcset=\"https:\/\/fernox.com\/cz\/wp-content\/uploads\/sites\/12\/2024\/06\/Fernox-TF1-Sigma-MINI-2-300x270.jpg 300w, https:\/\/fernox.com\/cz\/wp-content\/uploads\/sites\/12\/2024\/06\/Fernox-TF1-Sigma-MINI-2-768x692.jpg 768w, https:\/\/fernox.com\/cz\/wp-content\/uploads\/sites\/12\/2024\/06\/Fernox-TF1-Sigma-MINI-2-200x180.jpg 200w, https:\/\/fernox.com\/cz\/wp-content\/uploads\/sites\/12\/2024\/06\/Fernox-TF1-Sigma-MINI-2-600x540.jpg 600w, https:\/\/fernox.com\/cz\/wp-content\/uploads\/sites\/12\/2024\/06\/Fernox-TF1-Sigma-MINI-2.jpg 876w\" sizes=\"(max-width: 300px) 100vw, 300px\" \/><\/div>\n\t\t<\/a>\n\t\t\t\t<div class=\"elementor-post__text\">\n\t\t\t\t<h3 class=\"elementor-post__title\">\n\t\t\t<a href=\"https:\/\/fernox.com\/cz\/blog\/articles\/new-tf1-sigma-mini-filter\/\" >\n\t\t\t\tM\u00e1lo m\u00edsta? \u017d\u00e1dn\u00fd probl\u00e9m. Fernox p\u0159id\u00e1v\u00e1 do sv\u00e9ho produktov\u00e9ho portfolia nov\u00fd filtr.\t\t\t<\/a>\n\t\t<\/h3>\n\t\t\t\t<div class=\"elementor-post__meta-data\">\n\t\t\t\t\t<span class=\"elementor-post-date\">\n\t\t\tJune 10, 2024\t\t<\/span>\n\t\t\t\t<\/div>\n\t\t\t\t<div class=\"elementor-post__excerpt\">\n\t\t\t<p>Expert pro \u00fapravu vody, Fernox, p\u0159in\u00e1\u0161\u00ed na trh nov\u00fd uzav\u0159en\u00fd a ultrakompaktn\u00ed TF1Sigma Mini, kter\u00fd poskytuje praktick\u00e9 \u0159e\u0161en\u00ed filtru pro syst\u00e9my s men\u0161\u00edm objemem a<\/p>\n\t\t<\/div>\n\t\t\n\t\t<a class=\"elementor-post__read-more\" href=\"https:\/\/fernox.com\/cz\/blog\/articles\/new-tf1-sigma-mini-filter\/\" aria-label=\"Read more about M\u00e1lo m\u00edsta? \u017d\u00e1dn\u00fd probl\u00e9m. Fernox p\u0159id\u00e1v\u00e1 do sv\u00e9ho produktov\u00e9ho portfolia nov\u00fd filtr.\" tabindex=\"-1\" >\n\t\t\tP\u0159e\u010dt\u011bte si v\u00edce \u00bb\t\t<\/a>\n\n\t\t\t\t<\/div>\n\t\t\t\t<\/article>\n\t\t\t\t<article class=\"elementor-post elementor-grid-item post-36985 post type-post status-publish format-standard has-post-thumbnail hentry category-articles category-news-press\" role=\"listitem\">\n\t\t\t\t<a class=\"elementor-post__thumbnail__link\" href=\"https:\/\/fernox.com\/cz\/blog\/articles\/60-vyroci\/\" tabindex=\"-1\" >\n\t\t\t<div class=\"elementor-post__thumbnail\"><img decoding=\"async\" width=\"300\" height=\"225\" src=\"https:\/\/fernox.com\/cz\/wp-content\/uploads\/sites\/12\/2024\/02\/Fernox-60th-Anniversary-300x225.jpg\" class=\"attachment-medium size-medium wp-image-36988\" alt=\"\" srcset=\"https:\/\/fernox.com\/cz\/wp-content\/uploads\/sites\/12\/2024\/02\/Fernox-60th-Anniversary-300x225.jpg 300w, https:\/\/fernox.com\/cz\/wp-content\/uploads\/sites\/12\/2024\/02\/Fernox-60th-Anniversary-1024x768.jpg 1024w, https:\/\/fernox.com\/cz\/wp-content\/uploads\/sites\/12\/2024\/02\/Fernox-60th-Anniversary-768x576.jpg 768w, https:\/\/fernox.com\/cz\/wp-content\/uploads\/sites\/12\/2024\/02\/Fernox-60th-Anniversary-1536x1151.jpg 1536w, https:\/\/fernox.com\/cz\/wp-content\/uploads\/sites\/12\/2024\/02\/Fernox-60th-Anniversary-2048x1535.jpg 2048w, https:\/\/fernox.com\/cz\/wp-content\/uploads\/sites\/12\/2024\/02\/Fernox-60th-Anniversary-600x450.jpg 600w\" sizes=\"(max-width: 300px) 100vw, 300px\" \/><\/div>\n\t\t<\/a>\n\t\t\t\t<div class=\"elementor-post__text\">\n\t\t\t\t<h3 class=\"elementor-post__title\">\n\t\t\t<a href=\"https:\/\/fernox.com\/cz\/blog\/articles\/60-vyroci\/\" >\n\t\t\t\t60 LET A TO JE JEN ZA\u010c\u00c1TEK\t\t\t<\/a>\n\t\t<\/h3>\n\t\t\t\t<div class=\"elementor-post__meta-data\">\n\t\t\t\t\t<span class=\"elementor-post-date\">\n\t\t\tFebruary 14, 2024\t\t<\/span>\n\t\t\t\t<\/div>\n\t\t\t\t<div class=\"elementor-post__excerpt\">\n\t\t\t<p>Fernox slav\u00ed v roce 2024 60 let od sv\u00e9ho zalo\u017een\u00ed.&nbsp; Jako prvn\u00ed spole\u010dnost na sv\u011bt\u011b zab\u00fdvaj\u00edc\u00ed se chemickou \u00fapravou vody byla spole\u010dnost Fernox v posledn\u00edch<\/p>\n\t\t<\/div>\n\t\t\n\t\t<a class=\"elementor-post__read-more\" href=\"https:\/\/fernox.com\/cz\/blog\/articles\/60-vyroci\/\" aria-label=\"Read more about 60 LET A TO JE JEN ZA\u010c\u00c1TEK\" tabindex=\"-1\" >\n\t\t\tP\u0159e\u010dt\u011bte si v\u00edce \u00bb\t\t<\/a>\n\n\t\t\t\t<\/div>\n\t\t\t\t<\/article>\n\t\t\t\t<article class=\"elementor-post elementor-grid-item post-26280 post type-post status-publish format-standard hentry category-articles category-news-press\" role=\"listitem\">\n\t\t\t\t<div class=\"elementor-post__text\">\n\t\t\t\t<h3 class=\"elementor-post__title\">\n\t\t\t<a href=\"https:\/\/fernox.com\/cz\/blog\/articles\/inovativni-utesneny-kompozitni-polymerovy-filtr-tf1-sigma-filtr-z-fernox\/\" >\n\t\t\t\tInovativn\u00ed, ut\u011bsn\u011bn\u00fd kompozitn\u00ed polymerov\u00fd filtr &#8211; TF1 Sigma filtr z Fernox\t\t\t<\/a>\n\t\t<\/h3>\n\t\t\t\t<div class=\"elementor-post__meta-data\">\n\t\t\t\t\t<span class=\"elementor-post-date\">\n\t\t\tDecember 13, 2021\t\t<\/span>\n\t\t\t\t<\/div>\n\t\t\t\t<div class=\"elementor-post__excerpt\">\n\t\t\t<p>L\u00eddr v oblasti produkt\u016f pro \u00fapravu vody, spole\u010dnost Fernox, p\u0159ich\u00e1z\u00ed na trh s nab\u00eddkou nejnov\u011bj\u0161\u00ed edice filtr\u016f pro topn\u00fd syst\u00e9m &#8211; TF1 Sigma Filter. P\u0159esn\u011b<\/p>\n\t\t<\/div>\n\t\t\n\t\t<a class=\"elementor-post__read-more\" href=\"https:\/\/fernox.com\/cz\/blog\/articles\/inovativni-utesneny-kompozitni-polymerovy-filtr-tf1-sigma-filtr-z-fernox\/\" aria-label=\"Read more about Inovativn\u00ed, ut\u011bsn\u011bn\u00fd kompozitn\u00ed polymerov\u00fd filtr &#8211; TF1 Sigma filtr z Fernox\" tabindex=\"-1\" >\n\t\t\tP\u0159e\u010dt\u011bte si v\u00edce \u00bb\t\t<\/a>\n\n\t\t\t\t<\/div>\n\t\t\t\t<\/article>\n\t\t\t\t<\/div>\n\t\t\n\t\t\t\t\t\t<\/div>\n\t\t\t\t<\/div>\n\t\t\t\t\t<\/div>\n\t\t<\/div>\n\t\t\t\t\t<\/div>\n\t\t<\/section>\n\t\t\t\t<\/div>\n\t\t","protected":false},"excerpt":{"rendered":"","protected":false},"author":1,"featured_media":0,"parent":0,"menu_order":0,"comment_status":"closed","ping_status":"closed","template":"","meta":{"_acf_changed":false,"footnotes":""},"class_list":["post-3096","page","type-page","status-publish","hentry"],"acf":[],"_links":{"self":[{"href":"https:\/\/fernox.com\/cz\/wp-json\/wp\/v2\/pages\/3096","targetHints":{"allow":["GET"]}}],"collection":[{"href":"https:\/\/fernox.com\/cz\/wp-json\/wp\/v2\/pages"}],"about":[{"href":"https:\/\/fernox.com\/cz\/wp-json\/wp\/v2\/types\/page"}],"author":[{"embeddable":true,"href":"https:\/\/fernox.com\/cz\/wp-json\/wp\/v2\/users\/1"}],"replies":[{"embeddable":true,"href":"https:\/\/fernox.com\/cz\/wp-json\/wp\/v2\/comments?post=3096"}],"version-history":[{"count":0,"href":"https:\/\/fernox.com\/cz\/wp-json\/wp\/v2\/pages\/3096\/revisions"}],"wp:attachment":[{"href":"https:\/\/fernox.com\/cz\/wp-json\/wp\/v2\/media?parent=3096"}],"curies":[{"name":"wp","href":"https:\/\/api.w.org\/{rel}","templated":true}]}}