{"id":23,"date":"2020-11-15T17:45:49","date_gmt":"2020-11-15T17:45:49","guid":{"rendered":"https:\/\/fxdevelopment.co.uk\/uk\/shop\/"},"modified":"2026-03-10T16:52:52","modified_gmt":"2026-03-10T15:52:52","slug":"products","status":"publish","type":"page","link":"https:\/\/fernox.com\/cz\/products\/","title":{"rendered":"Produkty"},"content":{"rendered":"\t\t<div data-elementor-type=\"wp-page\" data-elementor-id=\"23\" class=\"elementor elementor-23\" data-elementor-post-type=\"page\">\n\t\t\t\t<div class=\"elementor-element elementor-element-7dbc6f7 e-flex e-con-boxed e-con e-parent\" data-id=\"7dbc6f7\" data-element_type=\"container\" data-e-type=\"container\">\n\t\t\t\t\t<div class=\"e-con-inner\">\n\t\t\t\t<div class=\"elementor-element elementor-element-5f1a01c elementor-product-loop-item--align-center elementor-grid-4 elementor-grid-tablet-3 elementor-grid-mobile-2 elementor-products-grid elementor-wc-products elementor-widget elementor-widget-wc-categories\" data-id=\"5f1a01c\" data-element_type=\"widget\" data-e-type=\"widget\" data-widget_type=\"wc-categories.default\">\n\t\t\t\t<div class=\"elementor-widget-container\">\n\t\t\t\t\t<div class=\"woocommerce columns-4\"><ul class=\"products elementor-grid columns-4\">\n<li class=\"product-category product first\">\n\t<a aria-label=\"Visit product category Za\u0159\u00edzen\u00ed\" href=\"https:\/\/fernox.com\/cz\/product-category\/equipment\/\"><img fetchpriority=\"high\" decoding=\"async\" src=\"https:\/\/fernox.com\/cz\/wp-content\/uploads\/sites\/12\/2021\/02\/Equipment-1-300x300.jpg\" alt=\"Za\u0159\u00edzen\u00ed\" width=\"300\" height=\"300\" srcset=\"https:\/\/fernox.com\/cz\/wp-content\/uploads\/sites\/12\/2021\/02\/Equipment-1-300x300.jpg 300w, https:\/\/fernox.com\/cz\/wp-content\/uploads\/sites\/12\/2021\/02\/Equipment-1-150x150.jpg 150w, https:\/\/fernox.com\/cz\/wp-content\/uploads\/sites\/12\/2021\/02\/Equipment-1-100x100.jpg 100w, https:\/\/fernox.com\/cz\/wp-content\/uploads\/sites\/12\/2021\/02\/Equipment-1.jpg 350w\" sizes=\"(max-width: 300px) 100vw, 300px\" \/>\t\t<h2 class=\"woocommerce-loop-category__title\">\n\t\t\tZa\u0159\u00edzen\u00ed <mark class=\"count\">(2)<\/mark>\t\t<\/h2>\n\t\t<\/a><\/li>\n<li class=\"product-category product\">\n\t<a aria-label=\"Visit product category Ut\u011bs\u0148ova\u010de\" href=\"https:\/\/fernox.com\/cz\/product-category\/leak-sealers\/\"><img decoding=\"async\" src=\"https:\/\/fernox.com\/cz\/wp-content\/uploads\/sites\/12\/2021\/02\/56603-Leak-Sealer-F4-500ml-300x300.jpg\" alt=\"Ut\u011bs\u0148ova\u010de\" width=\"300\" height=\"300\" srcset=\"https:\/\/fernox.com\/cz\/wp-content\/uploads\/sites\/12\/2021\/02\/56603-Leak-Sealer-F4-500ml-300x300.jpg 300w, https:\/\/fernox.com\/cz\/wp-content\/uploads\/sites\/12\/2021\/02\/56603-Leak-Sealer-F4-500ml-150x150.jpg 150w, https:\/\/fernox.com\/cz\/wp-content\/uploads\/sites\/12\/2021\/02\/56603-Leak-Sealer-F4-500ml-100x100.jpg 100w, https:\/\/fernox.com\/cz\/wp-content\/uploads\/sites\/12\/2021\/02\/56603-Leak-Sealer-F4-500ml.jpg 600w\" sizes=\"(max-width: 300px) 100vw, 300px\" \/>\t\t<h2 class=\"woocommerce-loop-category__title\">\n\t\t\tUt\u011bs\u0148ova\u010de <mark class=\"count\">(3)<\/mark>\t\t<\/h2>\n\t\t<\/a><\/li>\n<li class=\"product-category product\">\n\t<a aria-label=\"Visit product category Testovac\u00ed sady\" href=\"https:\/\/fernox.com\/cz\/product-category\/test-kits\/\"><img decoding=\"async\" src=\"https:\/\/fernox.com\/cz\/wp-content\/uploads\/sites\/12\/2021\/02\/US-Universal-Test-kit-1-1-300x300.png\" alt=\"Testovac\u00ed sady\" width=\"300\" height=\"300\" srcset=\"https:\/\/fernox.com\/cz\/wp-content\/uploads\/sites\/12\/2021\/02\/US-Universal-Test-kit-1-1-300x300.png 300w, https:\/\/fernox.com\/cz\/wp-content\/uploads\/sites\/12\/2021\/02\/US-Universal-Test-kit-1-1-150x150.png 150w, https:\/\/fernox.com\/cz\/wp-content\/uploads\/sites\/12\/2021\/02\/US-Universal-Test-kit-1-1-100x100.png 100w, https:\/\/fernox.com\/cz\/wp-content\/uploads\/sites\/12\/2021\/02\/US-Universal-Test-kit-1-1.png 350w\" sizes=\"(max-width: 300px) 100vw, 300px\" \/>\t\t<h2 class=\"woocommerce-loop-category__title\">\n\t\t\tTestovac\u00ed sady <mark class=\"count\">(4)<\/mark>\t\t<\/h2>\n\t\t<\/a><\/li>\n<li class=\"product-category product last\">\n\t<a aria-label=\"Visit product category Opravn\u00e9 prost\u0159edky na vodn\u00ed k\u00e1men\" href=\"https:\/\/fernox.com\/cz\/product-category\/limescale-remedies\/\"><img loading=\"lazy\" decoding=\"async\" src=\"https:\/\/fernox.com\/cz\/wp-content\/uploads\/sites\/12\/2021\/02\/Limescale-Remedies-1-300x300.jpg\" alt=\"Opravn\u00e9 prost\u0159edky na vodn\u00ed k\u00e1men\" width=\"300\" height=\"300\" srcset=\"https:\/\/fernox.com\/cz\/wp-content\/uploads\/sites\/12\/2021\/02\/Limescale-Remedies-1-300x300.jpg 300w, https:\/\/fernox.com\/cz\/wp-content\/uploads\/sites\/12\/2021\/02\/Limescale-Remedies-1-150x150.jpg 150w, https:\/\/fernox.com\/cz\/wp-content\/uploads\/sites\/12\/2021\/02\/Limescale-Remedies-1-100x100.jpg 100w, https:\/\/fernox.com\/cz\/wp-content\/uploads\/sites\/12\/2021\/02\/Limescale-Remedies-1.jpg 350w\" sizes=\"(max-width: 300px) 100vw, 300px\" \/>\t\t<h2 class=\"woocommerce-loop-category__title\">\n\t\t\tOpravn\u00e9 prost\u0159edky na vodn\u00ed k\u00e1men <mark class=\"count\">(1)<\/mark>\t\t<\/h2>\n\t\t<\/a><\/li>\n<li class=\"product-category product first\">\n\t<a aria-label=\"Visit product category Obnoviteln\u00e9 technologie\" href=\"https:\/\/fernox.com\/cz\/product-category\/renewable-technologies\/\"><img loading=\"lazy\" decoding=\"async\" src=\"https:\/\/fernox.com\/cz\/wp-content\/uploads\/sites\/12\/2021\/02\/Renewable-Treatments-1-300x300.jpg\" alt=\"Obnoviteln\u00e9 technologie\" width=\"300\" height=\"300\" srcset=\"https:\/\/fernox.com\/cz\/wp-content\/uploads\/sites\/12\/2021\/02\/Renewable-Treatments-1-300x300.jpg 300w, https:\/\/fernox.com\/cz\/wp-content\/uploads\/sites\/12\/2021\/02\/Renewable-Treatments-1-150x150.jpg 150w, https:\/\/fernox.com\/cz\/wp-content\/uploads\/sites\/12\/2021\/02\/Renewable-Treatments-1-100x100.jpg 100w, https:\/\/fernox.com\/cz\/wp-content\/uploads\/sites\/12\/2021\/02\/Renewable-Treatments-1.jpg 350w\" sizes=\"(max-width: 300px) 100vw, 300px\" \/>\t\t<h2 class=\"woocommerce-loop-category__title\">\n\t\t\tObnoviteln\u00e9 technologie <mark class=\"count\">(10)<\/mark>\t\t<\/h2>\n\t\t<\/a><\/li>\n<li class=\"product-category product\">\n\t<a aria-label=\"Visit product category Komer\u010dn\u00ed sortiment\" href=\"https:\/\/fernox.com\/cz\/product-category\/commercial-range\/\"><img loading=\"lazy\" decoding=\"async\" src=\"https:\/\/fernox.com\/cz\/wp-content\/uploads\/sites\/12\/2021\/02\/Commercial-Range-1-300x300.jpg\" alt=\"Komer\u010dn\u00ed sortiment\" width=\"300\" height=\"300\" srcset=\"https:\/\/fernox.com\/cz\/wp-content\/uploads\/sites\/12\/2021\/02\/Commercial-Range-1-300x300.jpg 300w, https:\/\/fernox.com\/cz\/wp-content\/uploads\/sites\/12\/2021\/02\/Commercial-Range-1-150x150.jpg 150w, https:\/\/fernox.com\/cz\/wp-content\/uploads\/sites\/12\/2021\/02\/Commercial-Range-1-100x100.jpg 100w, https:\/\/fernox.com\/cz\/wp-content\/uploads\/sites\/12\/2021\/02\/Commercial-Range-1.jpg 350w\" sizes=\"(max-width: 300px) 100vw, 300px\" \/>\t\t<h2 class=\"woocommerce-loop-category__title\">\n\t\t\tKomer\u010dn\u00ed sortiment <mark class=\"count\">(7)<\/mark>\t\t<\/h2>\n\t\t<\/a><\/li>\n<li class=\"product-category product\">\n\t<a aria-label=\"Visit product category Inhibitory a protektory\" href=\"https:\/\/fernox.com\/cz\/product-category\/inhibitors-protectors\/\"><img loading=\"lazy\" decoding=\"async\" src=\"https:\/\/fernox.com\/cz\/wp-content\/uploads\/sites\/12\/2021\/02\/Inhibitors-1-300x300.jpg\" alt=\"Inhibitory a protektory\" width=\"300\" height=\"300\" srcset=\"https:\/\/fernox.com\/cz\/wp-content\/uploads\/sites\/12\/2021\/02\/Inhibitors-1-300x300.jpg 300w, https:\/\/fernox.com\/cz\/wp-content\/uploads\/sites\/12\/2021\/02\/Inhibitors-1-150x150.jpg 150w, https:\/\/fernox.com\/cz\/wp-content\/uploads\/sites\/12\/2021\/02\/Inhibitors-1-100x100.jpg 100w, https:\/\/fernox.com\/cz\/wp-content\/uploads\/sites\/12\/2021\/02\/Inhibitors-1.jpg 350w\" sizes=\"(max-width: 300px) 100vw, 300px\" \/>\t\t<h2 class=\"woocommerce-loop-category__title\">\n\t\t\tInhibitory a protektory <mark class=\"count\">(10)<\/mark>\t\t<\/h2>\n\t\t<\/a><\/li>\n<li class=\"product-category product last\">\n\t<a aria-label=\"Visit product category Filtry\" href=\"https:\/\/fernox.com\/cz\/product-category\/filters\/\"><img loading=\"lazy\" decoding=\"async\" src=\"https:\/\/fernox.com\/cz\/wp-content\/uploads\/sites\/12\/2021\/02\/Filter-1-300x300.jpg\" alt=\"Filtry\" width=\"300\" height=\"300\" srcset=\"https:\/\/fernox.com\/cz\/wp-content\/uploads\/sites\/12\/2021\/02\/Filter-1-300x300.jpg 300w, https:\/\/fernox.com\/cz\/wp-content\/uploads\/sites\/12\/2021\/02\/Filter-1-150x150.jpg 150w, https:\/\/fernox.com\/cz\/wp-content\/uploads\/sites\/12\/2021\/02\/Filter-1-100x100.jpg 100w, https:\/\/fernox.com\/cz\/wp-content\/uploads\/sites\/12\/2021\/02\/Filter-1.jpg 350w\" sizes=\"(max-width: 300px) 100vw, 300px\" \/>\t\t<h2 class=\"woocommerce-loop-category__title\">\n\t\t\tFiltry <mark class=\"count\">(12)<\/mark>\t\t<\/h2>\n\t\t<\/a><\/li>\n<li class=\"product-category product first\">\n\t<a aria-label=\"Visit product category Filtra\u010dn\u00ed sady\" href=\"https:\/\/fernox.com\/cz\/product-category\/filter-packs\/\"><img loading=\"lazy\" decoding=\"async\" src=\"https:\/\/fernox.com\/cz\/wp-content\/uploads\/sites\/12\/2021\/02\/Filter-Packs-300x300.jpg\" alt=\"Filtra\u010dn\u00ed sady\" width=\"300\" height=\"300\" srcset=\"https:\/\/fernox.com\/cz\/wp-content\/uploads\/sites\/12\/2021\/02\/Filter-Packs-300x300.jpg 300w, https:\/\/fernox.com\/cz\/wp-content\/uploads\/sites\/12\/2021\/02\/Filter-Packs-150x150.jpg 150w, https:\/\/fernox.com\/cz\/wp-content\/uploads\/sites\/12\/2021\/02\/Filter-Packs-100x100.jpg 100w, https:\/\/fernox.com\/cz\/wp-content\/uploads\/sites\/12\/2021\/02\/Filter-Packs.jpg 350w\" sizes=\"(max-width: 300px) 100vw, 300px\" \/>\t\t<h2 class=\"woocommerce-loop-category__title\">\n\t\t\tFiltra\u010dn\u00ed sady <mark class=\"count\">(2)<\/mark>\t\t<\/h2>\n\t\t<\/a><\/li>\n<li class=\"product-category product\">\n\t<a aria-label=\"Visit product category \u010cisti\u010de\" href=\"https:\/\/fernox.com\/cz\/product-category\/cleaners\/\"><img loading=\"lazy\" decoding=\"async\" src=\"https:\/\/fernox.com\/cz\/wp-content\/uploads\/sites\/12\/2021\/02\/Cleaners-1-300x300.jpg\" alt=\"\u010cisti\u010de\" width=\"300\" height=\"300\" srcset=\"https:\/\/fernox.com\/cz\/wp-content\/uploads\/sites\/12\/2021\/02\/Cleaners-1-300x300.jpg 300w, https:\/\/fernox.com\/cz\/wp-content\/uploads\/sites\/12\/2021\/02\/Cleaners-1-150x150.jpg 150w, https:\/\/fernox.com\/cz\/wp-content\/uploads\/sites\/12\/2021\/02\/Cleaners-1-100x100.jpg 100w, https:\/\/fernox.com\/cz\/wp-content\/uploads\/sites\/12\/2021\/02\/Cleaners-1.jpg 350w\" sizes=\"(max-width: 300px) 100vw, 300px\" \/>\t\t<h2 class=\"woocommerce-loop-category__title\">\n\t\t\t\u010cisti\u010de <mark class=\"count\">(7)<\/mark>\t\t<\/h2>\n\t\t<\/a><\/li>\n<li class=\"product-category product\">\n\t<a aria-label=\"Visit product category Bakteri\u00e1ln\u00ed kontrola\" href=\"https:\/\/fernox.com\/cz\/product-category\/bacterial-control\/\"><img loading=\"lazy\" decoding=\"async\" src=\"https:\/\/fernox.com\/cz\/wp-content\/uploads\/sites\/12\/woocommerce-placeholder.png\" alt=\"Bakteri\u00e1ln\u00ed kontrola\" width=\"300\" height=\"300\" \/>\t\t<h2 class=\"woocommerce-loop-category__title\">\n\t\t\tBakteri\u00e1ln\u00ed kontrola <mark class=\"count\">(1)<\/mark>\t\t<\/h2>\n\t\t<\/a><\/li>\n<\/ul>\n<\/div>\t\t\t\t<\/div>\n\t\t\t\t<\/div>\n\t\t\t\t\t<\/div>\n\t\t\t\t<\/div>\n\t\t\t\t<\/div>\n\t\t","protected":false},"excerpt":{"rendered":"","protected":false},"author":1,"featured_media":0,"parent":0,"menu_order":0,"comment_status":"closed","ping_status":"closed","template":"","meta":{"_acf_changed":false,"footnotes":""},"class_list":["post-23","page","type-page","status-publish","hentry"],"acf":[],"_links":{"self":[{"href":"https:\/\/fernox.com\/cz\/wp-json\/wp\/v2\/pages\/23","targetHints":{"allow":["GET"]}}],"collection":[{"href":"https:\/\/fernox.com\/cz\/wp-json\/wp\/v2\/pages"}],"about":[{"href":"https:\/\/fernox.com\/cz\/wp-json\/wp\/v2\/types\/page"}],"author":[{"embeddable":true,"href":"https:\/\/fernox.com\/cz\/wp-json\/wp\/v2\/users\/1"}],"replies":[{"embeddable":true,"href":"https:\/\/fernox.com\/cz\/wp-json\/wp\/v2\/comments?post=23"}],"version-history":[{"count":0,"href":"https:\/\/fernox.com\/cz\/wp-json\/wp\/v2\/pages\/23\/revisions"}],"wp:attachment":[{"href":"https:\/\/fernox.com\/cz\/wp-json\/wp\/v2\/media?parent=23"}],"curies":[{"name":"wp","href":"https:\/\/api.w.org\/{rel}","templated":true}]}}